{"id":40981,"date":"2024-10-02T16:17:29","date_gmt":"2024-10-02T14:17:29","guid":{"rendered":"https:\/\/www.symaga.com\/rechtshinweis\/"},"modified":"2024-10-02T16:17:29","modified_gmt":"2024-10-02T14:17:29","slug":"rechtshinweis","status":"publish","type":"page","link":"https:\/\/www.symaga.com\/de\/rechtshinweis\/","title":{"rendered":"Rechtshinweis"},"content":{"rendered":"\t\t<div data-elementor-type=\"wp-page\" data-elementor-id=\"40981\" class=\"elementor elementor-40981 elementor-39410\" data-elementor-post-type=\"page\">\n\t\t\t\t<div class=\"elementor-element elementor-element-06b99c5 e-flex e-con-boxed e-con e-parent\" data-id=\"06b99c5\" data-element_type=\"container\">\n\t\t\t\t\t<div class=\"e-con-inner\">\n\t\t\t\t<div class=\"elementor-element elementor-element-533de9f elementor-widget elementor-widget-text-editor\" data-id=\"533de9f\" data-element_type=\"widget\" data-widget_type=\"text-editor.default\">\n\t\t\t\t<div class=\"elementor-widget-container\">\n\t\t\t\t\t\t\t\t\t<h2>Eigent\u00fcmer<\/h2>\n<p><strong>Symaga, S.A.U.\u00a0<\/strong>(im Folgenden der Eigent\u00fcmer der Website) CIF\/NIF: A13027487, ist der Eigent\u00fcmer der Domain\u00a0<a href=\"https:\/\/www.symaga.com\/\">www.symaga.com<\/a><strong>\u00a0<\/strong>und hat seine Adresse in Ctra. de Arenas Km. 2,300. Cod. Postal 13210. Villarta de San Juan. Ciudad Real. Spanien. Das Unternehmen ist im Handelsregister von Ciudad Real, Band 135, Folio 32, Seite 766 eingetragen.<\/p>\n<h2>Kontaktieren Sie uns:<\/h2>\n<p>Telefon: +34 926 640 475\u00a0<\/p>\n<p>E-Mail: <a href=\"mailto:symaga@symaga.com\">symaga@symaga.com<\/a><\/p>\n<p>Website: <a href=\"https:\/\/symaga.com\">https:\/\/symaga.com<\/a><\/p>\n<h2>Gegenstand<\/h2>\n<p>Dies sind die allgemeinen und gegebenenfalls besonderen Bedingungen f\u00fcr den Zugang<br \/>\nzu und die Nutzung der Website.<\/p>\n<p>Diese Website dient dazu, der \u00d6ffentlichkeit (im Folgenden \u201eNutzer\u201c), die auf die Domain (im Folgenden \u201eWebsite\u201c) zugreift, Informationen, Daten, Produkte und Dienstleistungen (im Folgenden \u201eInhalte\u201c) zur Verf\u00fcgung zu stellen.<\/p>\n<h2>Zugang<\/h2>\n<p>Die Person, die auf die Website zugreift, erwirbt die Eigenschaft eines Nutzers der Website. Dies setzt die Kenntnis und Annahme der allgemeinen Bedingungen und gegebenenfalls der besonderen Bedingungen f\u00fcr den Zugang und die Nutzung voraus. Wir empfehlen einen regelm\u00e4\u00dfigen Zugriff auf die Nutzungsbedingungen, um sich \u00fcber eventuelle \u00c4nderungen, Modifikationen und Aktualisierungen zu informieren.<\/p>\n<p>Die Website umfasst Texte, Grafiken, Bilder, Videos, T\u00f6ne, Zeichnungen, Fotografien und Software, unabh\u00e4ngig davon, ob sie Gegenstand von Rechten des geistigen Eigentums sind oder nicht.<\/p>\n<p>Der Zugang zur Website ist kostenlos, ohne vorherige Genehmigung, Abonnement oder Registrierung, au\u00dfer f\u00fcr bestimmte Inhalte und Dienstleistungen, f\u00fcr die ein Abonnement oder eine Registrierung durch den Nutzer erforderlich ist und die in den allgemeinen oder besonderen Bedingungen festgelegt sind.<\/p>\n<p>Die Dienstleistung wird f\u00fcr einen unbestimmten Zeitraum angeboten. Die Website verpflichtet sich, die Qualit\u00e4t und Richtigkeit der Inhalte und der Nutzung nach besten Kr\u00e4ften zu erhalten. Daraus ergibt sich jedoch keine Verpflichtung des Eigent\u00fcmers der Website in Bezug auf die Qualit\u00e4t, die Richtigkeit der Inhalte und die Geschwindigkeit<br \/>\ndes Zugangs. Der Eigent\u00fcmer beh\u00e4lt sich das Recht vor, die Zugangsbedingungen zu \u00e4ndern oder zu aktualisieren oder den Zugang zur Website oder zu einem Teil der Website ohne vorherige Ank\u00fcndigung auszusetzen.<\/p>\n<p>Die Nutzer, die auf die Website zugreifen, verpflichten sich, die Website und ihre Inhalte nicht in einer Weise zu nutzen, die im Widerspruch zu den festgelegten Bedingungen steht und\/oder zu Zwecken, die rechtswidrig sind, die Rechte und Freiheiten Dritter verletzen oder die Website zum Nachteil des Eigent\u00fcmers der Website oder von Drittnutzern besch\u00e4digen, verschlechtern, \u00fcberlasten oder verlangsamen k\u00f6nnen.<\/p>\n<h2>Rechte an geistigem Eigentum<\/h2>\n<p>Der Eigent\u00fcmer der Website ist Inhaber der gewerblichen und geistigen Eigentumsrechte sowie der darin enthaltenen Inhalte. Dazu geh\u00f6ren beispielsweise Informationen, Mitteilungen, Grafiken, Ton- und Bilddateien, Fotografien, Aufnahmen, Computerprogramme, Datenbanken, Know-how-Technologie, Marken, Kennzeichen, Logos und ganz allgemein jede Art von Sch\u00f6pfung oder zug\u00e4nglichem Material, das sein Eigentum ist, sowie die Website selbst.<\/p>\n<p>Die Website kann auch Zugang zu Inhalten, Dienstleistungen und Informationen bieten, die Eigentum Dritter sind, deren Rechte ebenfalls durch die geltende Gesetzgebung zum gewerblichen und geistigen Eigentum gesch\u00fctzt sind.<\/p>\n<h2>Inhalt<\/h2>\n<p>Der Zugriff auf die Inhalte durch den Nutzer erfolgt unter seiner vollen Verantwortung, und er haftet nicht f\u00fcr negative Folgen, die sich direkt oder indirekt aus dem Zugriff ergeben, sei es physisch, logisch, moralisch oder pers\u00f6nlich.<\/p>\n<p>Die Inhalte dienen der Information und der Bekanntmachung der angebotenen Aktivit\u00e4ten, Produkte und Dienstleistungen und sind nur zu Orientierungszwecken gedacht.<\/p>\n<p>Der Eigent\u00fcmer der Website kann die Inhalte \u00e4ndern, l\u00f6schen und innerhalb der Website \u00e4ndern, wie z.B. die Art und Weise, wie auf sie zugegriffen wird, um die Qualit\u00e4t zu verbessern oder Fehler zu korrigieren, wobei er stets versucht, die negativen Folgen, die diese \u00c4nderungen f\u00fcr die Nutzer haben k\u00f6nnen, zu minimieren.<\/p>\n<p>Jegliche Nutzung der Website oder ihrer Inhalte muss ausschlie\u00dflich privater Natur sein. Jede andere Nutzung, die das Kopieren, die Vervielf\u00e4ltigung, die Verbreitung, die Umwandlung, die \u00f6ffentliche Bekanntmachung oder eine andere \u00e4hnliche Handlung des gesamten oder eines Teils des Inhalts der Website sowie der Website selbst beinhaltet, ist dem Eigent\u00fcmer der Website vorbehalten, und daher darf kein Nutzer diese Handlungen ohne vorherige schriftliche Genehmigung des Eigent\u00fcmers der Website f\u00fcr andere Zwecke durchf\u00fchren.<\/p>\n<p>Es ist nicht gestattet, die Inhalte zu nutzen, um eigene oder fremde Werbung oder Informationen ohne Genehmigung des Eigent\u00fcmers der Website zu bewerben, in Auftrag zu geben oder zu verbreiten, noch Werbung oder Informationen unter Nutzung der den Nutzern zur Verf\u00fcgung gestellten Dienste oder Informationen zu versenden, unabh\u00e4ngig davon, ob die Nutzung kostenlos ist oder nicht.<\/p>\n<p>Die Links oder Hyperlinks, die Dritte in ihre Webseiten einbauen und die auf diese Website verweisen, dienen dazu, die gesamte Website und die Startseite (Home) zu \u00f6ffnen, ohne dass der Inhalt der Website sichtbar wird.<\/p>\n<p>Der Inhaber der Website \u00fcbt Kontrollmechanismen \u00fcber die Qualit\u00e4t der Links aus, die in die Website integriert sind, kann jedoch nicht f\u00fcr die Zuverl\u00e4ssigkeit und Geschwindigkeit dieser Links verantwortlich gemacht werden, garantiert weder die N\u00fctzlichkeit dieser Links, noch die Inhalte oder Dienstleistungen, auf die der Benutzer \u00fcber diese Links zugreifen kann, noch das ordnungsgem\u00e4\u00dfe Funktionieren der Websites Dritter.<\/p>\n<h2>Gerichtsstand<\/h2>\n<p>F\u00fcr alle Streitigkeiten, die sich aus der Nutzung der Website oder der diesen Bedingungen unterliegenden Inhalte ergeben k\u00f6nnten, verzichten die Parteien ausdr\u00fccklich auf jede andere Zust\u00e4ndigkeit und unterwerfen sich den zust\u00e4ndigen Gerichten und Tribunalen.<\/p>\n\t\t\t\t\t\t\t\t<\/div>\n\t\t\t\t<\/div>\n\t\t\t\t\t<\/div>\n\t\t\t\t<\/div>\n\t\t\t\t<\/div>\n\t\t","protected":false},"excerpt":{"rendered":"<p>Eigent\u00fcmer Symaga, S.A.U.\u00a0(im Folgenden der Eigent\u00fcmer der Website) CIF\/NIF: A13027487, ist der Eigent\u00fcmer der Domain\u00a0www.symaga.com\u00a0und hat seine Adresse in Ctra. de Arenas Km. 2,300. Cod. Postal 13210. Villarta de San Juan. Ciudad Real. Spanien. Das Unternehmen ist im Handelsregister von Ciudad Real, Band 135, Folio 32, Seite 766 eingetragen. Kontaktieren Sie uns: Telefon: +34 926 [&hellip;]<\/p>\n","protected":false},"author":1,"featured_media":0,"parent":0,"menu_order":0,"comment_status":"closed","ping_status":"closed","template":"","meta":{"footnotes":""},"class_list":["post-40981","page","type-page","status-publish","hentry"],"_links":{"self":[{"href":"https:\/\/www.symaga.com\/de\/wp-json\/wp\/v2\/pages\/40981","targetHints":{"allow":["GET"]}}],"collection":[{"href":"https:\/\/www.symaga.com\/de\/wp-json\/wp\/v2\/pages"}],"about":[{"href":"https:\/\/www.symaga.com\/de\/wp-json\/wp\/v2\/types\/page"}],"author":[{"embeddable":true,"href":"https:\/\/www.symaga.com\/de\/wp-json\/wp\/v2\/users\/1"}],"replies":[{"embeddable":true,"href":"https:\/\/www.symaga.com\/de\/wp-json\/wp\/v2\/comments?post=40981"}],"version-history":[{"count":1,"href":"https:\/\/www.symaga.com\/de\/wp-json\/wp\/v2\/pages\/40981\/revisions"}],"predecessor-version":[{"id":40982,"href":"https:\/\/www.symaga.com\/de\/wp-json\/wp\/v2\/pages\/40981\/revisions\/40982"}],"wp:attachment":[{"href":"https:\/\/www.symaga.com\/de\/wp-json\/wp\/v2\/media?parent=40981"}],"curies":[{"name":"wp","href":"https:\/\/api.w.org\/{rel}","templated":true}]}}