{"id":40987,"date":"2024-10-03T10:45:03","date_gmt":"2024-10-03T08:45:03","guid":{"rendered":"https:\/\/www.symaga.com\/politik-zum-datenschutz\/"},"modified":"2024-10-03T10:45:03","modified_gmt":"2024-10-03T08:45:03","slug":"politik-zum-datenschutz","status":"publish","type":"page","link":"https:\/\/www.symaga.com\/de\/politik-zum-datenschutz\/","title":{"rendered":"Politik zum Datenschutz"},"content":{"rendered":"\t\t<div data-elementor-type=\"wp-page\" data-elementor-id=\"40987\" class=\"elementor elementor-40987 elementor-39415\" data-elementor-post-type=\"page\">\n\t\t\t\t<div class=\"elementor-element elementor-element-b71803a e-flex e-con-boxed e-con e-parent\" data-id=\"b71803a\" data-element_type=\"container\">\n\t\t\t\t\t<div class=\"e-con-inner\">\n\t\t\t\t<div class=\"elementor-element elementor-element-b4a214f elementor-widget elementor-widget-text-editor\" data-id=\"b4a214f\" data-element_type=\"widget\" data-widget_type=\"text-editor.default\">\n\t\t\t\t<div class=\"elementor-widget-container\">\n\t\t\t\t\t\t\t\t\t<p>Die pers\u00f6nlichen Daten, die Sie uns anvertrauen, sind f\u00fcr uns sehr wichtig. Deshalb m\u00f6chten wir Sie dar\u00fcber informieren, wie wir mit Ihren pers\u00f6nlichen Daten umgehen.<\/p>\n<p>\u00a0<\/p>\n<h2>Wer ist der f\u00fcr die Datenverarbeitung Verantwortliche?<\/h2>\n<p><strong>Symaga, S.A.U.\u00a0<\/strong><\/p>\n<p>CIF\/NIF: A13027487<\/p>\n<p>Ctra. de Arenas Km. 2,300.<\/p>\n<p>Postleitzahl 13210. Villarta de San Juan.<\/p>\n<p>Ciudad Real. Spanien.<\/p>\n<p><strong>Kontaktieren Sie uns:<\/strong><\/p>\n<p>Telefon: +34 926 640 475\u00a0<\/p>\n<p>E-mail: <a href=\"mailto:symaga@symaga.com\">symaga@symaga.com<\/a><\/p>\n<p>Website: <a href=\"https:\/\/symaga.com\">https:\/\/symaga.com<\/a><\/p>\n<p>\u00a0<\/p>\n<h2>Zu welchen Zwecken verarbeiten wir Ihre Daten?<\/h2>\n<ul>\n<li>Um Anfragen oder jede Art von Anfrage zu bearbeiten, die der Nutzer \u00fcber eines der ihm zur Verf\u00fcgung gestellten Kontaktformulare an uns richten kann. Um Ihnen angeforderten Informationen oder Unterlagen. In jedem Fall werden die Zwecke mit den verwendeten Kommunikationsmitteln und der gestellten Anfrage in Zusammenhang<br \/>\nstehen.<\/li>\n<li>Zur Erf\u00fcllung der Gesch\u00e4ftsbeziehung<\/li>\n<li>Zur Zusendung von kommerziellen Informationen \u00fcber Dienstleistungen, die f\u00fcr den Benutzer von Interesse sind und mit unserer T\u00e4tigkeit in Zusammenhang stehen, sofern der Benutzer zustimmt und bis der Benutzer die erteilte Zustimmung widerruft.<\/li>\n<li>Um den uns betreffenden gesetzlichen Verpflichtungen nachzukommen.<\/li>\n<li>Zur Verwaltung des Abonnements von Newslettern, Blogs usw., falls zutreffend.<\/li>\n<li>im Falle von Lebensl\u00e4ufen, die wir erhalten, um die Auswahl von Bewerbern f\u00fcr die Besetzung von Stellen vorzunehmen. Die Folge des Erhalts der mitgeteilten personenbezogenen Daten ist die Teilnahme an Auswahlverfahren zur Besetzung von Stellen.<\/li>\n<\/ul>\n<p>\u00a0<\/p>\n<h2>Welche Bedingungen oder Kriterien gelten f\u00fcr die Aufbewahrung der Daten?<\/h2>\n<p>Die \u00fcbermittelten Daten werden so lange aufbewahrt, wie es f\u00fcr die Erf\u00fcllung der Zwecke, f\u00fcr die sie erhoben wurden, erforderlich ist, oder so lange der Betroffene nicht ihre L\u00f6schung verlangt, sowie so lange, wie es f\u00fcr die Erf\u00fcllung der gesetzlichen Verpflichtungen und die Aufrechterhaltung der eingegangenen Beziehung erforderlich ist.<\/p>\n<p>Die eingegangenen Lebensl\u00e4ufe werden f\u00fcr k\u00fcnftige Auswahlverfahren f\u00fcr Stellen, die dem beruflichen Profil des Bewerbers entsprechen, aufbewahrt, es sei denn, Sie \u00e4u\u00dfern den Wunsch, dass Ihre Daten nicht f\u00fcr den letztgenannten Zweck aufbewahrt werden; in diesem Fall werden sie auf Ihren Wunsch hin gel\u00f6scht.<\/p>\n<p>\u00a0<\/p>\n<h2>Welche Rechtm\u00e4\u00dfigkeit hat die Verarbeitung Ihrer Daten?<strong>\u00a0<\/strong><\/h2>\n<p>Wir verwenden Ihre Daten in \u00dcbereinstimmung mit den spanischen und europ\u00e4ischen Datenschutzbestimmungen und auf der Grundlage der folgenden Rechtsgrundlagen:<\/p>\n<ul>\n<li>Sie haben Ihr Einverst\u00e4ndnis zur Verarbeitung Ihrer personenbezogenen Daten erkl\u00e4rt. Diese Einwilligung kann jederzeit zur\u00fcckgezogen werden.<\/li>\n<li>Die Verarbeitung Ihrer Daten ist erforderlich, um einer gesetzlichen Verpflichtung nachzukommen.<\/li>\n<li>Die Verarbeitung Ihrer Daten ist f\u00fcr die Erbringung einer vertraglich vereinbarten Dienstleistung erforderlich.<\/li>\n<li>Die Verarbeitung Ihrer Daten erfolgt aufgrund eines berechtigten Interesses, sofern die Rechte und Freiheiten der betroffenen Person nicht \u00fcberwiegen.<\/li>\n<\/ul>\n<p>\u00a0<\/p>\n<h2>M\u00fcssen Sie uns Ihre personenbezogenen Daten zur Verf\u00fcgung stellen?<\/h2>\n<p>Wir weisen Sie darauf hin, dass die Erhebung Ihrer Daten freiwillig ist und dass die<br \/>\nNichtbereitstellung Ihrer Daten keine negativen Folgen nach sich zieht, mit Ausnahme der Daten, die als wesentlich erachtet werden (z. B. durch ein Sternchen in den Formularen f\u00fcr die Registrierung, die Kundenanmeldung, die Kontaktaufnahme oder das Abonnement des Newsletters) und ohne die wir Ihnen die gew\u00fcnschte Dienstleistung oder Information nicht zur Verf\u00fcgung stellen k\u00f6nnen. Solange Sie nichts anderes angeben, gehen wir davon aus, dass Sie mit der Verarbeitung dieser Daten einverstanden sind und dass sie auf dem neuesten Stand sind.<\/p>\n<p>Um Ihnen den besten Service bieten zu k\u00f6nnen, ist das Unternehmen auf die Richtigkeit und Aktualit\u00e4t der angegebenen Daten angewiesen. Bei Minderj\u00e4hrigen ist die vorherige Zustimmung der Eltern oder der gesetzlichen Vertreter zur Verarbeitung der personenbezogenen Daten erforderlich.<\/p>\n<p>\u00a0<\/p>\n<h2>An wen geben wir Ihre Daten weiter?<\/h2>\n<p>Es sind keine Mitteilungen vorgesehen, es sei denn, sie sind gesetzlich vorgeschrieben oder f\u00fcr die Erbringung der angeforderten Dienstleistung und\/oder Produkte erforderlich.<\/p>\n<p>\u00a0<\/p>\n<h2>Welche Sicherheit verwenden wir bei der Verarbeitung Ihrer Daten?<\/h2>\n<p>Die personenbezogenen Daten, die Sie uns zur Verf\u00fcgung stellen und deren Inhaber, Bevollm\u00e4chtigter oder gesetzlicher Vertreter Sie sind, werden in unsere Verwaltungsdatenbanken aufgenommen. Mit der Registrierung dieser Daten \u00fcbernehmen wir die Verantwortung f\u00fcr sie und wenden daher alle uns zur Verf\u00fcgung stehenden Mittel an, um sie auf rechtm\u00e4\u00dfige, loyale, transparente, angemessene und begrenzte Weise vertraulich zu behandeln und die erforderlichen Ma\u00dfnahmen zu ergreifen, um ihren Verlust, ihren Missbrauch, ihre \u00c4nderung oder ihren unbefugten Zugriff zu verhindern.<\/p>\n<p>Die Server der Website k\u00f6nnen automatisch die IP-Adresse und den Dom\u00e4nennamen des Nutzers ermitteln. Eine IP-Adresse ist eine Nummer, die einem Computer automatisch zugewiesen wird, wenn er sich mit dem Internet verbindet. Alle diese Informationen werden in einer Server-Aktivit\u00e4tsdatei gespeichert, die es erm\u00f6glicht, die Daten weiterzuverarbeiten, um rein statistische Messungen zu erhalten, die es erm\u00f6glichen, die Anzahl der Seitenaufrufe, die Anzahl der Besuche auf den Webservern, die Reihenfolge der Besuche, den Zugriffspunkt usw. zu ermitteln.<\/p>\n<p>\u00a0<\/p>\n<h2>Welche Rechte haben die betroffenen Personen?<\/h2>\n<p>Sie k\u00f6nnen jederzeit kostenlos eine Best\u00e4tigung dar\u00fcber verlangen, ob dieses Unternehmen sie betreffende personenbezogene Daten verarbeitet oder nicht.<\/p>\n<p>Sie k\u00f6nnen auf Ihre personenbezogenen Daten zugreifen, die Berichtigung unrichtiger oder unvollst\u00e4ndiger Daten verlangen und ihre L\u00f6schung beantragen, wenn sie u. a. f\u00fcr die Zwecke, f\u00fcr die sie erhoben wurden, nicht mehr erforderlich sind, ihre \u00dcbertragbarkeit beantragen, die Einschr\u00e4nkung ihrer Verarbeitung beantragen, wobei wir sie nur zur Geltendmachung oder Verteidigung von Anspr\u00fcchen aufbewahren werden.<\/p>\n<p>Unter bestimmten Umst\u00e4nden und aus Gr\u00fcnden, die sich aus ihrer besonderen Situation<br \/>\nergeben, k\u00f6nnen die betroffenen Personen der Verarbeitung ihrer Daten widersprechen. Das Unternehmen stellt dann die Verarbeitung der Daten ein, es sei denn, es liegen zwingende berechtigte Gr\u00fcnde vor oder sie dienen der Geltendmachung etwaiger Anspr\u00fcche. Auch gegen automatisierte Einzelentscheidungen k\u00f6nnen Sie gegebenenfalls Widerspruch einlegen. Um Ihre Rechte auszu\u00fcben, k\u00f6nnen Sie ein Schreiben an die auf der Website angegebene Kontaktadresse oder eine E-Mail senden und eine Fotokopie Ihres Personalausweises oder eines g\u00fcltigen Ausweisdokuments sowie Einzelheiten zu dem Antrag f\u00fcr das Recht, das Sie aus\u00fcben m\u00f6chten, beif\u00fcgen.<\/p>\n<p>Sie k\u00f6nnen weitere Informationen anfordern oder eine Beschwerde bei der spanischen<br \/>\nDatenschutzbeh\u00f6rde (aepd.es) einreichen, wenn Sie der Meinung sind, dass Ihre Rechte nicht ordnungsgem\u00e4\u00df wahrgenommen wurden. Sie k\u00f6nnen Ihre Einwilligung auch jederzeit widerrufen, ohne dass dadurch die Rechtm\u00e4\u00dfigkeit der Verarbeitung vor Ihrem Widerruf ber\u00fchrt wird.<\/p>\n\t\t\t\t\t\t\t\t<\/div>\n\t\t\t\t<\/div>\n\t\t\t\t\t<\/div>\n\t\t\t\t<\/div>\n\t\t\t\t<\/div>\n\t\t","protected":false},"excerpt":{"rendered":"<p>Die pers\u00f6nlichen Daten, die Sie uns anvertrauen, sind f\u00fcr uns sehr wichtig. Deshalb m\u00f6chten wir Sie dar\u00fcber informieren, wie wir mit Ihren pers\u00f6nlichen Daten umgehen. \u00a0 Wer ist der f\u00fcr die Datenverarbeitung Verantwortliche? Symaga, S.A.U.\u00a0 CIF\/NIF: A13027487 Ctra. de Arenas Km. 2,300. Postleitzahl 13210. Villarta de San Juan. Ciudad Real. Spanien. Kontaktieren Sie uns: Telefon: [&hellip;]<\/p>\n","protected":false},"author":1,"featured_media":0,"parent":0,"menu_order":0,"comment_status":"closed","ping_status":"closed","template":"","meta":{"footnotes":""},"class_list":["post-40987","page","type-page","status-publish","hentry"],"_links":{"self":[{"href":"https:\/\/www.symaga.com\/de\/wp-json\/wp\/v2\/pages\/40987","targetHints":{"allow":["GET"]}}],"collection":[{"href":"https:\/\/www.symaga.com\/de\/wp-json\/wp\/v2\/pages"}],"about":[{"href":"https:\/\/www.symaga.com\/de\/wp-json\/wp\/v2\/types\/page"}],"author":[{"embeddable":true,"href":"https:\/\/www.symaga.com\/de\/wp-json\/wp\/v2\/users\/1"}],"replies":[{"embeddable":true,"href":"https:\/\/www.symaga.com\/de\/wp-json\/wp\/v2\/comments?post=40987"}],"version-history":[{"count":1,"href":"https:\/\/www.symaga.com\/de\/wp-json\/wp\/v2\/pages\/40987\/revisions"}],"predecessor-version":[{"id":40988,"href":"https:\/\/www.symaga.com\/de\/wp-json\/wp\/v2\/pages\/40987\/revisions\/40988"}],"wp:attachment":[{"href":"https:\/\/www.symaga.com\/de\/wp-json\/wp\/v2\/media?parent=40987"}],"curies":[{"name":"wp","href":"https:\/\/api.w.org\/{rel}","templated":true}]}}