{"id":42106,"date":"2024-10-15T18:06:22","date_gmt":"2024-10-15T16:06:22","guid":{"rendered":"https:\/\/www.symaga.com\/symaga\/"},"modified":"2026-04-13T12:23:41","modified_gmt":"2026-04-13T11:23:41","slug":"symaga","status":"publish","type":"page","link":"https:\/\/www.symaga.com\/de\/symaga\/","title":{"rendered":"Symaga"},"content":{"rendered":"\t\t<div data-elementor-type=\"wp-page\" data-elementor-id=\"42106\" class=\"elementor elementor-42106 elementor-35623\" data-elementor-post-type=\"page\">\n\t\t\t\t<div class=\"elementor-element elementor-element-e71a20b e-con-full e-flex e-con e-parent\" data-id=\"e71a20b\" data-element_type=\"container\" data-settings=\"{&quot;background_background&quot;:&quot;classic&quot;,&quot;shape_divider_bottom&quot;:&quot;triangle-asymmetrical&quot;,&quot;shape_divider_bottom_negative&quot;:&quot;yes&quot;}\">\n\t\t\t\t<div class=\"elementor-shape elementor-shape-bottom\" aria-hidden=\"true\" data-negative=\"true\">\n\t\t\t<svg xmlns=\"http:\/\/www.w3.org\/2000\/svg\" viewBox=\"0 0 1000 100\" preserveAspectRatio=\"none\">\n\t<path class=\"elementor-shape-fill\" d=\"M737.9,94.7L0,0v100h1000V0L737.9,94.7z\"\/>\n<\/svg>\t\t<\/div>\n\t\t\t\t<\/div>\n\t\t<div class=\"elementor-element elementor-element-ad6fea7 e-con-full e-flex e-con e-parent\" data-id=\"ad6fea7\" data-element_type=\"container\" data-settings=\"{&quot;background_background&quot;:&quot;classic&quot;}\">\n\t\t<div class=\"elementor-element elementor-element-60588ab e-con-full e-flex e-con e-child\" data-id=\"60588ab\" data-element_type=\"container\">\n\t\t\t\t<div class=\"elementor-element elementor-element-9661442 elementor-view-default elementor-position-top elementor-mobile-position-top elementor-widget elementor-widget-icon-box\" data-id=\"9661442\" data-element_type=\"widget\" data-widget_type=\"icon-box.default\">\n\t\t\t\t<div class=\"elementor-widget-container\">\n\t\t\t\t\t\t\t<div class=\"elementor-icon-box-wrapper\">\n\n\t\t\t\t\t\t<div class=\"elementor-icon-box-icon\">\n\t\t\t\t<span  class=\"elementor-icon\">\n\t\t\t\t<svg xmlns=\"http:\/\/www.w3.org\/2000\/svg\" viewBox=\"0 0 67.1 68.9\"><g><g id=\"Capa_1\"><path d=\"M47.1,41.4v4h0v1.8h-17.4c-.3,0-.6.3-.6.6s.3.6.6.6h17.4v14.1c0,.6-.3,1.2-.7,1.6-.4.4-1,.7-1.6.7H10.6c-.6,0-1.2-.3-1.6-.7-.4-.4-.7-1-.7-1.6V19.8c0,0,0-.2,0-.3h0c0,0,0-.2.1-.2h0c.1-.2.3-.3.5-.4l20.2-10.2c0,0,.2.1.3.2h0l17.6,10.7h0v13.5h-17.4c-.3,0-.6.3-.6.6s.3.6.6.6h17.4v5.8\" fill=\"#9ba7bc\"><\/path><polygon points=\"39.8 10.5 58.2 21.9 58.2 64.6 57.2 66.8 55.9 67.3 21.9 67.3 19.6 66.8 18.4 65.5 18.4 22 19.6 20.8 39.8 10.5\" fill=\"#fff\"><\/polygon><path d=\"M57.6,21.9v13.4h-17.3c-.3,0-.6.3-.6.6s.3.6.6.6h17.3v5.8h-26.5c-.3,0-.6.3-.6.6s.3.6.6.6h26.5v4h0v1.8h-17.3c-.3,0-.6.3-.6.6s.3.6.6.6h17.3v6.4h-23.5c-.3,0-.6.3-.6.6s.3.6.6.6h23.5v6.4c0,.6-.3,1.2-.7,1.6-.4.4-1,.7-1.6.7H21.4c-.6,0-1.2-.3-1.6-.7-.4-.4-.7-1-.7-1.6V22.1c0,0,0-.2,0-.3h0c0,0,0-.2.1-.2h0c.1-.2.3-.3.5-.4l20-10.1c0,0,.2.1.3.1h0l17.5,10.6h0ZM39.3,10h0s-20,10.1-20,10.1h0c-.3.2-.5.4-.8.6h0s0,0,0,0c0,0,0,0,0,0h0c-.2.2-.3.4-.4.6,0,.2-.2.5-.2.7v42.4c0,1,.4,1.8,1,2.5.6.6,1.5,1,2.5,1h33.9c1,0,1.8-.4,2.5-1,.6-.6,1-1.5,1-2.5v-7h0v-10.1h0v-26s0,0,0,0c0,0,0,0,0,0,0,0,0,0,0,0,0,0,0,0,0,0,0,0,0,0,0,0,0,0,0,0,0,0,0,0,0,0,0,0,0,0,0,0,0,0,0,0,0,0,0,0,0,0,0,0,0,0,0,0,0,0,0,0,0,0,0,0,0,0l-17.8-10.8h0c0,0-.2,0-.2-.1,0,0-.3-.1-.6-.1s-.6,0-.6,0Z\" fill=\"#1b343f\"><\/path><\/g><metadata><\/metadata><\/g><metadata><\/metadata><\/svg>\t\t\t\t<\/span>\n\t\t\t<\/div>\n\t\t\t\n\t\t\t\t\t\t<div class=\"elementor-icon-box-content\">\n\n\t\t\t\t\t\t\t\t\t<h3 class=\"elementor-icon-box-title\">\n\t\t\t\t\t\t<span  >\n\t\t\t\t\t\t\t+ 18.000 Projekte\t\t\t\t\t\t<\/span>\n\t\t\t\t\t<\/h3>\n\t\t\t\t\n\t\t\t\t\t\t\t\t\t<p class=\"elementor-icon-box-description\">\n\t\t\t\t\t\t60 Millionen m<small><sup>3<\/sup><\/small> Lagerung\t\t\t\t\t<\/p>\n\t\t\t\t\n\t\t\t<\/div>\n\t\t\t\n\t\t<\/div>\n\t\t\t\t\t\t<\/div>\n\t\t\t\t<\/div>\n\t\t\t\t<\/div>\n\t\t<div class=\"elementor-element elementor-element-455d59e e-con-full e-flex e-con e-child\" data-id=\"455d59e\" data-element_type=\"container\">\n\t\t\t\t<div class=\"elementor-element elementor-element-4486e82 elementor-view-default elementor-position-top elementor-mobile-position-top elementor-widget elementor-widget-icon-box\" data-id=\"4486e82\" data-element_type=\"widget\" data-widget_type=\"icon-box.default\">\n\t\t\t\t<div class=\"elementor-widget-container\">\n\t\t\t\t\t\t\t<div class=\"elementor-icon-box-wrapper\">\n\n\t\t\t\t\t\t<div class=\"elementor-icon-box-icon\">\n\t\t\t\t<span  class=\"elementor-icon\">\n\t\t\t\t<svg xmlns=\"http:\/\/www.w3.org\/2000\/svg\" viewBox=\"0 0 67.1 68.9\"><g><g id=\"Capa_1\"><circle cx=\"33\" cy=\"39.3\" r=\"28.1\" transform=\"translate(-18.1 34.9) rotate(-45)\" fill=\"none\" stroke=\"#3d434b\" stroke-miterlimit=\"10\" stroke-width=\"1.3\"><\/circle><path d=\"M27,12.3c.2.9-.3,3.3.5,5.2,1,2.7,5.4,4.3,6,6.8.4,1.4,0,3-.8,4.2-1.4,2.3-4.1,2.6-6.6,4.5-2.6,1.7-3.7,5.2-6.8,6.1-1,.3-2.2.4-3,1-1.6,1.7,1.6,4,2.1,6.1.7,1.8-.5,4.4-2.5,3.3-1.5-.8-2.6-2.2-3.8-3.3-2.8-2.5-6.8-4.6-7.2-8.7.6-8.2,5.2-18.4,14.5-22.8,2.5-1.3,7.6-3.8,7.7-2.5h0Z\" fill=\"none\" stroke=\"#3d434b\" stroke-linecap=\"round\" stroke-linejoin=\"round\" stroke-width=\"1.3\"><\/path><path d=\"M54.1,35c-1.4,0-4,0-4.9,1.2-.7,1.1.3,2.7.4,3.8.4,1.7.1,2.6,1.3,3.5.5.4,1.2.8,1.8.9,1.8.6,3.7-1.5,4.8-2.4,1.3-1.6,1.1-4.5,1.3-6.5,0-1.3.6-2.2,1.3-3.7\" fill=\"none\" stroke=\"#3d434b\" stroke-linecap=\"round\" stroke-linejoin=\"round\" stroke-width=\"1.3\"><\/path><path d=\"M34.6,48c-2.4-2.2-10.3-4.1-11.2.6,0,2,1.8,3.8,2.7,5.5,1,1.9,1.5,3.8,2.7,5.7,3.7,6.4,7-1.3,10.2-3.7,1.4-1.2,2.6-3.5,1.7-5.2-.9-2-4.3-1.8-6.1-3h-.1Z\" fill=\"none\" stroke=\"#3d434b\" stroke-linecap=\"round\" stroke-linejoin=\"round\" stroke-width=\"1.3\"><\/path><path d=\"M53.2,19c-3.7,0-6.8,3-6.8,6.8s4.3,10.1,6.8,13.9c2.5-3.9,6.8-11.1,6.8-13.9s-3-6.8-6.8-6.8ZM53.2,27.7c-1.2,0-2.3-1-2.3-2.3s1-2.3,2.3-2.3,2.3,1,2.3,2.3-1,2.3-2.3,2.3Z\" fill=\"#9ba7bc\"><\/path><path d=\"M34.3,33.9c-3.7,0-6.8,3-6.8,6.8s4.3,10.1,6.8,13.9c2.5-3.9,6.8-11.1,6.8-13.9s-3-6.8-6.8-6.8ZM34.3,42.6c-1.2,0-2.3-1-2.3-2.3s1-2.3,2.3-2.3,2.3,1,2.3,2.3-1,2.3-2.3,2.3Z\" fill=\"#9ba7bc\"><\/path><path d=\"M15,10.2c-3.7,0-6.8,3-6.8,6.8s4.3,10.1,6.8,13.9c2.5-3.9,6.8-11.1,6.8-13.9s-3-6.8-6.8-6.8ZM15,18.9c-1.2,0-2.3-1-2.3-2.3s1-2.3,2.3-2.3,2.3,1,2.3,2.3-1,2.3-2.3,2.3Z\" fill=\"#9ba7bc\"><\/path><\/g><metadata><\/metadata><\/g><metadata><\/metadata><\/svg>\t\t\t\t<\/span>\n\t\t\t<\/div>\n\t\t\t\n\t\t\t\t\t\t<div class=\"elementor-icon-box-content\">\n\n\t\t\t\t\t\t\t\t\t<h3 class=\"elementor-icon-box-title\">\n\t\t\t\t\t\t<span  >\n\t\t\t\t\t\t\t154 L\u00e4nder\t\t\t\t\t\t<\/span>\n\t\t\t\t\t<\/h3>\n\t\t\t\t\n\t\t\t\t\t\t\t\t\t<p class=\"elementor-icon-box-description\">\n\t\t\t\t\t\tAuf f\u00fcnf Kontinenten vertreten\t\t\t\t\t<\/p>\n\t\t\t\t\n\t\t\t<\/div>\n\t\t\t\n\t\t<\/div>\n\t\t\t\t\t\t<\/div>\n\t\t\t\t<\/div>\n\t\t\t\t<\/div>\n\t\t<div class=\"elementor-element elementor-element-e45cdf8 e-con-full e-flex e-con e-child\" data-id=\"e45cdf8\" data-element_type=\"container\">\n\t\t\t\t<div class=\"elementor-element elementor-element-a859d63 elementor-view-default elementor-position-top elementor-mobile-position-top elementor-widget elementor-widget-icon-box\" data-id=\"a859d63\" data-element_type=\"widget\" data-widget_type=\"icon-box.default\">\n\t\t\t\t<div class=\"elementor-widget-container\">\n\t\t\t\t\t\t\t<div class=\"elementor-icon-box-wrapper\">\n\n\t\t\t\t\t\t<div class=\"elementor-icon-box-icon\">\n\t\t\t\t<span  class=\"elementor-icon\">\n\t\t\t\t<svg xmlns=\"http:\/\/www.w3.org\/2000\/svg\" viewBox=\"0 0 67.1 68.9\"><g><g id=\"Capa_1\"><polygon points=\"39.9 41.2 41.4 49.3 34.1 45.3 26.9 49.3 28.4 41.2 22.4 35.6 30.6 34.5 34.1 27 37.7 34.5 45.8 35.5 39.9 41.2\" fill=\"#9ba7bc\"><\/polygon><path d=\"M52.4,58.8h0c-2.5-.2-4.8,1.5-5.4,4h0c-.8,3.6-5.1,5.2-8.1,3h0c-2-1.5-4.8-1.3-6.6.4h0c-2.6,2.6-7.1,1.6-8.4-1.9h0c-.9-2.4-3.4-3.7-5.8-3.2h0c-3.6.8-6.8-2.5-6-6.1h0c.5-2.5-.8-5-3.2-5.9h0c-3.5-1.3-4.4-5.8-1.8-8.4h0c1.8-1.8,2-4.6.5-6.6h0c-2.2-3-.6-7.2,3-8h0c2.5-.5,4.2-2.8,4-5.3h0c-.2-3.7,3.4-6.4,6.9-5.1h0c2.4.9,5,0,6.3-2.3h0c1.8-3.2,6.3-3.5,8.6-.6h0c1.5,2,4.3,2.6,6.5,1.4h0c3.3-1.7,7.2.5,7.5,4.1h0c.2,2.5,2.2,4.5,4.7,4.7h0c3.7.3,5.8,4.3,4.1,7.5h0c-1.2,2.2-.6,5,1.4,6.5h0c2.9,2.2,2.6,6.8-.7,8.6h0c-2.2,1.2-3.2,3.9-2.4,6.2h0c1.3,3.5-1.5,7.1-5.2,6.8Z\" fill=\"none\" stroke=\"#3d434b\" stroke-miterlimit=\"10\" stroke-width=\"1.3\"><\/path><path d=\"M44.3,55.1c-2.9,1.9-6.4,3-10.1,3-10.4,0-18.9-8.4-18.9-18.9s8.4-18.9,18.9-18.9,18.9,8.4,18.9,18.9-1,6.8-2.6,9.6\" fill=\"none\" stroke=\"#3d434b\" stroke-linecap=\"round\" stroke-miterlimit=\"10\" stroke-width=\"1.3\"><\/path><\/g><metadata><\/metadata><\/g><metadata><\/metadata><\/svg>\t\t\t\t<\/span>\n\t\t\t<\/div>\n\t\t\t\n\t\t\t\t\t\t<div class=\"elementor-icon-box-content\">\n\n\t\t\t\t\t\t\t\t\t<h3 class=\"elementor-icon-box-title\">\n\t\t\t\t\t\t<span  >\n\t\t\t\t\t\t\t40 Jahre\t\t\t\t\t\t<\/span>\n\t\t\t\t\t<\/h3>\n\t\t\t\t\n\t\t\t\t\t\t\t\t\t<p class=\"elementor-icon-box-description\">\n\t\t\t\t\t\tExzellenz und Engagement f\u00fcr unsere Kunden\t\t\t\t\t<\/p>\n\t\t\t\t\n\t\t\t<\/div>\n\t\t\t\n\t\t<\/div>\n\t\t\t\t\t\t<\/div>\n\t\t\t\t<\/div>\n\t\t\t\t<\/div>\n\t\t<div class=\"elementor-element elementor-element-b0605e4 e-con-full e-flex e-con e-child\" data-id=\"b0605e4\" data-element_type=\"container\">\n\t\t\t\t<div class=\"elementor-element elementor-element-f89fffb elementor-view-default elementor-position-top elementor-mobile-position-top elementor-widget elementor-widget-icon-box\" data-id=\"f89fffb\" data-element_type=\"widget\" data-widget_type=\"icon-box.default\">\n\t\t\t\t<div class=\"elementor-widget-container\">\n\t\t\t\t\t\t\t<div class=\"elementor-icon-box-wrapper\">\n\n\t\t\t\t\t\t<div class=\"elementor-icon-box-icon\">\n\t\t\t\t<span  class=\"elementor-icon\">\n\t\t\t\t<svg xmlns=\"http:\/\/www.w3.org\/2000\/svg\" viewBox=\"0 0 67.1 68.9\"><defs><style>      .cls-1 {        fill: #9ba7bc;      }      .cls-2 {        fill: #3c434b;      }    <\/style><\/defs><g><g id=\"Capa_1\"><g><path class=\"cls-2\" d=\"M53.8,56.5c-.3,0-.6-.2-.6-.6l-.9-9.3s0,0,0-.1c-.4-3.6-3.4-6.3-7.1-6.3h-.5c-2,0-3.9.9-5.1,2.5l-1.6,2.1c-1,1.3-2.5,2-4.1,2h0c-1.6,0-3.1-.7-4.1-2l-1.6-2.1c-1.2-1.6-3.1-2.5-5.1-2.5h-.5c-3.7,0-6.7,2.8-7.1,6.4l-.9,9.3c0,.3-.3.6-.7.6-.3,0-.6-.3-.6-.7l.9-9.3c.4-4.3,4-7.6,8.4-7.6h.5c2.4,0,4.6,1.1,6.1,3l1.6,2.1c.7,1,1.9,1.5,3.1,1.5h0c1.2,0,2.3-.5,3.1-1.5l1.6-2.1c1.5-1.9,3.7-3,6.1-3h.5c4.4,0,7.9,3.3,8.4,7.6,0,0,0,0,0,.1l.9,9.2c0,.3-.2.7-.6.7,0,0,0,0,0,0Z\"><\/path><path class=\"cls-2\" d=\"M33.9,38c-3.9,0-7.2-2.6-8.4-6.5-.3-.9-.4-1.9-.4-2.9s0-1.3.2-1.9c0-.3.4-.6.7-.5.3,0,.6.4.5.7-.1.5-.2,1.1-.2,1.7,0,.9.1,1.7.4,2.6,1,3.4,3.9,5.6,7.2,5.6s6.2-2.3,7.2-5.6c.1-.3.5-.5.8-.4.3.1.5.5.4.8-1.2,3.9-4.6,6.5-8.4,6.5Z\"><\/path><\/g><g><path class=\"cls-2\" d=\"M4.6,47.7s0,0,0,0c-.3,0-.6-.3-.6-.7l.5-7.4c.3-4,3.6-7.2,7.6-7.2h9.9c.3,0,.6.3.6.6s-.3.6-.6.6h-9.9c-3.4,0-6.2,2.6-6.4,6l-.5,7.4c0,.3-.3.6-.6.6Z\"><\/path><path class=\"cls-2\" d=\"M17,28.3c-4.1,0-7.4-3.3-7.4-7.4s3.3-7.4,7.4-7.4,5.7,1.8,6.9,4.6c.1.3,0,.7-.3.8-.3.1-.7,0-.8-.3-.9-2.3-3.2-3.8-5.7-3.8s-6.2,2.8-6.2,6.2,2.8,6.2,6.2,6.2,1.2,0,1.7-.2c.3,0,.7,0,.8.4,0,.3,0,.7-.4.8-.7.2-1.4.3-2.1.3Z\"><\/path><\/g><g><path class=\"cls-2\" d=\"M63.2,47.7c-.3,0-.6-.3-.6-.6l-.5-7.4c-.2-3.4-3-6-6.4-6h-9.9c-.3,0-.6-.3-.6-.6s.3-.6.6-.6h9.9c4,0,7.4,3.1,7.6,7.2l.5,7.4c0,.3-.2.6-.6.7,0,0,0,0,0,0Z\"><\/path><path class=\"cls-2\" d=\"M50.8,28.3c-.7,0-1.4-.1-2.1-.3-.3,0-.5-.5-.4-.8,0-.3.5-.5.8-.4.6.2,1.1.2,1.7.2,3.4,0,6.2-2.8,6.2-6.2s-2.8-6.2-6.2-6.2-4.8,1.5-5.7,3.8c-.1.3-.5.5-.8.3-.3-.1-.5-.5-.3-.8,1.1-2.8,3.8-4.6,6.9-4.6s7.4,3.3,7.4,7.4-3.3,7.4-7.4,7.4Z\"><\/path><\/g><g><path class=\"cls-2\" d=\"M52.9,60.8H14.9c-.3,0-.6-.3-.6-.6s.3-.6.6-.6h38.1c.3,0,.6.3.6.6s-.3.6-.6.6Z\"><\/path><path class=\"cls-2\" d=\"M62.5,60.8h-4.9c-.3,0-.6-.3-.6-.6s.3-.6.6-.6h4.9c.3,0,.6.3.6.6s-.3.6-.6.6Z\"><\/path><path class=\"cls-2\" d=\"M10.2,60.8h-4.9c-.3,0-.6-.3-.6-.6s.3-.6.6-.6h4.9c.3,0,.6.3.6.6s-.3.6-.6.6Z\"><\/path><\/g><path class=\"cls-2\" d=\"M42,66.9h-16.5c-.3,0-.6-.3-.6-.6s.3-.6.6-.6h16.5c.3,0,.6.3.6.6s-.3.6-.6.6Z\"><\/path><path class=\"cls-1\" d=\"M42,22.7h0c-.3,0-.6-.3-.6-.6,0-2.8-1.4-5.2-3.7-6.5v3.1c0,.3-.3.6-.6.6s-.6-.3-.6-.6v-2.8h0v-1.4c0-.7-.6-1.3-1.3-1.3h-1.8c-.7,0-1.3.6-1.3,1.3v4.4c0,.3-.3.5-.6.5s-.6-.3-.6-.6v-3.1c-2.3,1.3-3.7,3.8-3.7,6.5s-.3.6-.6.6h0c-.6,0-1.2.2-1.7.7-.4.4-.7,1-.7,1.6,0,1.3,1.1,2.3,2.4,2.3h15.9c.6,0,1.3-.2,1.7-.7.5-.4.7-1,.7-1.6,0-1.3-1.1-2.3-2.4-2.3Z\"><\/path><\/g><\/g><\/svg>\t\t\t\t<\/span>\n\t\t\t<\/div>\n\t\t\t\n\t\t\t\t\t\t<div class=\"elementor-icon-box-content\">\n\n\t\t\t\t\t\t\t\t\t<h3 class=\"elementor-icon-box-title\">\n\t\t\t\t\t\t<span  >\n\t\t\t\t\t\t\t+ 150 Fachleuten\t\t\t\t\t\t<\/span>\n\t\t\t\t\t<\/h3>\n\t\t\t\t\n\t\t\t\t\t\t\t\t\t<p class=\"elementor-icon-box-description\">\n\t\t\t\t\t\tAusgestattet mit der neuesten Technologie\t\t\t\t\t<\/p>\n\t\t\t\t\n\t\t\t<\/div>\n\t\t\t\n\t\t<\/div>\n\t\t\t\t\t\t<\/div>\n\t\t\t\t<\/div>\n\t\t\t\t<\/div>\n\t\t\t\t<\/div>\n\t\t<div class=\"elementor-element elementor-element-afa9958 e-flex e-con-boxed e-con e-parent\" data-id=\"afa9958\" data-element_type=\"container\">\n\t\t\t\t\t<div class=\"e-con-inner\">\n\t\t<div class=\"elementor-element elementor-element-a46a9ce e-con-full e-flex e-con e-child\" data-id=\"a46a9ce\" data-element_type=\"container\">\n\t\t\t\t<div class=\"elementor-element elementor-element-483f235 elementor-widget elementor-widget-text-editor\" data-id=\"483f235\" data-element_type=\"widget\" data-widget_type=\"text-editor.default\">\n\t\t\t\t<div class=\"elementor-widget-container\">\n\t\t\t\t\t\t\t\t\t<h1 style=\"font-size: 38px; text-align: center;\">Ihr zuverl\u00e4ssiger Partner f\u00fcr Ihr Lagerprojekt<\/h1>\n\t\t\t\t\t\t\t\t<\/div>\n\t\t\t\t<\/div>\n\t\t\t\t<\/div>\n\t\t<div class=\"elementor-element elementor-element-eabde07 e-con-full e-flex e-con e-child\" data-id=\"eabde07\" data-element_type=\"container\">\n\t\t\t\t<div class=\"elementor-element elementor-element-f1ba813 elementor-widget elementor-widget-image\" data-id=\"f1ba813\" data-element_type=\"widget\" data-widget_type=\"image.default\">\n\t\t\t\t<div class=\"elementor-widget-container\">\n\t\t\t\t\t\t\t\t\t\t\t\t\t\t\t<img fetchpriority=\"high\" decoding=\"async\" width=\"600\" height=\"400\" src=\"https:\/\/www.symaga.com\/wp-content\/uploads\/2024\/05\/silos-industriales-symaga-1.jpg\" class=\"attachment-large size-large wp-image-35773\" alt=\"\" srcset=\"https:\/\/www.symaga.com\/wp-content\/uploads\/2024\/05\/silos-industriales-symaga-1.jpg 600w, https:\/\/www.symaga.com\/wp-content\/uploads\/2024\/05\/silos-industriales-symaga-1-300x200.jpg 300w\" sizes=\"(max-width: 600px) 100vw, 600px\" \/>\t\t\t\t\t\t\t\t\t\t\t\t\t\t\t<\/div>\n\t\t\t\t<\/div>\n\t\t\t\t<div class=\"elementor-element elementor-element-fffec74 elementor-widget elementor-widget-text-editor\" data-id=\"fffec74\" data-element_type=\"widget\" data-widget_type=\"text-editor.default\">\n\t\t\t\t<div class=\"elementor-widget-container\">\n\t\t\t\t\t\t\t\t\t<h3>Industrielle Silos<\/h3>\n<p>International anerkanntes spanisches Unternehmen f\u00fcr Entwurf, Konstruktion, Herstellung und Vertrieb von Industriesilos aus verzinktem Stahl f\u00fcr die Getreidelagerung in verschiedenen Sektoren: Brauereien, Futterm\u00fchlen, M\u00fchlen, Trockner, \u00d6lm\u00fchlen sowie f\u00fcr die Lagerung von Hafenterminals, Kunststoff, Bioethanolanlagen, Biokraftstoffen und Biomasse.<\/p>\n\t\t\t\t\t\t\t\t<\/div>\n\t\t\t\t<\/div>\n\t\t\t\t<\/div>\n\t\t<div class=\"elementor-element elementor-element-3e25a8f e-con-full e-flex e-con e-child\" data-id=\"3e25a8f\" data-element_type=\"container\">\n\t\t\t\t<div class=\"elementor-element elementor-element-ebc1939 elementor-widget elementor-widget-image\" data-id=\"ebc1939\" data-element_type=\"widget\" data-widget_type=\"image.default\">\n\t\t\t\t<div class=\"elementor-widget-container\">\n\t\t\t\t\t\t\t\t\t\t\t\t\t\t\t<img decoding=\"async\" width=\"600\" height=\"400\" src=\"https:\/\/www.symaga.com\/wp-content\/uploads\/2024\/05\/silos-granja-symaga.jpg\" class=\"attachment-large size-large wp-image-35780\" alt=\"\" srcset=\"https:\/\/www.symaga.com\/wp-content\/uploads\/2024\/05\/silos-granja-symaga.jpg 600w, https:\/\/www.symaga.com\/wp-content\/uploads\/2024\/05\/silos-granja-symaga-300x200.jpg 300w\" sizes=\"(max-width: 600px) 100vw, 600px\" \/>\t\t\t\t\t\t\t\t\t\t\t\t\t\t\t<\/div>\n\t\t\t\t<\/div>\n\t\t\t\t<div class=\"elementor-element elementor-element-97137d6 elementor-widget elementor-widget-text-editor\" data-id=\"97137d6\" data-element_type=\"widget\" data-widget_type=\"text-editor.default\">\n\t\t\t\t<div class=\"elementor-widget-container\">\n\t\t\t\t\t\t\t\t\t<h3>Metalltanks<br \/>\nLandwirtschaftliche Silos<\/h3>\n<p>Symaga stellt Metalltanks f\u00fcr die Wasserlagerung und landwirtschaftliche Silos mit Spiral- und Kettenf\u00f6rdersystemen her. Seit diesem Jahr werden sie unter dem Dach von Symaga vermarktet, einer f\u00fchrenden Marke im Bereich der agroindustriellen Lagerung.<\/p>\n\t\t\t\t\t\t\t\t<\/div>\n\t\t\t\t<\/div>\n\t\t\t\t<\/div>\n\t\t\t\t\t<\/div>\n\t\t\t\t<\/div>\n\t\t<div class=\"elementor-element elementor-element-d75cc03 e-flex e-con-boxed e-con e-parent\" data-id=\"d75cc03\" data-element_type=\"container\" data-settings=\"{&quot;background_background&quot;:&quot;classic&quot;,&quot;shape_divider_top&quot;:&quot;triangle-asymmetrical&quot;,&quot;shape_divider_bottom&quot;:&quot;triangle-asymmetrical&quot;}\">\n\t\t\t\t\t<div class=\"e-con-inner\">\n\t\t\t\t<div class=\"elementor-shape elementor-shape-top\" aria-hidden=\"true\" data-negative=\"false\">\n\t\t\t<svg xmlns=\"http:\/\/www.w3.org\/2000\/svg\" viewBox=\"0 0 1000 100\" preserveAspectRatio=\"none\">\n\t<path class=\"elementor-shape-fill\" d=\"M738,99l262-93V0H0v5.6L738,99z\"\/>\n<\/svg>\t\t<\/div>\n\t\t\t\t<div class=\"elementor-shape elementor-shape-bottom\" aria-hidden=\"true\" data-negative=\"false\">\n\t\t\t<svg xmlns=\"http:\/\/www.w3.org\/2000\/svg\" viewBox=\"0 0 1000 100\" preserveAspectRatio=\"none\">\n\t<path class=\"elementor-shape-fill\" d=\"M738,99l262-93V0H0v5.6L738,99z\"\/>\n<\/svg>\t\t<\/div>\n\t\t\t\t<div class=\"elementor-element elementor-element-c25805d elementor-widget elementor-widget-text-editor\" data-id=\"c25805d\" data-element_type=\"widget\" data-widget_type=\"text-editor.default\">\n\t\t\t\t<div class=\"elementor-widget-container\">\n\t\t\t\t\t\t\t\t\t<h4 style=\"text-align: center;\"><span style=\"color: #333f48;\">Mehrgenerationen-Erfahrung <\/span><\/h4>\n<h2 style=\"text-align: center; font-size: 38px;\">UNTERNEHMEN IN FAMILIENBESITZ<\/h2>\n\t\t\t\t\t\t\t\t<\/div>\n\t\t\t\t<\/div>\n\t\t\t\t<div class=\"elementor-element elementor-element-75d9c45 elementor-widget elementor-widget-text-editor\" data-id=\"75d9c45\" data-element_type=\"widget\" data-widget_type=\"text-editor.default\">\n\t\t\t\t<div class=\"elementor-widget-container\">\n\t\t\t\t\t\t\t\t\t<p style=\"text-align: center;\">Symaga ist Europas gr\u00f6\u00dfter, zu 100 % in Familienbesitz befindlicher Hersteller von Metallsilos, der in der Lage ist, f\u00fcr jedes Projekt eine technische L\u00f6sung anzubieten, mit ausgezeichnetem Kundenservice und mehr als 95 % seiner Produktion zu exportieren.<br \/>\nWir sind ein dynamischer und zuverl\u00e4ssiger Lieferant f\u00fcr eine langfristige Beziehung.<\/p>\n\t\t\t\t\t\t\t\t<\/div>\n\t\t\t\t<\/div>\n\t\t\t\t\t<\/div>\n\t\t\t\t<\/div>\n\t\t<div class=\"elementor-element elementor-element-9c023b6 e-con-full e-flex e-con e-parent\" data-id=\"9c023b6\" data-element_type=\"container\" data-settings=\"{&quot;background_background&quot;:&quot;classic&quot;}\">\n\t\t<div class=\"elementor-element elementor-element-b5a1005 e-con-full e-flex e-con e-child\" data-id=\"b5a1005\" data-element_type=\"container\">\n\t\t\t\t<div class=\"elementor-element elementor-element-8352e8d elementor-flip-box--effect-fade elementor-widget elementor-widget-flip-box\" data-id=\"8352e8d\" data-element_type=\"widget\" data-widget_type=\"flip-box.default\">\n\t\t\t\t<div class=\"elementor-widget-container\">\n\t\t\t\t\t\t\t<div class=\"elementor-flip-box\" tabindex=\"0\">\n\t\t\t<div class=\"elementor-flip-box__layer elementor-flip-box__front\">\n\t\t\t\t<div class=\"elementor-flip-box__layer__overlay\">\n\t\t\t\t\t<div class=\"elementor-flip-box__layer__inner\">\n\t\t\t\t\t\t\t\t\t\t\t\t\t<div class=\"elementor-icon-wrapper elementor-view-default\">\n\t\t\t\t\t\t\t\t<div class=\"elementor-icon\">\n\t\t\t\t\t\t\t\t\t<svg class=\"e-font-icon-svg e-fas-plus-circle\" viewBox=\"0 0 512 512\" xmlns=\"http:\/\/www.w3.org\/2000\/svg\"><path d=\"M256 8C119 8 8 119 8 256s111 248 248 248 248-111 248-248S393 8 256 8zm144 276c0 6.6-5.4 12-12 12h-92v92c0 6.6-5.4 12-12 12h-56c-6.6 0-12-5.4-12-12v-92h-92c-6.6 0-12-5.4-12-12v-56c0-6.6 5.4-12 12-12h92v-92c0-6.6 5.4-12 12-12h56c6.6 0 12 5.4 12 12v92h92c6.6 0 12 5.4 12 12v56z\"><\/path><\/svg>\t\t\t\t\t\t\t\t<\/div>\n\t\t\t\t\t\t\t<\/div>\n\t\t\t\t\t\t\n\t\t\t\t\t\t\t\t\t\t\t\t\t<h3 class=\"elementor-flip-box__layer__title\">\n\t\t\t\t\t\t\t\tMISSION\t\t\t\t\t\t\t<\/h3>\n\t\t\t\t\t\t\n\t\t\t\t\t\t\t\t\t\t\t<\/div>\n\t\t\t\t<\/div>\n\t\t\t<\/div>\n\t\t\t<div class=\"elementor-flip-box__layer elementor-flip-box__back\">\n\t\t\t<div class=\"elementor-flip-box__layer__overlay\">\n\t\t\t\t<div class=\"elementor-flip-box__layer__inner\">\n\t\t\t\t\t\n\t\t\t\t\t\t\t\t\t\t\t<div class=\"elementor-flip-box__layer__description\">\n\t\t\t\t\t\t\tWir bieten zuverl\u00e4ssige L\u00f6sungen f\u00fcr die Lagerung von Getreide und Wasser f\u00fcr die ganze Welt und garantieren dabei operative Exzellenz, Innovation und Respekt f\u00fcr die Umwelt.\t\t\t\t\t\t<\/div>\n\t\t\t\t\t\n\t\t\t\t\t\t\t\t<\/div>\n\t\t<\/div>\n\t\t<\/div>\n\t\t<\/div>\n\t\t\t\t\t\t<\/div>\n\t\t\t\t<\/div>\n\t\t\t\t<\/div>\n\t\t<div class=\"elementor-element elementor-element-b759778 e-con-full e-flex e-con e-child\" data-id=\"b759778\" data-element_type=\"container\">\n\t\t\t\t<div class=\"elementor-element elementor-element-8fe3aca elementor-flip-box--effect-fade elementor-widget elementor-widget-flip-box\" data-id=\"8fe3aca\" data-element_type=\"widget\" data-widget_type=\"flip-box.default\">\n\t\t\t\t<div class=\"elementor-widget-container\">\n\t\t\t\t\t\t\t<div class=\"elementor-flip-box\" tabindex=\"0\">\n\t\t\t<div class=\"elementor-flip-box__layer elementor-flip-box__front\">\n\t\t\t\t<div class=\"elementor-flip-box__layer__overlay\">\n\t\t\t\t\t<div class=\"elementor-flip-box__layer__inner\">\n\t\t\t\t\t\t\t\t\t\t\t\t\t<div class=\"elementor-icon-wrapper elementor-view-default\">\n\t\t\t\t\t\t\t\t<div class=\"elementor-icon\">\n\t\t\t\t\t\t\t\t\t<svg class=\"e-font-icon-svg e-fas-plus-circle\" viewBox=\"0 0 512 512\" xmlns=\"http:\/\/www.w3.org\/2000\/svg\"><path d=\"M256 8C119 8 8 119 8 256s111 248 248 248 248-111 248-248S393 8 256 8zm144 276c0 6.6-5.4 12-12 12h-92v92c0 6.6-5.4 12-12 12h-56c-6.6 0-12-5.4-12-12v-92h-92c-6.6 0-12-5.4-12-12v-56c0-6.6 5.4-12 12-12h92v-92c0-6.6 5.4-12 12-12h56c6.6 0 12 5.4 12 12v92h92c6.6 0 12 5.4 12 12v56z\"><\/path><\/svg>\t\t\t\t\t\t\t\t<\/div>\n\t\t\t\t\t\t\t<\/div>\n\t\t\t\t\t\t\n\t\t\t\t\t\t\t\t\t\t\t\t\t<h3 class=\"elementor-flip-box__layer__title\">\n\t\t\t\t\t\t\t\tVISION\t\t\t\t\t\t\t<\/h3>\n\t\t\t\t\t\t\n\t\t\t\t\t\t\t\t\t\t\t<\/div>\n\t\t\t\t<\/div>\n\t\t\t<\/div>\n\t\t\t<div class=\"elementor-flip-box__layer elementor-flip-box__back\">\n\t\t\t<div class=\"elementor-flip-box__layer__overlay\">\n\t\t\t\t<div class=\"elementor-flip-box__layer__inner\">\n\t\t\t\t\t\n\t\t\t\t\t\t\t\t\t\t\t<div class=\"elementor-flip-box__layer__description\">\n\t\t\t\t\t\t\tTechnik, die die Welt ern\u00e4hrt.\t\t\t\t\t\t<\/div>\n\t\t\t\t\t\n\t\t\t\t\t\t\t\t<\/div>\n\t\t<\/div>\n\t\t<\/div>\n\t\t<\/div>\n\t\t\t\t\t\t<\/div>\n\t\t\t\t<\/div>\n\t\t\t\t<\/div>\n\t\t<div class=\"elementor-element elementor-element-f529f1d e-con-full e-flex e-con e-child\" data-id=\"f529f1d\" data-element_type=\"container\">\n\t\t\t\t<div class=\"elementor-element elementor-element-8677ee7 elementor-flip-box--effect-fade elementor-widget elementor-widget-flip-box\" data-id=\"8677ee7\" data-element_type=\"widget\" data-widget_type=\"flip-box.default\">\n\t\t\t\t<div class=\"elementor-widget-container\">\n\t\t\t\t\t\t\t<div class=\"elementor-flip-box\" tabindex=\"0\">\n\t\t\t<div class=\"elementor-flip-box__layer elementor-flip-box__front\">\n\t\t\t\t<div class=\"elementor-flip-box__layer__overlay\">\n\t\t\t\t\t<div class=\"elementor-flip-box__layer__inner\">\n\t\t\t\t\t\t\t\t\t\t\t\t\t<div class=\"elementor-icon-wrapper elementor-view-default\">\n\t\t\t\t\t\t\t\t<div class=\"elementor-icon\">\n\t\t\t\t\t\t\t\t\t<svg class=\"e-font-icon-svg e-fas-plus-circle\" viewBox=\"0 0 512 512\" xmlns=\"http:\/\/www.w3.org\/2000\/svg\"><path d=\"M256 8C119 8 8 119 8 256s111 248 248 248 248-111 248-248S393 8 256 8zm144 276c0 6.6-5.4 12-12 12h-92v92c0 6.6-5.4 12-12 12h-56c-6.6 0-12-5.4-12-12v-92h-92c-6.6 0-12-5.4-12-12v-56c0-6.6 5.4-12 12-12h92v-92c0-6.6 5.4-12 12-12h56c6.6 0 12 5.4 12 12v92h92c6.6 0 12 5.4 12 12v56z\"><\/path><\/svg>\t\t\t\t\t\t\t\t<\/div>\n\t\t\t\t\t\t\t<\/div>\n\t\t\t\t\t\t\n\t\t\t\t\t\t\t\t\t\t\t\t\t<h3 class=\"elementor-flip-box__layer__title\">\n\t\t\t\t\t\t\t\tWERTE\t\t\t\t\t\t\t<\/h3>\n\t\t\t\t\t\t\n\t\t\t\t\t\t\t\t\t\t\t<\/div>\n\t\t\t\t<\/div>\n\t\t\t<\/div>\n\t\t\t<div class=\"elementor-flip-box__layer elementor-flip-box__back\">\n\t\t\t<div class=\"elementor-flip-box__layer__overlay\">\n\t\t\t\t<div class=\"elementor-flip-box__layer__inner\">\n\t\t\t\t\t\n\t\t\t\t\t\t\t\t\t\t\t<div class=\"elementor-flip-box__layer__description\">\n\t\t\t\t\t\t\tProfessionelle Bescheidenheit,\nIndustrieller Stolz,\nKundenorientierung,\nVerantwortungsbewusstsein.\n\t\t\t\t\t\t<\/div>\n\t\t\t\t\t\n\t\t\t\t\t\t\t\t<\/div>\n\t\t<\/div>\n\t\t<\/div>\n\t\t<\/div>\n\t\t\t\t\t\t<\/div>\n\t\t\t\t<\/div>\n\t\t\t\t<\/div>\n\t\t\t\t<\/div>\n\t\t\t\t<\/div>\n\t\t","protected":false},"excerpt":{"rendered":"<p>+ 18.000 Projekte 60 Millionen m3 Lagerung 154 L\u00e4nder Auf f\u00fcnf Kontinenten vertreten 40 Jahre Exzellenz und Engagement f\u00fcr unsere Kunden + 150 Fachleuten Ausgestattet mit der neuesten Technologie Ihr zuverl\u00e4ssiger Partner f\u00fcr Ihr Lagerprojekt Industrielle Silos International anerkanntes spanisches Unternehmen f\u00fcr Entwurf, Konstruktion, Herstellung und Vertrieb von Industriesilos aus verzinktem Stahl f\u00fcr die Getreidelagerung [&hellip;]<\/p>\n","protected":false},"author":1,"featured_media":0,"parent":0,"menu_order":0,"comment_status":"closed","ping_status":"closed","template":"","meta":{"footnotes":""},"class_list":["post-42106","page","type-page","status-publish","hentry"],"_links":{"self":[{"href":"https:\/\/www.symaga.com\/de\/wp-json\/wp\/v2\/pages\/42106","targetHints":{"allow":["GET"]}}],"collection":[{"href":"https:\/\/www.symaga.com\/de\/wp-json\/wp\/v2\/pages"}],"about":[{"href":"https:\/\/www.symaga.com\/de\/wp-json\/wp\/v2\/types\/page"}],"author":[{"embeddable":true,"href":"https:\/\/www.symaga.com\/de\/wp-json\/wp\/v2\/users\/1"}],"replies":[{"embeddable":true,"href":"https:\/\/www.symaga.com\/de\/wp-json\/wp\/v2\/comments?post=42106"}],"version-history":[{"count":12,"href":"https:\/\/www.symaga.com\/de\/wp-json\/wp\/v2\/pages\/42106\/revisions"}],"predecessor-version":[{"id":70750,"href":"https:\/\/www.symaga.com\/de\/wp-json\/wp\/v2\/pages\/42106\/revisions\/70750"}],"wp:attachment":[{"href":"https:\/\/www.symaga.com\/de\/wp-json\/wp\/v2\/media?parent=42106"}],"curies":[{"name":"wp","href":"https:\/\/api.w.org\/{rel}","templated":true}]}}