{"id":42150,"date":"2024-10-16T21:22:32","date_gmt":"2024-10-16T19:22:32","guid":{"rendered":"https:\/\/www.symaga.com\/soziale-verantwortung-der-unternehmen\/"},"modified":"2025-09-17T14:07:47","modified_gmt":"2025-09-17T13:07:47","slug":"soziale-verantwortung-der-unternehmen","status":"publish","type":"page","link":"https:\/\/www.symaga.com\/de\/soziale-verantwortung-der-unternehmen\/","title":{"rendered":"Soziale Verantwortung Der Unternehmen"},"content":{"rendered":"\t\t<div data-elementor-type=\"wp-page\" data-elementor-id=\"42150\" class=\"elementor elementor-42150 elementor-37731\" data-elementor-post-type=\"page\">\n\t\t\t\t<div class=\"elementor-element elementor-element-e71a20b e-con-full e-flex e-con e-parent\" data-id=\"e71a20b\" data-element_type=\"container\" data-settings=\"{&quot;background_background&quot;:&quot;classic&quot;,&quot;shape_divider_bottom&quot;:&quot;triangle-asymmetrical&quot;,&quot;shape_divider_bottom_negative&quot;:&quot;yes&quot;}\">\n\t\t\t\t<div class=\"elementor-shape elementor-shape-bottom\" aria-hidden=\"true\" data-negative=\"true\">\n\t\t\t<svg xmlns=\"http:\/\/www.w3.org\/2000\/svg\" viewBox=\"0 0 1000 100\" preserveAspectRatio=\"none\">\n\t<path class=\"elementor-shape-fill\" d=\"M737.9,94.7L0,0v100h1000V0L737.9,94.7z\"\/>\n<\/svg>\t\t<\/div>\n\t\t\t\t<\/div>\n\t\t<div class=\"elementor-element elementor-element-afa9958 e-flex e-con-boxed e-con e-parent\" data-id=\"afa9958\" data-element_type=\"container\">\n\t\t\t\t\t<div class=\"e-con-inner\">\n\t\t<div class=\"elementor-element elementor-element-a46a9ce e-con-full e-flex e-con e-child\" data-id=\"a46a9ce\" data-element_type=\"container\">\n\t\t\t\t<div class=\"elementor-element elementor-element-483f235 elementor-widget elementor-widget-text-editor\" data-id=\"483f235\" data-element_type=\"widget\" data-widget_type=\"text-editor.default\">\n\t\t\t\t<div class=\"elementor-widget-container\">\n\t\t\t\t\t\t\t\t\t<h4 style=\"text-align: center;\">Wir denken immer an unsere Umwelt<\/h4>\r\n<h1 style=\"text-align: center;\">SOZIALE VERANTWORTUNG DER UNTERNEHMEN<\/h1>\t\t\t\t\t\t\t\t<\/div>\n\t\t\t\t<\/div>\n\t\t\t\t<div class=\"elementor-element elementor-element-7bc3e89 elementor-widget elementor-widget-text-editor\" data-id=\"7bc3e89\" data-element_type=\"widget\" data-widget_type=\"text-editor.default\">\n\t\t\t\t<div class=\"elementor-widget-container\">\n\t\t\t\t\t\t\t\t\t<p style=\"text-align: center;\">Das Engagement eines Unternehmens muss \u00fcber den wirtschaftlichen Nutzen hinausgehen und den sozialen Nutzen und die \u00f6kologische Nachhaltigkeit f\u00f6rdern. Symaga f\u00f6rdert einen Plan zur Unternehmensverantwortung im Rahmen eines ethischen Kodexes, der den Respekt vor der Natur und die pers\u00f6nliche und unternehmerische Entwicklung beinhaltet.<\/p>\n\t\t\t\t\t\t\t\t<\/div>\n\t\t\t\t<\/div>\n\t\t\t\t<\/div>\n\t\t<div class=\"elementor-element elementor-element-eabde07 e-con-full e-flex e-con e-child\" data-id=\"eabde07\" data-element_type=\"container\">\n\t\t\t\t<div class=\"elementor-element elementor-element-f1ba813 elementor-widget elementor-widget-image\" data-id=\"f1ba813\" data-element_type=\"widget\" data-widget_type=\"image.default\">\n\t\t\t\t<div class=\"elementor-widget-container\">\n\t\t\t\t\t\t\t\t\t\t\t\t\t\t\t<img decoding=\"async\" src=\"https:\/\/www.symaga.com\/wp-content\/uploads\/2024\/07\/responsabilidad-social-corporativa-asociaciones-symaga.jpg\" title=\"responsabilidad-social-corporativa-asociaciones-symaga\" alt=\"responsabilidad-social-corporativa-asociaciones-symaga\" loading=\"lazy\" \/>\t\t\t\t\t\t\t\t\t\t\t\t\t\t\t<\/div>\n\t\t\t\t<\/div>\n\t\t\t\t<div class=\"elementor-element elementor-element-ca6bc02 elementor-widget elementor-widget-text-editor\" data-id=\"ca6bc02\" data-element_type=\"widget\" data-widget_type=\"text-editor.default\">\n\t\t\t\t<div class=\"elementor-widget-container\">\n\t\t\t\t\t\t\t\t\t<h3>Verb\u00e4nde, Kollektive und Stiftungen<\/h3>\n<p>Der Aufbau einer gerechteren Gesellschaft ist eine weitere unserer Verpflichtungen. Wir haben mit Stiftungen und NGOs zusammengearbeitet, wie z. B.: Banco de Alimentos, AFIM, Cruz Roja, Manos Unidas y NIPACE, AELIP, Supernenas, Esperanza y Alegr\u00eda, Enach, Laudes Infantis, Banco de Alimentos, Plataforma Solidaria en Bolivia, Save the Children, Ucranianos de Alc\u00e1zar de San Juan, ADS und Rotary Club.<\/p>\n\t\t\t\t\t\t\t\t<\/div>\n\t\t\t\t<\/div>\n\t\t\t\t<\/div>\n\t\t<div class=\"elementor-element elementor-element-9e49c83 e-con-full e-flex e-con e-child\" data-id=\"9e49c83\" data-element_type=\"container\">\n\t\t\t\t<div class=\"elementor-element elementor-element-d003884 elementor-widget elementor-widget-image\" data-id=\"d003884\" data-element_type=\"widget\" data-widget_type=\"image.default\">\n\t\t\t\t<div class=\"elementor-widget-container\">\n\t\t\t\t\t\t\t\t\t\t\t\t\t\t\t<img fetchpriority=\"high\" decoding=\"async\" width=\"600\" height=\"450\" src=\"https:\/\/www.symaga.com\/wp-content\/uploads\/2024\/07\/responsabilidad-social-corporativa-deporte-symaga.jpg\" class=\"attachment-large size-large wp-image-38218\" alt=\"\" srcset=\"https:\/\/www.symaga.com\/wp-content\/uploads\/2024\/07\/responsabilidad-social-corporativa-deporte-symaga.jpg 600w, https:\/\/www.symaga.com\/wp-content\/uploads\/2024\/07\/responsabilidad-social-corporativa-deporte-symaga-300x225.jpg 300w\" sizes=\"(max-width: 600px) 100vw, 600px\" \/>\t\t\t\t\t\t\t\t\t\t\t\t\t\t\t<\/div>\n\t\t\t\t<\/div>\n\t\t\t\t<div class=\"elementor-element elementor-element-b08ad6a elementor-widget elementor-widget-text-editor\" data-id=\"b08ad6a\" data-element_type=\"widget\" data-widget_type=\"text-editor.default\">\n\t\t\t\t<div class=\"elementor-widget-container\">\n\t\t\t\t\t\t\t\t\t<h3>Sport<\/h3>\n<p>In unserer Region sponsern wir eine Fu\u00dfballmannschaft, Sportschulen, den Sportverein Villarta de San Juan und auch den Fu\u00dfballcampus<br \/>\nAuf internationaler Ebene arbeiten wir mit dem Panda Raid bei einem Autoscooterrennen in Australien, bei Water Aid zusammen und Titam Desert.<\/p>\n\t\t\t\t\t\t\t\t<\/div>\n\t\t\t\t<\/div>\n\t\t\t\t<\/div>\n\t\t<div class=\"elementor-element elementor-element-3e25a8f e-con-full e-flex e-con e-child\" data-id=\"3e25a8f\" data-element_type=\"container\">\n\t\t\t\t<div class=\"elementor-element elementor-element-ebc1939 elementor-widget elementor-widget-image\" data-id=\"ebc1939\" data-element_type=\"widget\" data-widget_type=\"image.default\">\n\t\t\t\t<div class=\"elementor-widget-container\">\n\t\t\t\t\t\t\t\t\t\t\t\t\t\t\t<img decoding=\"async\" width=\"600\" height=\"450\" src=\"https:\/\/www.symaga.com\/wp-content\/uploads\/2024\/07\/responsabilidad-social-corporativa-universidades-symaga.jpg\" class=\"attachment-large size-large wp-image-38225\" alt=\"\" srcset=\"https:\/\/www.symaga.com\/wp-content\/uploads\/2024\/07\/responsabilidad-social-corporativa-universidades-symaga.jpg 600w, https:\/\/www.symaga.com\/wp-content\/uploads\/2024\/07\/responsabilidad-social-corporativa-universidades-symaga-300x225.jpg 300w\" sizes=\"(max-width: 600px) 100vw, 600px\" \/>\t\t\t\t\t\t\t\t\t\t\t\t\t\t\t<\/div>\n\t\t\t\t<\/div>\n\t\t\t\t<div class=\"elementor-element elementor-element-fffec74 elementor-widget elementor-widget-text-editor\" data-id=\"fffec74\" data-element_type=\"widget\" data-widget_type=\"text-editor.default\">\n\t\t\t\t<div class=\"elementor-widget-container\">\n\t\t\t\t\t\t\t\t\t<h3>Universit\u00e4ten, Hochschulen und Institute<\/h3>\n<p>Wir entwickeln Projekte mit der Universidad Polit\u00e9cnica de Madrid, Universidad de Castilla La Mancha, Bipree Research Group, Universidad de Agricultura Aleksandras Stulginskis und\u00a0 Itecam\u00a0 de Castilla La Mancha.<\/p>\n<p>Wir tragen zur beruflichen Entwicklung mit Praktikanten und durch die Teilnahme an Besuchen von Studentengruppen bei.<\/p>\n\t\t\t\t\t\t\t\t<\/div>\n\t\t\t\t<\/div>\n\t\t\t\t<\/div>\n\t\t\t\t\t<\/div>\n\t\t\t\t<\/div>\n\t\t<div class=\"elementor-element elementor-element-3dacb26 e-con-full e-flex e-con e-parent\" data-id=\"3dacb26\" data-element_type=\"container\">\n\t\t<div class=\"elementor-element elementor-element-1e3602f e-con-full e-flex e-con e-child\" data-id=\"1e3602f\" data-element_type=\"container\" data-settings=\"{&quot;background_background&quot;:&quot;classic&quot;,&quot;shape_divider_top&quot;:&quot;tilt&quot;,&quot;shape_divider_bottom&quot;:&quot;tilt&quot;}\">\n\t\t\t\t<div class=\"elementor-shape elementor-shape-top\" aria-hidden=\"true\" data-negative=\"false\">\n\t\t\t<svg xmlns=\"http:\/\/www.w3.org\/2000\/svg\" viewBox=\"0 0 1000 100\" preserveAspectRatio=\"none\">\n\t<path class=\"elementor-shape-fill\" d=\"M0,6V0h1000v100L0,6z\"\/>\n<\/svg>\t\t<\/div>\n\t\t\t\t<div class=\"elementor-shape elementor-shape-bottom\" aria-hidden=\"true\" data-negative=\"false\">\n\t\t\t<svg xmlns=\"http:\/\/www.w3.org\/2000\/svg\" viewBox=\"0 0 1000 100\" preserveAspectRatio=\"none\">\n\t<path class=\"elementor-shape-fill\" d=\"M0,6V0h1000v100L0,6z\"\/>\n<\/svg>\t\t<\/div>\n\t\t\t\t<\/div>\n\t\t<div class=\"elementor-element elementor-element-45c800c e-con-full e-flex e-con e-child\" data-id=\"45c800c\" data-element_type=\"container\" data-settings=\"{&quot;background_background&quot;:&quot;classic&quot;}\">\n\t\t\t\t<div class=\"elementor-element elementor-element-1144169 elementor-widget elementor-widget-text-editor\" data-id=\"1144169\" data-element_type=\"widget\" data-widget_type=\"text-editor.default\">\n\t\t\t\t<div class=\"elementor-widget-container\">\n\t\t\t\t\t\t\t\t\t<h2>Nachhaltige Entwicklung<\/h2>\n\t\t\t\t\t\t\t\t<\/div>\n\t\t\t\t<\/div>\n\t\t\t\t<div class=\"elementor-element elementor-element-2eb460f elementor-widget elementor-widget-text-editor\" data-id=\"2eb460f\" data-element_type=\"widget\" data-widget_type=\"text-editor.default\">\n\t\t\t\t<div class=\"elementor-widget-container\">\n\t\t\t\t\t\t\t\t\t<p>Symaga setzt sich f\u00fcr die Erhaltung der Natur f\u00fcr k\u00fcnftige Generationen ein. Das Umweltprogramm umfasst:<\/p>\n<ul>\n<li>Umweltmanagementsystem. Im Jahr 2018 haben wir die Zertifizierung nach UNE-EN ISO 14001 erhalten. Das Abfall- und Ressourcenmanagement wird durch die Reduzierung des Wasserverbrauchs und der Abwasseraufbereitung optimiert.<\/li>\n<li>Die Stahllieferanten sind nach ISO 14001 zertifiziert. Sie verwenden 80-90 % recycelte Materialien.<\/li>\n<li>Die auf dem Werksgel\u00e4nde installierte Photovoltaik-Solarstromanlage f\u00fcr den Eigenverbrauch hat ihre Kapazit\u00e4t bis 2022 verdoppelt, mit dem mittelfristigen Ziel einer 100 % gr\u00fcnen Produktion.<\/li>\n<\/ul>\n\t\t\t\t\t\t\t\t<\/div>\n\t\t\t\t<\/div>\n\t\t\t\t<\/div>\n\t\t\t\t<\/div>\n\t\t<div class=\"elementor-element elementor-element-7ce7bc9 e-flex e-con-boxed e-con e-parent\" data-id=\"7ce7bc9\" data-element_type=\"container\">\n\t\t\t\t\t<div class=\"e-con-inner\">\n\t\t\t\t<div class=\"elementor-element elementor-element-be499a6 elementor-align-center elementor-widget elementor-widget-button\" data-id=\"be499a6\" data-element_type=\"widget\" data-widget_type=\"button.default\">\n\t\t\t\t<div class=\"elementor-widget-container\">\n\t\t\t\t\t\t\t\t\t<div class=\"elementor-button-wrapper\">\n\t\t\t\t\t<a class=\"elementor-button elementor-button-link elementor-size-sm\" href=\"https:\/\/www.symaga.com\/wp-content\/uploads\/2025\/09\/CSR-Plan-SYMAGA-v1.pdf\" target=\"_blank\">\n\t\t\t\t\t\t<span class=\"elementor-button-content-wrapper\">\n\t\t\t\t\t\t\t\t\t<span class=\"elementor-button-text\">PLAN F\u00dcR SOZIALE VERANTWORTUNG VON UNTERNEHMEN<\/span>\n\t\t\t\t\t<\/span>\n\t\t\t\t\t<\/a>\n\t\t\t\t<\/div>\n\t\t\t\t\t\t\t\t<\/div>\n\t\t\t\t<\/div>\n\t\t\t\t\t<\/div>\n\t\t\t\t<\/div>\n\t\t\t\t<\/div>\n\t\t","protected":false},"excerpt":{"rendered":"<p>Wir denken immer an unsere Umwelt SOZIALE VERANTWORTUNG DER UNTERNEHMEN Das Engagement eines Unternehmens muss \u00fcber den wirtschaftlichen Nutzen hinausgehen und den sozialen Nutzen und die \u00f6kologische Nachhaltigkeit f\u00f6rdern. Symaga f\u00f6rdert einen Plan zur Unternehmensverantwortung im Rahmen eines ethischen Kodexes, der den Respekt vor der Natur und die pers\u00f6nliche und unternehmerische Entwicklung beinhaltet. Verb\u00e4nde, Kollektive [&hellip;]<\/p>\n","protected":false},"author":1,"featured_media":0,"parent":0,"menu_order":0,"comment_status":"closed","ping_status":"closed","template":"","meta":{"footnotes":""},"class_list":["post-42150","page","type-page","status-publish","hentry"],"_links":{"self":[{"href":"https:\/\/www.symaga.com\/de\/wp-json\/wp\/v2\/pages\/42150","targetHints":{"allow":["GET"]}}],"collection":[{"href":"https:\/\/www.symaga.com\/de\/wp-json\/wp\/v2\/pages"}],"about":[{"href":"https:\/\/www.symaga.com\/de\/wp-json\/wp\/v2\/types\/page"}],"author":[{"embeddable":true,"href":"https:\/\/www.symaga.com\/de\/wp-json\/wp\/v2\/users\/1"}],"replies":[{"embeddable":true,"href":"https:\/\/www.symaga.com\/de\/wp-json\/wp\/v2\/comments?post=42150"}],"version-history":[{"count":4,"href":"https:\/\/www.symaga.com\/de\/wp-json\/wp\/v2\/pages\/42150\/revisions"}],"predecessor-version":[{"id":64363,"href":"https:\/\/www.symaga.com\/de\/wp-json\/wp\/v2\/pages\/42150\/revisions\/64363"}],"wp:attachment":[{"href":"https:\/\/www.symaga.com\/de\/wp-json\/wp\/v2\/media?parent=42150"}],"curies":[{"name":"wp","href":"https:\/\/api.w.org\/{rel}","templated":true}]}}