{"id":42388,"date":"2024-10-21T11:53:02","date_gmt":"2024-10-21T09:53:02","guid":{"rendered":"https:\/\/www.symaga.com\/montage\/"},"modified":"2025-01-26T18:23:09","modified_gmt":"2025-01-26T16:23:09","slug":"montage","status":"publish","type":"page","link":"https:\/\/www.symaga.com\/de\/montage\/","title":{"rendered":"Montage"},"content":{"rendered":"\t\t<div data-elementor-type=\"wp-page\" data-elementor-id=\"42388\" class=\"elementor elementor-42388 elementor-41675\" data-elementor-post-type=\"page\">\n\t\t\t\t<div class=\"elementor-element elementor-element-e71a20b e-con-full e-flex e-con e-parent\" data-id=\"e71a20b\" data-element_type=\"container\" data-settings=\"{&quot;background_background&quot;:&quot;classic&quot;,&quot;shape_divider_bottom&quot;:&quot;triangle-asymmetrical&quot;,&quot;shape_divider_bottom_negative&quot;:&quot;yes&quot;}\">\n\t\t\t\t<div class=\"elementor-shape elementor-shape-bottom\" aria-hidden=\"true\" data-negative=\"true\">\n\t\t\t<svg xmlns=\"http:\/\/www.w3.org\/2000\/svg\" viewBox=\"0 0 1000 100\" preserveAspectRatio=\"none\">\n\t<path class=\"elementor-shape-fill\" d=\"M737.9,94.7L0,0v100h1000V0L737.9,94.7z\"\/>\n<\/svg>\t\t<\/div>\n\t\t\t\t<\/div>\n\t\t<div class=\"elementor-element elementor-element-be5f769 e-flex e-con-boxed e-con e-parent\" data-id=\"be5f769\" data-element_type=\"container\">\n\t\t\t\t\t<div class=\"e-con-inner\">\n\t\t<div class=\"elementor-element elementor-element-7b84f71 e-con-full e-flex e-con e-child\" data-id=\"7b84f71\" data-element_type=\"container\">\n\t\t\t\t<div class=\"elementor-element elementor-element-685b375 elementor-widget elementor-widget-heading\" data-id=\"685b375\" data-element_type=\"widget\" data-widget_type=\"heading.default\">\n\t\t\t\t<div class=\"elementor-widget-container\">\n\t\t\t\t\t<h1 class=\"elementor-heading-title elementor-size-default\">MONTAGE<\/h1>\t\t\t\t<\/div>\n\t\t\t\t<\/div>\n\t\t\t\t<div class=\"elementor-element elementor-element-af2e1d7 elementor-widget elementor-widget-text-editor\" data-id=\"af2e1d7\" data-element_type=\"widget\" data-widget_type=\"text-editor.default\">\n\t\t\t\t<div class=\"elementor-widget-container\">\n\t\t\t\t\t\t\t\t\t<p>Symaga verf\u00fcgt \u00fcber ein Team von Monteuren, die die Montage des Silos und des Zubeh\u00f6rs durchf\u00fchren.\u00a0 Der Montageservice bietet eine Montageplanung sowie eine Koordinierung und Qualit\u00e4tskontrolle, die eine den Standards der Siloanlage entsprechende Ausf\u00fchrung gew\u00e4hrleistet.<\/p>\n<p>W\u00e4hrend der Montage wird ein w\u00f6chentlicher Bericht erstellt, um den Fortschritt der Arbeiten zu dokumentieren.<\/p>\n\t\t\t\t\t\t\t\t<\/div>\n\t\t\t\t<\/div>\n\t\t\t\t<\/div>\n\t\t\t\t\t<\/div>\n\t\t\t\t<\/div>\n\t\t<div class=\"elementor-element elementor-element-9ebdd59 e-flex e-con-boxed e-con e-parent\" data-id=\"9ebdd59\" data-element_type=\"container\" data-settings=\"{&quot;background_background&quot;:&quot;classic&quot;}\">\n\t\t\t\t\t<div class=\"e-con-inner\">\n\t\t<div class=\"elementor-element elementor-element-f0fad01 e-con-full e-flex e-con e-child\" data-id=\"f0fad01\" data-element_type=\"container\">\n\t\t\t\t<div class=\"elementor-element elementor-element-ccd27b5 elementor-view-default elementor-position-top elementor-mobile-position-top elementor-widget elementor-widget-icon-box\" data-id=\"ccd27b5\" data-element_type=\"widget\" data-widget_type=\"icon-box.default\">\n\t\t\t\t<div class=\"elementor-widget-container\">\n\t\t\t\t\t\t\t<div class=\"elementor-icon-box-wrapper\">\n\n\t\t\t\t\t\t<div class=\"elementor-icon-box-icon\">\n\t\t\t\t<span  class=\"elementor-icon\">\n\t\t\t\t<svg xmlns=\"http:\/\/www.w3.org\/2000\/svg\" xmlns:xlink=\"http:\/\/www.w3.org\/1999\/xlink\" id=\"Capa_1\" x=\"0px\" y=\"0px\" viewBox=\"0 0 67.1 68.9\" style=\"enable-background:new 0 0 67.1 68.9;\" xml:space=\"preserve\"><style type=\"text\/css\">\t.st0{fill:#14333F;}\t.st1{fill:#77A1C3;}\t.st2{fill:none;stroke:#3C434B;stroke-width:1.3097;stroke-miterlimit:10;}\t.st3{fill:none;stroke:#3C434B;stroke-width:1.3097;stroke-linecap:round;stroke-miterlimit:10;}\t.st4{fill:#FFFFFF;}\t.st5{fill:#3C434B;}\t.st6{fill:none;stroke:#3C434B;stroke-width:0.9335;stroke-linecap:round;stroke-linejoin:round;stroke-miterlimit:10;}\t.st7{fill:none;stroke:#3C434B;stroke-width:1.3097;stroke-linecap:round;stroke-linejoin:round;stroke-miterlimit:10;}<\/style><g>\t<polygon class=\"st4\" points=\"41,64.4 26,64.4 27.7,54.1 39.3,54.1  \"><\/polygon>\t<path class=\"st5\" d=\"M41.7,65H25.3l1.9-11.5h12.6L41.7,65z M26.7,63.8h13.5l-1.5-9.1H28.2L26.7,63.8z\"><\/path><\/g><rect x=\"1.7\" y=\"48.5\" class=\"st1\" width=\"63.4\" height=\"7.8\"><\/rect><path class=\"st5\" d=\"M64.2,57H2.8c-0.7,0-1.2-0.6-1.2-1.3V13.1c0-0.7,0.5-1.3,1.2-1.3h61.4c0.7,0,1.2,0.6,1.2,1.3v42.6 C65.4,56.4,64.8,57,64.2,57z M2.8,13.1l0,42.7l61.3,0.1l0-42.7L2.8,13.1z\"><\/path><g>\t<rect x=\"32.4\" y=\"14.4\" class=\"st5\" width=\"2.1\" height=\"1.2\"><\/rect><\/g><rect x=\"1.9\" y=\"16.9\" class=\"st5\" width=\"63.3\" height=\"1.2\"><\/rect><rect x=\"2.5\" y=\"47.8\" class=\"st5\" width=\"61.9\" height=\"1.2\"><\/rect><g>\t<polyline class=\"st1\" points=\"16,24.9 16,30.1 18,28.9 20,30.2 20,24.8  \"><\/polyline>\t<path class=\"st6\" d=\"M24.2,38H12.1c-0.3,0-0.6-0.3-0.6-0.6V25.3c0-0.3,0.3-0.6,0.6-0.6h12.1c0.3,0,0.6,0.3,0.6,0.6v12.1  C24.8,37.8,24.6,38,24.2,38z\"><\/path><\/g><path class=\"st2\" d=\"M44,68H22.9c-0.3,0-0.6-0.3-0.6-0.6V65c0-0.3,0.3-0.6,0.6-0.6H44c0.3,0,0.6,0.3,0.6,0.6v2.4 C44.6,67.7,44.4,68,44,68z\"><\/path><g>\t<polyline class=\"st1\" points=\"31.2,24.9 31.2,30.1 33.2,28.9 35.2,30.2 35.2,24.8  \"><\/polyline>\t<path class=\"st6\" d=\"M39.4,38H27.3c-0.3,0-0.6-0.3-0.6-0.6V25.3c0-0.3,0.3-0.6,0.6-0.6h12.1c0.3,0,0.6,0.3,0.6,0.6v12.1  C40,37.8,39.7,38,39.4,38z\"><\/path><\/g><g>\t<polyline class=\"st1\" points=\"46.4,24.9 46.4,30.1 48.4,28.9 50.4,30.2 50.4,24.8  \"><\/polyline>\t<path class=\"st6\" d=\"M54.6,38H42.5c-0.3,0-0.6-0.3-0.6-0.6V25.3c0-0.3,0.3-0.6,0.6-0.6h12.1c0.3,0,0.6,0.3,0.6,0.6v12.1  C55.2,37.8,55,38,54.6,38z\"><\/path><\/g><line class=\"st3\" x1=\"10\" y1=\"40.5\" x2=\"57.1\" y2=\"40.5\"><\/line><\/svg>\t\t\t\t<\/span>\n\t\t\t<\/div>\n\t\t\t\n\t\t\t\t\t\t<div class=\"elementor-icon-box-content\">\n\n\t\t\t\t\t\t\t\t\t<h3 class=\"elementor-icon-box-title\">\n\t\t\t\t\t\t<span  >\n\t\t\t\t\t\t\tPlanung und Berichterstatter\t\t\t\t\t\t<\/span>\n\t\t\t\t\t<\/h3>\n\t\t\t\t\n\t\t\t\t\n\t\t\t<\/div>\n\t\t\t\n\t\t<\/div>\n\t\t\t\t\t\t<\/div>\n\t\t\t\t<\/div>\n\t\t\t\t<\/div>\n\t\t<div class=\"elementor-element elementor-element-0fd048a e-con-full e-flex e-con e-child\" data-id=\"0fd048a\" data-element_type=\"container\">\n\t\t\t\t<div class=\"elementor-element elementor-element-97bed5f elementor-view-default elementor-position-top elementor-mobile-position-top elementor-widget elementor-widget-icon-box\" data-id=\"97bed5f\" data-element_type=\"widget\" data-widget_type=\"icon-box.default\">\n\t\t\t\t<div class=\"elementor-widget-container\">\n\t\t\t\t\t\t\t<div class=\"elementor-icon-box-wrapper\">\n\n\t\t\t\t\t\t<div class=\"elementor-icon-box-icon\">\n\t\t\t\t<span  class=\"elementor-icon\">\n\t\t\t\t<svg xmlns=\"http:\/\/www.w3.org\/2000\/svg\" xmlns:xlink=\"http:\/\/www.w3.org\/1999\/xlink\" id=\"Capa_1\" x=\"0px\" y=\"0px\" viewBox=\"0 0 67.1 68.9\" style=\"enable-background:new 0 0 67.1 68.9;\" xml:space=\"preserve\"><style type=\"text\/css\">\t.st0{fill:none;stroke:#3C434B;stroke-width:1.3097;stroke-miterlimit:10;}\t.st1{fill:#9BA7BC;}\t.st2{fill:none;stroke:#3C434B;stroke-width:1.3401;stroke-miterlimit:10;}\t.st3{fill:none;stroke:#3C434B;stroke-width:1.3097;stroke-linecap:round;stroke-linejoin:round;stroke-miterlimit:10;}\t.st4{fill:#3C434B;}<\/style><g>\t<g>\t\t<path class=\"st4\" d=\"M53,55.5c-0.3,0-0.6-0.2-0.6-0.6l-0.9-9.3c0,0,0-0.1,0-0.1c-0.4-3.6-3.4-6.3-7.1-6.3h-0.5   c-2,0-3.9,0.9-5.1,2.5l-1.6,2.1c-1,1.3-2.5,2-4.1,2c0,0,0,0,0,0c-1.6,0-3.1-0.7-4.1-2l-1.6-2.1c-1.2-1.6-3.1-2.5-5.1-2.5h-0.5   c-3.7,0-6.7,2.8-7.1,6.4l-0.9,9.3c0,0.3-0.3,0.6-0.7,0.6c-0.3,0-0.6-0.3-0.6-0.7l0.9-9.3c0.4-4.3,4-7.6,8.4-7.6h0.5   c2.4,0,4.6,1.1,6.1,3L30,43c0.7,1,1.9,1.5,3.1,1.5c0,0,0,0,0,0c1.2,0,2.3-0.5,3.1-1.5l1.6-2.1c1.5-1.9,3.7-3,6.1-3h0.5   c4.4,0,7.9,3.3,8.4,7.6c0,0,0,0.1,0,0.1l0.9,9.2C53.7,55.1,53.4,55.4,53,55.5C53,55.5,53,55.5,53,55.5z\"><\/path>\t<\/g>\t<g>\t\t<path class=\"st4\" d=\"M33.1,37c-3.9,0-7.2-2.6-8.4-6.5c-0.3-0.9-0.4-1.9-0.4-2.9c0-0.6,0.1-1.3,0.2-1.9c0.1-0.3,0.4-0.6,0.7-0.5   c0.3,0.1,0.6,0.4,0.5,0.7c-0.1,0.5-0.2,1.1-0.2,1.7c0,0.9,0.1,1.7,0.4,2.6c1,3.4,3.9,5.6,7.2,5.6c3.3,0,6.2-2.3,7.2-5.6   c0.1-0.3,0.5-0.5,0.8-0.4c0.3,0.1,0.5,0.5,0.4,0.8C40.3,34.4,36.9,37,33.1,37z\"><\/path>\t<\/g><\/g><g>\t<g>\t\t<path class=\"st4\" d=\"M3.8,46.6C3.8,46.6,3.8,46.6,3.8,46.6c-0.4,0-0.7-0.3-0.6-0.7l0.5-7.4c0.3-4,3.6-7.2,7.6-7.2h9.9   c0.3,0,0.6,0.3,0.6,0.6c0,0.3-0.3,0.6-0.6,0.6h-9.9c-3.4,0-6.2,2.6-6.4,6l-0.5,7.4C4.4,46.4,4.2,46.6,3.8,46.6z\"><\/path>\t<\/g>\t<g>\t\t<path class=\"st4\" d=\"M16.2,27.3c-4.1,0-7.4-3.3-7.4-7.4c0-4.1,3.3-7.4,7.4-7.4c3,0,5.7,1.8,6.9,4.6c0.1,0.3,0,0.7-0.3,0.8   c-0.3,0.1-0.7,0-0.8-0.3c-0.9-2.3-3.2-3.8-5.7-3.8c-3.4,0-6.2,2.8-6.2,6.2c0,3.4,2.8,6.2,6.2,6.2c0.6,0,1.2-0.1,1.7-0.2   c0.3-0.1,0.7,0.1,0.8,0.4c0.1,0.3-0.1,0.7-0.4,0.8C17.6,27.2,16.9,27.3,16.2,27.3z\"><\/path>\t<\/g><\/g><g>\t<g>\t\t<path class=\"st4\" d=\"M62.3,46.6c-0.3,0-0.6-0.3-0.6-0.6l-0.5-7.4c-0.2-3.4-3-6-6.4-6H45c-0.3,0-0.6-0.3-0.6-0.6   c0-0.3,0.3-0.6,0.6-0.6h9.9c4,0,7.4,3.1,7.6,7.2L63,46C63,46.3,62.7,46.6,62.3,46.6C62.4,46.6,62.4,46.6,62.3,46.6z\"><\/path>\t<\/g>\t<g>\t\t<path class=\"st4\" d=\"M50,27.3c-0.7,0-1.4-0.1-2.1-0.3c-0.3-0.1-0.5-0.5-0.4-0.8c0.1-0.3,0.5-0.5,0.8-0.4c0.6,0.2,1.1,0.2,1.7,0.2   c3.4,0,6.2-2.8,6.2-6.2c0-3.4-2.8-6.2-6.2-6.2c-2.5,0-4.8,1.5-5.7,3.8c-0.1,0.3-0.5,0.5-0.8,0.3c-0.3-0.1-0.5-0.5-0.3-0.8   c1.1-2.8,3.8-4.6,6.9-4.6c4.1,0,7.4,3.3,7.4,7.4C57.4,24,54.1,27.3,50,27.3z\"><\/path>\t<\/g><\/g><g>\t<g>\t\t<path class=\"st4\" d=\"M52.1,59.8H14c-0.3,0-0.6-0.3-0.6-0.6c0-0.3,0.3-0.6,0.6-0.6h38.1c0.3,0,0.6,0.3,0.6,0.6   C52.8,59.5,52.5,59.8,52.1,59.8z\"><\/path>\t<\/g>\t<g>\t\t<path class=\"st4\" d=\"M61.6,59.8h-4.9c-0.3,0-0.6-0.3-0.6-0.6c0-0.3,0.3-0.6,0.6-0.6h4.9c0.3,0,0.6,0.3,0.6,0.6   C62.3,59.5,62,59.8,61.6,59.8z\"><\/path>\t<\/g>\t<g>\t\t<path class=\"st4\" d=\"M9.4,59.8H4.5c-0.3,0-0.6-0.3-0.6-0.6c0-0.3,0.3-0.6,0.6-0.6h4.9c0.3,0,0.6,0.3,0.6,0.6   C10,59.5,9.7,59.8,9.4,59.8z\"><\/path>\t<\/g><\/g><g>\t<path class=\"st4\" d=\"M41.1,65.9H24.6c-0.3,0-0.6-0.3-0.6-0.6c0-0.3,0.3-0.6,0.6-0.6h16.5c0.3,0,0.6,0.3,0.6,0.6  C41.8,65.6,41.5,65.9,41.1,65.9z\"><\/path><\/g><path class=\"st1\" d=\"M41.1,21.6L41.1,21.6c-0.4,0-0.7-0.3-0.7-0.6c0-2.8-1.4-5.2-3.7-6.5v3.1c0,0.3-0.3,0.6-0.6,0.6 c-0.3,0-0.6-0.3-0.6-0.6v-2.8h0v-1.4c0-0.7-0.6-1.3-1.3-1.3h-1.8c-0.7,0-1.3,0.6-1.3,1.3v4.4c-0.1,0.3-0.3,0.5-0.6,0.5 c-0.3,0-0.6-0.3-0.6-0.6v-3.1C27.5,15.8,26,18.3,26,21c0,0.3-0.3,0.6-0.6,0.6h-0.1c-0.6,0-1.2,0.2-1.7,0.7c-0.4,0.4-0.7,1-0.7,1.6 c0,1.3,1.1,2.3,2.4,2.3h15.9c0.6,0,1.3-0.2,1.7-0.7c0.5-0.4,0.7-1,0.7-1.6C43.6,22.7,42.5,21.6,41.1,21.6z\"><\/path><\/svg>\t\t\t\t<\/span>\n\t\t\t<\/div>\n\t\t\t\n\t\t\t\t\t\t<div class=\"elementor-icon-box-content\">\n\n\t\t\t\t\t\t\t\t\t<h3 class=\"elementor-icon-box-title\">\n\t\t\t\t\t\t<span  >\n\t\t\t\t\t\t\tTeam von Ausbildern\t\t\t\t\t\t<\/span>\n\t\t\t\t\t<\/h3>\n\t\t\t\t\n\t\t\t\t\n\t\t\t<\/div>\n\t\t\t\n\t\t<\/div>\n\t\t\t\t\t\t<\/div>\n\t\t\t\t<\/div>\n\t\t\t\t<\/div>\n\t\t<div class=\"elementor-element elementor-element-8570327 e-con-full e-flex e-con e-child\" data-id=\"8570327\" data-element_type=\"container\">\n\t\t\t\t<div class=\"elementor-element elementor-element-e1a9e86 elementor-view-default elementor-position-top elementor-mobile-position-top elementor-widget elementor-widget-icon-box\" data-id=\"e1a9e86\" data-element_type=\"widget\" data-widget_type=\"icon-box.default\">\n\t\t\t\t<div class=\"elementor-widget-container\">\n\t\t\t\t\t\t\t<div class=\"elementor-icon-box-wrapper\">\n\n\t\t\t\t\t\t<div class=\"elementor-icon-box-icon\">\n\t\t\t\t<span  class=\"elementor-icon\">\n\t\t\t\t<svg xmlns=\"http:\/\/www.w3.org\/2000\/svg\" xmlns:xlink=\"http:\/\/www.w3.org\/1999\/xlink\" id=\"Capa_1\" x=\"0px\" y=\"0px\" viewBox=\"0 0 67.1 68.9\" style=\"enable-background:new 0 0 67.1 68.9;\" xml:space=\"preserve\"><style type=\"text\/css\">\t.st0{fill:none;stroke:#3C434B;stroke-width:1.3097;stroke-miterlimit:10;}\t.st1{fill:#9BA7BC;}\t.st2{fill:none;stroke:#3C434B;stroke-width:1.3401;stroke-miterlimit:10;}<\/style><path class=\"st0\" d=\"M32.2,61.9l-27.3,0c-0.7,0-1.3-0.6-1.3-1.3l0-44.7c0-0.7,0.6-1.3,1.3-1.3h6.9\"><\/path><path class=\"st0\" d=\"M48.2,14.7h6.6c0.7,0,1.3,0.6,1.3,1.3v17.3\"><\/path><line class=\"st0\" x1=\"18.7\" y1=\"14.7\" x2=\"40.3\" y2=\"14.7\"><\/line><path class=\"st0\" d=\"M11.8,18.2l0-7.3c0-1.9,6.9-1.9,6.9,0v7.3C18.7,20.1,11.8,20.1,11.8,18.2z\"><\/path><path class=\"st0\" d=\"M41.3,18.2v-7.3c0-1.9,6.9-1.9,6.9,0v7.3C48.2,20.1,41.3,20.1,41.3,18.2z\"><\/path><g>\t<g>\t\t<rect x=\"15\" y=\"31.1\" class=\"st1\" width=\"4.3\" height=\"4.3\"><\/rect>\t\t<rect x=\"23.3\" y=\"31.1\" class=\"st1\" width=\"4.3\" height=\"4.3\"><\/rect>\t\t<rect x=\"31.8\" y=\"31.1\" class=\"st1\" width=\"4.3\" height=\"4.3\"><\/rect>\t<\/g>\t<g>\t\t<rect x=\"40\" y=\"31.1\" class=\"st1\" width=\"4.3\" height=\"4.3\"><\/rect>\t<\/g>\t<g>\t\t<rect x=\"14.8\" y=\"39.5\" class=\"st1\" width=\"4.3\" height=\"4.3\"><\/rect>\t\t<rect x=\"23.2\" y=\"39.5\" class=\"st1\" width=\"4.3\" height=\"4.3\"><\/rect>\t\t<rect x=\"31.9\" y=\"39.5\" class=\"st1\" width=\"4.3\" height=\"4.3\"><\/rect>\t<\/g>\t<g>\t\t<rect x=\"14.8\" y=\"47.9\" class=\"st1\" width=\"4.3\" height=\"4.3\"><\/rect>\t\t<rect x=\"23.2\" y=\"47.9\" class=\"st1\" width=\"4.3\" height=\"4.3\"><\/rect>\t<\/g><\/g><circle class=\"st1\" cx=\"50.8\" cy=\"54\" r=\"13.6\"><\/circle><polyline class=\"st2\" points=\"44,53.3 50.2,59 57.6,49 \"><\/polyline><\/svg>\t\t\t\t<\/span>\n\t\t\t<\/div>\n\t\t\t\n\t\t\t\t\t\t<div class=\"elementor-icon-box-content\">\n\n\t\t\t\t\t\t\t\t\t<h3 class=\"elementor-icon-box-title\">\n\t\t\t\t\t\t<span  >\n\t\t\t\t\t\t\tVermeiden Sie Projektverz\u00f6gerungen\t\t\t\t\t\t<\/span>\n\t\t\t\t\t<\/h3>\n\t\t\t\t\n\t\t\t\t\n\t\t\t<\/div>\n\t\t\t\n\t\t<\/div>\n\t\t\t\t\t\t<\/div>\n\t\t\t\t<\/div>\n\t\t\t\t<\/div>\n\t\t\t\t\t<\/div>\n\t\t\t\t<\/div>\n\t\t<div class=\"elementor-element elementor-element-cdc4dba e-flex e-con-boxed e-con e-parent\" data-id=\"cdc4dba\" data-element_type=\"container\">\n\t\t\t\t\t<div class=\"e-con-inner\">\n\t\t<div class=\"elementor-element elementor-element-ee0391f e-con-full e-flex e-con e-child\" data-id=\"ee0391f\" data-element_type=\"container\">\n\t\t<div class=\"elementor-element elementor-element-4df7ac5 e-grid e-con-full e-con e-child\" data-id=\"4df7ac5\" data-element_type=\"container\">\n\t\t\t\t<div class=\"elementor-element elementor-element-9ef719e elementor-widget elementor-widget-video\" data-id=\"9ef719e\" data-element_type=\"widget\" data-settings=\"{&quot;youtube_url&quot;:&quot;https:\\\/\\\/youtu.be\\\/4iAkdM1VuSs?si=FSWynZzeGPw25Yy7&quot;,&quot;video_type&quot;:&quot;youtube&quot;,&quot;controls&quot;:&quot;yes&quot;}\" data-widget_type=\"video.default\">\n\t\t\t\t<div class=\"elementor-widget-container\">\n\t\t\t\t\t\t\t<div class=\"elementor-wrapper elementor-open-inline\">\n\t\t\t<div class=\"elementor-video\"><\/div>\t\t<\/div>\n\t\t\t\t\t\t<\/div>\n\t\t\t\t<\/div>\n\t\t\t\t<div class=\"elementor-element elementor-element-e6662e6 elementor-widget elementor-widget-video\" data-id=\"e6662e6\" data-element_type=\"widget\" data-settings=\"{&quot;youtube_url&quot;:&quot;https:\\\/\\\/www.youtube.com\\\/watch?v=PFendGWj-ms&quot;,&quot;video_type&quot;:&quot;youtube&quot;,&quot;controls&quot;:&quot;yes&quot;}\" data-widget_type=\"video.default\">\n\t\t\t\t<div class=\"elementor-widget-container\">\n\t\t\t\t\t\t\t<div class=\"elementor-wrapper elementor-open-inline\">\n\t\t\t<div class=\"elementor-video\"><\/div>\t\t<\/div>\n\t\t\t\t\t\t<\/div>\n\t\t\t\t<\/div>\n\t\t\t\t<div class=\"elementor-element elementor-element-c7efa17 elementor-widget elementor-widget-video\" data-id=\"c7efa17\" data-element_type=\"widget\" data-settings=\"{&quot;youtube_url&quot;:&quot;https:\\\/\\\/www.youtube.com\\\/watch?v=MSOH4NAtGwc&quot;,&quot;video_type&quot;:&quot;youtube&quot;,&quot;controls&quot;:&quot;yes&quot;}\" data-widget_type=\"video.default\">\n\t\t\t\t<div class=\"elementor-widget-container\">\n\t\t\t\t\t\t\t<div class=\"elementor-wrapper elementor-open-inline\">\n\t\t\t<div class=\"elementor-video\"><\/div>\t\t<\/div>\n\t\t\t\t\t\t<\/div>\n\t\t\t\t<\/div>\n\t\t\t\t<div class=\"elementor-element elementor-element-9f568b7 elementor-widget elementor-widget-video\" data-id=\"9f568b7\" data-element_type=\"widget\" data-settings=\"{&quot;youtube_url&quot;:&quot;https:\\\/\\\/www.youtube.com\\\/watch?v=-YIsb96pkW4&quot;,&quot;video_type&quot;:&quot;youtube&quot;,&quot;controls&quot;:&quot;yes&quot;}\" data-widget_type=\"video.default\">\n\t\t\t\t<div class=\"elementor-widget-container\">\n\t\t\t\t\t\t\t<div class=\"elementor-wrapper elementor-open-inline\">\n\t\t\t<div class=\"elementor-video\"><\/div>\t\t<\/div>\n\t\t\t\t\t\t<\/div>\n\t\t\t\t<\/div>\n\t\t\t\t<div class=\"elementor-element elementor-element-df2af70 elementor-widget elementor-widget-video\" data-id=\"df2af70\" data-element_type=\"widget\" data-settings=\"{&quot;youtube_url&quot;:&quot;https:\\\/\\\/www.youtube.com\\\/watch?v=v2CFYjIhD3o&quot;,&quot;video_type&quot;:&quot;youtube&quot;,&quot;controls&quot;:&quot;yes&quot;}\" data-widget_type=\"video.default\">\n\t\t\t\t<div class=\"elementor-widget-container\">\n\t\t\t\t\t\t\t<div class=\"elementor-wrapper elementor-open-inline\">\n\t\t\t<div class=\"elementor-video\"><\/div>\t\t<\/div>\n\t\t\t\t\t\t<\/div>\n\t\t\t\t<\/div>\n\t\t\t\t<div class=\"elementor-element elementor-element-975db9a elementor-widget elementor-widget-video\" data-id=\"975db9a\" data-element_type=\"widget\" data-settings=\"{&quot;youtube_url&quot;:&quot;https:\\\/\\\/youtu.be\\\/pVD6_JE9R9g?si=DMFGW3aUb1mEjyqd&quot;,&quot;video_type&quot;:&quot;youtube&quot;,&quot;controls&quot;:&quot;yes&quot;}\" data-widget_type=\"video.default\">\n\t\t\t\t<div class=\"elementor-widget-container\">\n\t\t\t\t\t\t\t<div class=\"elementor-wrapper elementor-open-inline\">\n\t\t\t<div class=\"elementor-video\"><\/div>\t\t<\/div>\n\t\t\t\t\t\t<\/div>\n\t\t\t\t<\/div>\n\t\t\t\t<\/div>\n\t\t\t\t<\/div>\n\t\t\t\t\t<\/div>\n\t\t\t\t<\/div>\n\t\t\t\t<\/div>\n\t\t","protected":false},"excerpt":{"rendered":"<p>MONTAGE Symaga verf\u00fcgt \u00fcber ein Team von Monteuren, die die Montage des Silos und des Zubeh\u00f6rs durchf\u00fchren.\u00a0 Der Montageservice bietet eine Montageplanung sowie eine Koordinierung und Qualit\u00e4tskontrolle, die eine den Standards der Siloanlage entsprechende Ausf\u00fchrung gew\u00e4hrleistet. W\u00e4hrend der Montage wird ein w\u00f6chentlicher Bericht erstellt, um den Fortschritt der Arbeiten zu dokumentieren. Planung und Berichterstatter Team [&hellip;]<\/p>\n","protected":false},"author":1,"featured_media":0,"parent":0,"menu_order":0,"comment_status":"closed","ping_status":"closed","template":"","meta":{"footnotes":""},"class_list":["post-42388","page","type-page","status-publish","hentry"],"_links":{"self":[{"href":"https:\/\/www.symaga.com\/de\/wp-json\/wp\/v2\/pages\/42388","targetHints":{"allow":["GET"]}}],"collection":[{"href":"https:\/\/www.symaga.com\/de\/wp-json\/wp\/v2\/pages"}],"about":[{"href":"https:\/\/www.symaga.com\/de\/wp-json\/wp\/v2\/types\/page"}],"author":[{"embeddable":true,"href":"https:\/\/www.symaga.com\/de\/wp-json\/wp\/v2\/users\/1"}],"replies":[{"embeddable":true,"href":"https:\/\/www.symaga.com\/de\/wp-json\/wp\/v2\/comments?post=42388"}],"version-history":[{"count":2,"href":"https:\/\/www.symaga.com\/de\/wp-json\/wp\/v2\/pages\/42388\/revisions"}],"predecessor-version":[{"id":42649,"href":"https:\/\/www.symaga.com\/de\/wp-json\/wp\/v2\/pages\/42388\/revisions\/42649"}],"wp:attachment":[{"href":"https:\/\/www.symaga.com\/de\/wp-json\/wp\/v2\/media?parent=42388"}],"curies":[{"name":"wp","href":"https:\/\/api.w.org\/{rel}","templated":true}]}}