{"id":40030,"date":"2024-09-18T13:58:21","date_gmt":"2024-09-18T11:58:21","guid":{"rendered":"https:\/\/www.symaga.com\/histoire\/"},"modified":"2025-05-08T15:12:19","modified_gmt":"2025-05-08T14:12:19","slug":"histoire","status":"publish","type":"page","link":"https:\/\/www.symaga.com\/fr\/histoire\/","title":{"rendered":"Histoire"},"content":{"rendered":"\t\t<div data-elementor-type=\"wp-page\" data-elementor-id=\"40030\" class=\"elementor elementor-40030 elementor-37582\" data-elementor-post-type=\"page\">\n\t\t\t\t<div class=\"elementor-element elementor-element-e71a20b e-con-full e-flex e-con e-parent\" data-id=\"e71a20b\" data-element_type=\"container\" data-settings=\"{&quot;background_background&quot;:&quot;classic&quot;,&quot;shape_divider_bottom&quot;:&quot;triangle-asymmetrical&quot;,&quot;shape_divider_bottom_negative&quot;:&quot;yes&quot;}\">\n\t\t\t\t<div class=\"elementor-shape elementor-shape-bottom\" aria-hidden=\"true\" data-negative=\"true\">\n\t\t\t<svg xmlns=\"http:\/\/www.w3.org\/2000\/svg\" viewBox=\"0 0 1000 100\" preserveAspectRatio=\"none\">\n\t<path class=\"elementor-shape-fill\" d=\"M737.9,94.7L0,0v100h1000V0L737.9,94.7z\"\/>\n<\/svg>\t\t<\/div>\n\t\t\t\t<\/div>\n\t\t<div class=\"elementor-element elementor-element-ad6fea7 e-flex e-con-boxed e-con e-parent\" data-id=\"ad6fea7\" data-element_type=\"container\" data-settings=\"{&quot;background_background&quot;:&quot;classic&quot;}\">\n\t\t\t\t\t<div class=\"e-con-inner\">\n\t\t<div class=\"elementor-element elementor-element-54a724c e-flex e-con-boxed e-con e-child\" data-id=\"54a724c\" data-element_type=\"container\">\n\t\t\t\t\t<div class=\"e-con-inner\">\n\t\t\t\t<div class=\"elementor-element elementor-element-c25805d elementor-widget elementor-widget-text-editor\" data-id=\"c25805d\" data-element_type=\"widget\" data-widget_type=\"text-editor.default\">\n\t\t\t\t<div class=\"elementor-widget-container\">\n\t\t\t\t\t\t\t\t\t<h4 style=\"text-align: center;\">40 ans avec toi<\/h4>\n<h1 style=\"text-align: center;\">HISTOIRE<\/h1>\n\t\t\t\t\t\t\t\t<\/div>\n\t\t\t\t<\/div>\n\t\t\t\t<div class=\"elementor-element elementor-element-7ca4932 elementor-widget elementor-widget-text-editor\" data-id=\"7ca4932\" data-element_type=\"widget\" data-widget_type=\"text-editor.default\">\n\t\t\t\t<div class=\"elementor-widget-container\">\n\t\t\t\t\t\t\t\t\t<p style=\"text-align: center;\">Dans les ann\u00e9es 1980, le fondateur de Symaga, Alfonso Garrido, a eu l&rsquo;id\u00e9e de fabriquer des silos m\u00e9talliques pour \u00e9viter les pertes de c\u00e9r\u00e9ales et d&rsquo;aliments pour animaux, offrant ainsi une solution de stockage \u00e0 ses clients et au monde de l&rsquo;agriculture et de l&rsquo;\u00e9levage. Symaga a commenc\u00e9 dans un atelier de Villarta de San Juan. Aujourd&rsquo;hui, c&rsquo;est l&rsquo;une des usines les plus avanc\u00e9es d&rsquo;Europe technologiquement, qui continue \u00e0 travailler pour aider \u00e0 nourrir le monde gr\u00e2ce \u00e0 un stockage efficace. Sa vision est le fil conducteur qui a d\u00e9termin\u00e9 le succ\u00e8s de notre entreprise dans le pass\u00e9, le pr\u00e9sent et l&rsquo;avenir.<\/p>\n\t\t\t\t\t\t\t\t<\/div>\n\t\t\t\t<\/div>\n\t\t\t\t\t<\/div>\n\t\t\t\t<\/div>\n\t\t\t\t\t<\/div>\n\t\t\t\t<\/div>\n\t\t<div class=\"elementor-element elementor-element-e2b0364 e-flex e-con-boxed e-con e-parent\" data-id=\"e2b0364\" data-element_type=\"container\">\n\t\t\t\t\t<div class=\"e-con-inner\">\n\t\t\t\t\t<\/div>\n\t\t\t\t<\/div>\n\t\t\t\t<\/div>\n\t\t","protected":false},"excerpt":{"rendered":"<p>40 ans avec toi HISTOIRE Dans les ann\u00e9es 1980, le fondateur de Symaga, Alfonso Garrido, a eu l&rsquo;id\u00e9e de fabriquer des silos m\u00e9talliques pour \u00e9viter les pertes de c\u00e9r\u00e9ales et d&rsquo;aliments pour animaux, offrant ainsi une solution de stockage \u00e0 ses clients et au monde de l&rsquo;agriculture et de l&rsquo;\u00e9levage. Symaga a commenc\u00e9 dans un [&hellip;]<\/p>\n","protected":false},"author":1,"featured_media":0,"parent":0,"menu_order":0,"comment_status":"closed","ping_status":"closed","template":"","meta":{"footnotes":""},"class_list":["post-40030","page","type-page","status-publish","hentry"],"_links":{"self":[{"href":"https:\/\/www.symaga.com\/fr\/wp-json\/wp\/v2\/pages\/40030","targetHints":{"allow":["GET"]}}],"collection":[{"href":"https:\/\/www.symaga.com\/fr\/wp-json\/wp\/v2\/pages"}],"about":[{"href":"https:\/\/www.symaga.com\/fr\/wp-json\/wp\/v2\/types\/page"}],"author":[{"embeddable":true,"href":"https:\/\/www.symaga.com\/fr\/wp-json\/wp\/v2\/users\/1"}],"replies":[{"embeddable":true,"href":"https:\/\/www.symaga.com\/fr\/wp-json\/wp\/v2\/comments?post=40030"}],"version-history":[{"count":5,"href":"https:\/\/www.symaga.com\/fr\/wp-json\/wp\/v2\/pages\/40030\/revisions"}],"predecessor-version":[{"id":62906,"href":"https:\/\/www.symaga.com\/fr\/wp-json\/wp\/v2\/pages\/40030\/revisions\/62906"}],"wp:attachment":[{"href":"https:\/\/www.symaga.com\/fr\/wp-json\/wp\/v2\/media?parent=40030"}],"curies":[{"name":"wp","href":"https:\/\/api.w.org\/{rel}","templated":true}]}}