{"id":40037,"date":"2024-09-18T14:10:31","date_gmt":"2024-09-18T12:10:31","guid":{"rendered":"https:\/\/www.symaga.com\/responsabilite-des-entreprises\/"},"modified":"2025-09-17T14:04:56","modified_gmt":"2025-09-17T13:04:56","slug":"responsabilite-des-entreprises","status":"publish","type":"page","link":"https:\/\/www.symaga.com\/fr\/responsabilite-des-entreprises\/","title":{"rendered":"Responsabilit\u00e9 des Entreprises"},"content":{"rendered":"\t\t<div data-elementor-type=\"wp-page\" data-elementor-id=\"40037\" class=\"elementor elementor-40037 elementor-37731\" data-elementor-post-type=\"page\">\n\t\t\t\t<div class=\"elementor-element elementor-element-e71a20b e-con-full e-flex e-con e-parent\" data-id=\"e71a20b\" data-element_type=\"container\" data-settings=\"{&quot;background_background&quot;:&quot;classic&quot;,&quot;shape_divider_bottom&quot;:&quot;triangle-asymmetrical&quot;,&quot;shape_divider_bottom_negative&quot;:&quot;yes&quot;}\">\n\t\t\t\t<div class=\"elementor-shape elementor-shape-bottom\" aria-hidden=\"true\" data-negative=\"true\">\n\t\t\t<svg xmlns=\"http:\/\/www.w3.org\/2000\/svg\" viewBox=\"0 0 1000 100\" preserveAspectRatio=\"none\">\n\t<path class=\"elementor-shape-fill\" d=\"M737.9,94.7L0,0v100h1000V0L737.9,94.7z\"\/>\n<\/svg>\t\t<\/div>\n\t\t\t\t<\/div>\n\t\t<div class=\"elementor-element elementor-element-afa9958 e-flex e-con-boxed e-con e-parent\" data-id=\"afa9958\" data-element_type=\"container\">\n\t\t\t\t\t<div class=\"e-con-inner\">\n\t\t<div class=\"elementor-element elementor-element-a46a9ce e-con-full e-flex e-con e-child\" data-id=\"a46a9ce\" data-element_type=\"container\">\n\t\t\t\t<div class=\"elementor-element elementor-element-483f235 elementor-widget elementor-widget-text-editor\" data-id=\"483f235\" data-element_type=\"widget\" data-widget_type=\"text-editor.default\">\n\t\t\t\t<div class=\"elementor-widget-container\">\n\t\t\t\t\t\t\t\t\t<h4 style=\"text-align: center;\">Toujours penser \u00e0 notre environnement<\/h4>\r\n<h1 style=\" text-align: center;\">RESPONSABILIT\u00c9 SOCIALE DES ENTREPRISES<\/h1>\t\t\t\t\t\t\t\t<\/div>\n\t\t\t\t<\/div>\n\t\t\t\t<div class=\"elementor-element elementor-element-7bc3e89 elementor-widget elementor-widget-text-editor\" data-id=\"7bc3e89\" data-element_type=\"widget\" data-widget_type=\"text-editor.default\">\n\t\t\t\t<div class=\"elementor-widget-container\">\n\t\t\t\t\t\t\t\t\t<p style=\"text-align: center;\">L&rsquo;engagement d&rsquo;une entreprise doit aller au-del\u00e0 des b\u00e9n\u00e9fices \u00e9conomiques, en promouvant les b\u00e9n\u00e9fices sociaux et la durabilit\u00e9 environnementale. Symaga promeut un <strong>plan de responsabilit\u00e9 d&rsquo;entreprise<\/strong> dans le cadre d&rsquo;un code \u00e9thique de respect de la nature et de d\u00e9veloppement personnel et d&rsquo;entreprise.<\/p>\n\t\t\t\t\t\t\t\t<\/div>\n\t\t\t\t<\/div>\n\t\t\t\t<\/div>\n\t\t<div class=\"elementor-element elementor-element-eabde07 e-con-full e-flex e-con e-child\" data-id=\"eabde07\" data-element_type=\"container\">\n\t\t\t\t<div class=\"elementor-element elementor-element-f1ba813 elementor-widget elementor-widget-image\" data-id=\"f1ba813\" data-element_type=\"widget\" data-widget_type=\"image.default\">\n\t\t\t\t<div class=\"elementor-widget-container\">\n\t\t\t\t\t\t\t\t\t\t\t\t\t\t\t<img decoding=\"async\" src=\"https:\/\/www.symaga.com\/wp-content\/uploads\/2024\/07\/responsabilidad-social-corporativa-asociaciones-symaga.jpg\" title=\"responsabilidad-social-corporativa-asociaciones-symaga\" alt=\"responsabilidad-social-corporativa-asociaciones-symaga\" loading=\"lazy\" \/>\t\t\t\t\t\t\t\t\t\t\t\t\t\t\t<\/div>\n\t\t\t\t<\/div>\n\t\t\t\t<div class=\"elementor-element elementor-element-ca6bc02 elementor-widget elementor-widget-text-editor\" data-id=\"ca6bc02\" data-element_type=\"widget\" data-widget_type=\"text-editor.default\">\n\t\t\t\t<div class=\"elementor-widget-container\">\n\t\t\t\t\t\t\t\t\t<h3>Associations et Fondations.<\/h3>\n<p>Construire une soci\u00e9t\u00e9 plus juste est un autre de nos engagements. Nous avons collabor\u00e9 avec des fondations et des ONG\u00a0: Banco de Alimentos, AFIM, Cruz Roja, Manos Unidas y NIPACE, AELIP, Supernenas, Esperanza y Alegr\u00eda, Enach, Laudes Infantis, Banco de Alimentos, Plataforma Solidaria en Bolivia, Save the Children, Ucranianos de Alc\u00e1zar de San Juan, ADS et Rotary Club.<\/p>\n\t\t\t\t\t\t\t\t<\/div>\n\t\t\t\t<\/div>\n\t\t\t\t<\/div>\n\t\t<div class=\"elementor-element elementor-element-9e49c83 e-con-full e-flex e-con e-child\" data-id=\"9e49c83\" data-element_type=\"container\">\n\t\t\t\t<div class=\"elementor-element elementor-element-d003884 elementor-widget elementor-widget-image\" data-id=\"d003884\" data-element_type=\"widget\" data-widget_type=\"image.default\">\n\t\t\t\t<div class=\"elementor-widget-container\">\n\t\t\t\t\t\t\t\t\t\t\t\t\t\t\t<img fetchpriority=\"high\" decoding=\"async\" width=\"600\" height=\"450\" src=\"https:\/\/www.symaga.com\/wp-content\/uploads\/2024\/07\/responsabilidad-social-corporativa-deporte-symaga.jpg\" class=\"attachment-large size-large wp-image-38217\" alt=\"\" srcset=\"https:\/\/www.symaga.com\/wp-content\/uploads\/2024\/07\/responsabilidad-social-corporativa-deporte-symaga.jpg 600w, https:\/\/www.symaga.com\/wp-content\/uploads\/2024\/07\/responsabilidad-social-corporativa-deporte-symaga-300x225.jpg 300w\" sizes=\"(max-width: 600px) 100vw, 600px\" \/>\t\t\t\t\t\t\t\t\t\t\t\t\t\t\t<\/div>\n\t\t\t\t<\/div>\n\t\t\t\t<div class=\"elementor-element elementor-element-b08ad6a elementor-widget elementor-widget-text-editor\" data-id=\"b08ad6a\" data-element_type=\"widget\" data-widget_type=\"text-editor.default\">\n\t\t\t\t<div class=\"elementor-widget-container\">\n\t\t\t\t\t\t\t\t\t<h3>Sport<\/h3>\n<p>Dans notre r\u00e9gion, nous sponsorisons une \u00e9quipe de football, des \u00e9coles sportives, club d&rsquo;athl\u00e9tisme et des tournois de paddle tennis.<\/p>\n<p>Au niveau international, nous collaborons avec le Panda Raid, Crazy car race in<br \/>\nAustralia, Water Aid et Titam Desert.<\/p>\n\t\t\t\t\t\t\t\t<\/div>\n\t\t\t\t<\/div>\n\t\t\t\t<\/div>\n\t\t<div class=\"elementor-element elementor-element-3e25a8f e-con-full e-flex e-con e-child\" data-id=\"3e25a8f\" data-element_type=\"container\">\n\t\t\t\t<div class=\"elementor-element elementor-element-ebc1939 elementor-widget elementor-widget-image\" data-id=\"ebc1939\" data-element_type=\"widget\" data-widget_type=\"image.default\">\n\t\t\t\t<div class=\"elementor-widget-container\">\n\t\t\t\t\t\t\t\t\t\t\t\t\t\t\t<img decoding=\"async\" width=\"600\" height=\"450\" src=\"https:\/\/www.symaga.com\/wp-content\/uploads\/2024\/07\/responsabilidad-social-corporativa-universidades-symaga.jpg\" class=\"attachment-large size-large wp-image-38224\" alt=\"\" srcset=\"https:\/\/www.symaga.com\/wp-content\/uploads\/2024\/07\/responsabilidad-social-corporativa-universidades-symaga.jpg 600w, https:\/\/www.symaga.com\/wp-content\/uploads\/2024\/07\/responsabilidad-social-corporativa-universidades-symaga-300x225.jpg 300w\" sizes=\"(max-width: 600px) 100vw, 600px\" \/>\t\t\t\t\t\t\t\t\t\t\t\t\t\t\t<\/div>\n\t\t\t\t<\/div>\n\t\t\t\t<div class=\"elementor-element elementor-element-fffec74 elementor-widget elementor-widget-text-editor\" data-id=\"fffec74\" data-element_type=\"widget\" data-widget_type=\"text-editor.default\">\n\t\t\t\t<div class=\"elementor-widget-container\">\n\t\t\t\t\t\t\t\t\t<h3>Universit\u00e9s, coll\u00e8ges et instituts<\/h3>\n<p>Nous d\u00e9veloppons des projets avec l&#39;Universit\u00e9 Polytechnic de Madrid, l\u2019universit\u00e9 de Castilla-La Mancha, Bipree Research Group, l\u2019Universit\u00e9 d\u2019Agriculture Aleksandras Stulginskis University et l\u2019Itecam de Castilla La Mancha.<\/p>\n<p>Nous contribuons au d\u00e9veloppement professionnel par le biais de stages et de visites de groupes d&rsquo;\u00e9tudiants.<\/p>\n\t\t\t\t\t\t\t\t<\/div>\n\t\t\t\t<\/div>\n\t\t\t\t<\/div>\n\t\t\t\t\t<\/div>\n\t\t\t\t<\/div>\n\t\t<div class=\"elementor-element elementor-element-3dacb26 e-con-full e-flex e-con e-parent\" data-id=\"3dacb26\" data-element_type=\"container\">\n\t\t<div class=\"elementor-element elementor-element-1e3602f e-con-full e-flex e-con e-child\" data-id=\"1e3602f\" data-element_type=\"container\" data-settings=\"{&quot;background_background&quot;:&quot;classic&quot;,&quot;shape_divider_top&quot;:&quot;tilt&quot;,&quot;shape_divider_bottom&quot;:&quot;tilt&quot;}\">\n\t\t\t\t<div class=\"elementor-shape elementor-shape-top\" aria-hidden=\"true\" data-negative=\"false\">\n\t\t\t<svg xmlns=\"http:\/\/www.w3.org\/2000\/svg\" viewBox=\"0 0 1000 100\" preserveAspectRatio=\"none\">\n\t<path class=\"elementor-shape-fill\" d=\"M0,6V0h1000v100L0,6z\"\/>\n<\/svg>\t\t<\/div>\n\t\t\t\t<div class=\"elementor-shape elementor-shape-bottom\" aria-hidden=\"true\" data-negative=\"false\">\n\t\t\t<svg xmlns=\"http:\/\/www.w3.org\/2000\/svg\" viewBox=\"0 0 1000 100\" preserveAspectRatio=\"none\">\n\t<path class=\"elementor-shape-fill\" d=\"M0,6V0h1000v100L0,6z\"\/>\n<\/svg>\t\t<\/div>\n\t\t\t\t<\/div>\n\t\t<div class=\"elementor-element elementor-element-45c800c e-con-full e-flex e-con e-child\" data-id=\"45c800c\" data-element_type=\"container\" data-settings=\"{&quot;background_background&quot;:&quot;classic&quot;}\">\n\t\t\t\t<div class=\"elementor-element elementor-element-1144169 elementor-widget elementor-widget-text-editor\" data-id=\"1144169\" data-element_type=\"widget\" data-widget_type=\"text-editor.default\">\n\t\t\t\t<div class=\"elementor-widget-container\">\n\t\t\t\t\t\t\t\t\t<h2>NOTRE ENVIRONNMENT<\/h2>\n\t\t\t\t\t\t\t\t<\/div>\n\t\t\t\t<\/div>\n\t\t\t\t<div class=\"elementor-element elementor-element-2eb460f elementor-widget elementor-widget-text-editor\" data-id=\"2eb460f\" data-element_type=\"widget\" data-widget_type=\"text-editor.default\">\n\t\t\t\t<div class=\"elementor-widget-container\">\n\t\t\t\t\t\t\t\t\t<p>Symaga s&rsquo;engage \u00e0 pr\u00e9server la nature pour les g\u00e9n\u00e9rations futures. Le<br \/>\nprogramme environnemental comprend\u00a0:<\/p>\n<ul>\n<li><strong>Syst\u00e8me de gestion environnementale<\/strong>. En 2018, nous avons obtenu la certification UNE-EN ISO 14001. La gestion des d\u00e9chets et des ressources est optimis\u00e9e, avec la r\u00e9duction de la consommation d&rsquo;eau et le traitement des eaux us\u00e9es.<\/li>\n<li>Les <strong>fournisseurs d\u2019acier sont certifi\u00e9s<\/strong> ISO 14001. Ils utilisent 80 \u00e0 90% de mat\u00e9riaux recycl\u00e9s.<\/li>\n<li>La <strong>centrale de production d&rsquo;\u00e9nergie solaire photovolta\u00efque<\/strong> pour l&rsquo;autoconsommation install\u00e9e dans l&rsquo;usine a doubl\u00e9 sa capacit\u00e9 d&#038;&rsquo;ici \u00e0 2022, l&rsquo;objectif \u00e0 moyen terme \u00e9tant de parvenir \u00e0 une production 100 % verte.<\/li>\n<\/ul>\n\t\t\t\t\t\t\t\t<\/div>\n\t\t\t\t<\/div>\n\t\t\t\t<\/div>\n\t\t\t\t<\/div>\n\t\t<div class=\"elementor-element elementor-element-28f8d17 e-flex e-con-boxed e-con e-parent\" data-id=\"28f8d17\" data-element_type=\"container\">\n\t\t\t\t\t<div class=\"e-con-inner\">\n\t\t\t\t<div class=\"elementor-element elementor-element-a9b6f97 elementor-align-center elementor-widget elementor-widget-button\" data-id=\"a9b6f97\" data-element_type=\"widget\" data-widget_type=\"button.default\">\n\t\t\t\t<div class=\"elementor-widget-container\">\n\t\t\t\t\t\t\t\t\t<div class=\"elementor-button-wrapper\">\n\t\t\t\t\t<a class=\"elementor-button elementor-button-link elementor-size-sm\" href=\"https:\/\/www.symaga.com\/wp-content\/uploads\/2025\/09\/Plan-RSE-SYMAGA-v1.pdf\" target=\"_blank\">\n\t\t\t\t\t\t<span class=\"elementor-button-content-wrapper\">\n\t\t\t\t\t\t\t\t\t<span class=\"elementor-button-text\">PLAN DE RESPONSABILIT\u00c9 SOCIALE DES ENTREPRISES<\/span>\n\t\t\t\t\t<\/span>\n\t\t\t\t\t<\/a>\n\t\t\t\t<\/div>\n\t\t\t\t\t\t\t\t<\/div>\n\t\t\t\t<\/div>\n\t\t\t\t\t<\/div>\n\t\t\t\t<\/div>\n\t\t\t\t<\/div>\n\t\t","protected":false},"excerpt":{"rendered":"<p>Toujours penser \u00e0 notre environnement RESPONSABILIT\u00c9 SOCIALE DES ENTREPRISES L&rsquo;engagement d&rsquo;une entreprise doit aller au-del\u00e0 des b\u00e9n\u00e9fices \u00e9conomiques, en promouvant les b\u00e9n\u00e9fices sociaux et la durabilit\u00e9 environnementale. Symaga promeut un plan de responsabilit\u00e9 d&rsquo;entreprise dans le cadre d&rsquo;un code \u00e9thique de respect de la nature et de d\u00e9veloppement personnel et d&rsquo;entreprise. Associations et Fondations. Construire [&hellip;]<\/p>\n","protected":false},"author":1,"featured_media":0,"parent":0,"menu_order":0,"comment_status":"closed","ping_status":"closed","template":"","meta":{"footnotes":""},"class_list":["post-40037","page","type-page","status-publish","hentry"],"_links":{"self":[{"href":"https:\/\/www.symaga.com\/fr\/wp-json\/wp\/v2\/pages\/40037","targetHints":{"allow":["GET"]}}],"collection":[{"href":"https:\/\/www.symaga.com\/fr\/wp-json\/wp\/v2\/pages"}],"about":[{"href":"https:\/\/www.symaga.com\/fr\/wp-json\/wp\/v2\/types\/page"}],"author":[{"embeddable":true,"href":"https:\/\/www.symaga.com\/fr\/wp-json\/wp\/v2\/users\/1"}],"replies":[{"embeddable":true,"href":"https:\/\/www.symaga.com\/fr\/wp-json\/wp\/v2\/comments?post=40037"}],"version-history":[{"count":4,"href":"https:\/\/www.symaga.com\/fr\/wp-json\/wp\/v2\/pages\/40037\/revisions"}],"predecessor-version":[{"id":64360,"href":"https:\/\/www.symaga.com\/fr\/wp-json\/wp\/v2\/pages\/40037\/revisions\/64360"}],"wp:attachment":[{"href":"https:\/\/www.symaga.com\/fr\/wp-json\/wp\/v2\/media?parent=40037"}],"curies":[{"name":"wp","href":"https:\/\/api.w.org\/{rel}","templated":true}]}}