{"id":40046,"date":"2024-09-18T14:39:33","date_gmt":"2024-09-18T12:39:33","guid":{"rendered":"https:\/\/www.symaga.com\/rejoingnez-notre-equipe\/"},"modified":"2025-02-21T15:25:57","modified_gmt":"2025-02-21T13:25:57","slug":"rejoingnez-notre-equipe","status":"publish","type":"page","link":"https:\/\/www.symaga.com\/fr\/rejoingnez-notre-equipe\/","title":{"rendered":"Rejoingnez notre \u00e9quipe"},"content":{"rendered":"\t\t<div data-elementor-type=\"wp-page\" data-elementor-id=\"40046\" class=\"elementor elementor-40046 elementor-38290\" data-elementor-post-type=\"page\">\n\t\t\t\t<div class=\"elementor-element elementor-element-e71a20b e-con-full e-flex e-con e-parent\" data-id=\"e71a20b\" data-element_type=\"container\" data-settings=\"{&quot;background_background&quot;:&quot;classic&quot;,&quot;shape_divider_bottom&quot;:&quot;triangle-asymmetrical&quot;,&quot;shape_divider_bottom_negative&quot;:&quot;yes&quot;}\">\n\t\t\t\t<div class=\"elementor-shape elementor-shape-bottom\" aria-hidden=\"true\" data-negative=\"true\">\n\t\t\t<svg xmlns=\"http:\/\/www.w3.org\/2000\/svg\" viewBox=\"0 0 1000 100\" preserveAspectRatio=\"none\">\n\t<path class=\"elementor-shape-fill\" d=\"M737.9,94.7L0,0v100h1000V0L737.9,94.7z\"\/>\n<\/svg>\t\t<\/div>\n\t\t\t\t<\/div>\n\t\t<div class=\"elementor-element elementor-element-afa9958 e-flex e-con-boxed e-con e-parent\" data-id=\"afa9958\" data-element_type=\"container\">\n\t\t\t\t\t<div class=\"e-con-inner\">\n\t\t<div class=\"elementor-element elementor-element-a46a9ce e-con-full e-flex e-con e-child\" data-id=\"a46a9ce\" data-element_type=\"container\">\n\t\t\t\t<div class=\"elementor-element elementor-element-483f235 elementor-widget elementor-widget-text-editor\" data-id=\"483f235\" data-element_type=\"widget\" data-widget_type=\"text-editor.default\">\n\t\t\t\t<div class=\"elementor-widget-container\">\n\t\t\t\t\t\t\t\t\t<h4 style=\"text-align: center;\">Motivation et travail bien fait vont de pair<\/h4>\n<h1 style=\"text-align: center;\">REJOINGNEZ NOTRE \u00c9QUIPE<\/h1>\n\t\t\t\t\t\t\t\t<\/div>\n\t\t\t\t<\/div>\n\t\t\t\t<div class=\"elementor-element elementor-element-7bc3e89 elementor-widget elementor-widget-text-editor\" data-id=\"7bc3e89\" data-element_type=\"widget\" data-widget_type=\"text-editor.default\">\n\t\t\t\t<div class=\"elementor-widget-container\">\n\t\t\t\t\t\t\t\t\t<p style=\"text-align: center;\">Nous sommes une <strong>entreprise familiale<\/strong> qui entretient des relations \u00e9troites avec ses collaborateurs, conscients de leur valeur au sein de l&rsquo;entreprise.<\/p>\n\t\t\t\t\t\t\t\t<\/div>\n\t\t\t\t<\/div>\n\t\t\t\t<\/div>\n\t\t<div class=\"elementor-element elementor-element-eabde07 e-con-full e-flex e-con e-child\" data-id=\"eabde07\" data-element_type=\"container\">\n\t\t\t\t<div class=\"elementor-element elementor-element-7dd74c9 elementor-widget elementor-widget-image\" data-id=\"7dd74c9\" data-element_type=\"widget\" data-widget_type=\"image.default\">\n\t\t\t\t<div class=\"elementor-widget-container\">\n\t\t\t\t\t\t\t\t\t\t\t\t\t\t\t<img fetchpriority=\"high\" decoding=\"async\" width=\"600\" height=\"400\" src=\"https:\/\/www.symaga.com\/wp-content\/uploads\/2024\/08\/crecimiento-equipo-symaga.jpg\" class=\"attachment-large size-large wp-image-38805\" alt=\"\" srcset=\"https:\/\/www.symaga.com\/wp-content\/uploads\/2024\/08\/crecimiento-equipo-symaga.jpg 600w, https:\/\/www.symaga.com\/wp-content\/uploads\/2024\/08\/crecimiento-equipo-symaga-300x200.jpg 300w\" sizes=\"(max-width: 600px) 100vw, 600px\" \/>\t\t\t\t\t\t\t\t\t\t\t\t\t\t\t<\/div>\n\t\t\t\t<\/div>\n\t\t\t\t<div class=\"elementor-element elementor-element-ca6bc02 elementor-widget elementor-widget-text-editor\" data-id=\"ca6bc02\" data-element_type=\"widget\" data-widget_type=\"text-editor.default\">\n\t\t\t\t<div class=\"elementor-widget-container\">\n\t\t\t\t\t\t\t\t\t<h3>Croissance<\/h3>\n<p>Nous encourageons la croissance professionnelle par la formation et la promotion interne, en augmentant l&rsquo;implication dans le projet. Symaga a un grand nombre de chefs d&rsquo;\u00e9quipe et de comit\u00e9 des directeurs issus de la <strong>promotion interne<\/strong>.<br \/>En 2021, le <strong>plan annuel de formation<\/strong> a \u00e9t\u00e9 mis en \u0153uvre, ce qui a permis d&rsquo;am\u00e9liorer l&rsquo;offre de cours au sein de l&rsquo;entreprise.<\/p>\n\t\t\t\t\t\t\t\t<\/div>\n\t\t\t\t<\/div>\n\t\t\t\t<\/div>\n\t\t<div class=\"elementor-element elementor-element-9e49c83 e-con-full e-flex e-con e-child\" data-id=\"9e49c83\" data-element_type=\"container\">\n\t\t\t\t<div class=\"elementor-element elementor-element-587f96d elementor-widget elementor-widget-image\" data-id=\"587f96d\" data-element_type=\"widget\" data-widget_type=\"image.default\">\n\t\t\t\t<div class=\"elementor-widget-container\">\n\t\t\t\t\t\t\t\t\t\t\t\t\t\t\t<img decoding=\"async\" width=\"600\" height=\"400\" src=\"https:\/\/www.symaga.com\/wp-content\/uploads\/2024\/08\/estabilidad-equipo-symaga.jpg\" class=\"attachment-large size-large wp-image-38819\" alt=\"\" srcset=\"https:\/\/www.symaga.com\/wp-content\/uploads\/2024\/08\/estabilidad-equipo-symaga.jpg 600w, https:\/\/www.symaga.com\/wp-content\/uploads\/2024\/08\/estabilidad-equipo-symaga-300x200.jpg 300w\" sizes=\"(max-width: 600px) 100vw, 600px\" \/>\t\t\t\t\t\t\t\t\t\t\t\t\t\t\t<\/div>\n\t\t\t\t<\/div>\n\t\t\t\t<div class=\"elementor-element elementor-element-b08ad6a elementor-widget elementor-widget-text-editor\" data-id=\"b08ad6a\" data-element_type=\"widget\" data-widget_type=\"text-editor.default\">\n\t\t\t\t<div class=\"elementor-widget-container\">\n\t\t\t\t\t\t\t\t\t<h3>Stabilit\u00e9<\/h3>\r\n<p>L&rsquo;\u00e9quipe de Symaga est compos\u00e9e de professionnels qui ma\u00eetrisent leur travail. 40% des employ\u00e9s sont dans l&rsquo;entreprise depuis plus de 10 ans et 55% depuis plus de 5 ans. Pionniers du secteur en mati\u00e8re de s\u00e9curit\u00e9 et de pr\u00e9vention des risques professionnels avec la norme <strong>ISO 45001<\/strong> depuis 2018.<\/p>\t\t\t\t\t\t\t\t<\/div>\n\t\t\t\t<\/div>\n\t\t\t\t<\/div>\n\t\t<div class=\"elementor-element elementor-element-3e25a8f e-con-full e-flex e-con e-child\" data-id=\"3e25a8f\" data-element_type=\"container\">\n\t\t\t\t<div class=\"elementor-element elementor-element-30dee6f elementor-widget elementor-widget-image\" data-id=\"30dee6f\" data-element_type=\"widget\" data-widget_type=\"image.default\">\n\t\t\t\t<div class=\"elementor-widget-container\">\n\t\t\t\t\t\t\t\t\t\t\t\t\t\t\t<img decoding=\"async\" width=\"600\" height=\"400\" src=\"https:\/\/www.symaga.com\/wp-content\/uploads\/2024\/08\/espiritu-de-equipo-symaga.jpg\" class=\"attachment-large size-large wp-image-38812\" alt=\"\" srcset=\"https:\/\/www.symaga.com\/wp-content\/uploads\/2024\/08\/espiritu-de-equipo-symaga.jpg 600w, https:\/\/www.symaga.com\/wp-content\/uploads\/2024\/08\/espiritu-de-equipo-symaga-300x200.jpg 300w\" sizes=\"(max-width: 600px) 100vw, 600px\" \/>\t\t\t\t\t\t\t\t\t\t\t\t\t\t\t<\/div>\n\t\t\t\t<\/div>\n\t\t\t\t<div class=\"elementor-element elementor-element-fffec74 elementor-widget elementor-widget-text-editor\" data-id=\"fffec74\" data-element_type=\"widget\" data-widget_type=\"text-editor.default\">\n\t\t\t\t<div class=\"elementor-widget-container\">\n\t\t\t\t\t\t\t\t\t<h3>L&rsquo;esprit d&rsquo;\u00e9quipe<\/h3>\n<p>Les r\u00e9unions interd\u00e9partementales, les Team Building et les tournois de Padel sont des activit\u00e9s qui renforcent l&rsquo;esprit d&rsquo;\u00e9quipe et rappellent l&rsquo;importance pour l&rsquo;entreprise des ressources humaines comme l&rsquo;un des principaux actifs de l&rsquo;entreprise.<br \/>Chaque ann\u00e9e, un coll\u00e8gue est nomm\u00e9 ambassadeur Symaga et partage son exp\u00e9rience avec tous.<\/p>\n\t\t\t\t\t\t\t\t<\/div>\n\t\t\t\t<\/div>\n\t\t\t\t<\/div>\n\t\t\t\t\t<\/div>\n\t\t\t\t<\/div>\n\t\t<div class=\"elementor-element elementor-element-48a4efa e-flex e-con-boxed e-con e-parent\" data-id=\"48a4efa\" data-element_type=\"container\">\n\t\t\t\t\t<div class=\"e-con-inner\">\n\t\t\t\t<div class=\"elementor-element elementor-element-8ad54fc elementor-widget elementor-widget-text-editor\" data-id=\"8ad54fc\" data-element_type=\"widget\" data-widget_type=\"text-editor.default\">\n\t\t\t\t<div class=\"elementor-widget-container\">\n\t\t\t\t\t\t\t\t\t<p>Si vous souhaitez rejoindre notre \u00e9quipe, veuillez remplir vos coordonn\u00e9es et joindre votre CV:<\/p>\n\t\t\t\t\t\t\t\t<\/div>\n\t\t\t\t<\/div>\n\t\t\t\t<div class=\"elementor-element elementor-element-d6aae69 elementor-button-align-start elementor-widget elementor-widget-form\" data-id=\"d6aae69\" data-element_type=\"widget\" data-settings=\"{&quot;step_next_label&quot;:&quot;Suivant&quot;,&quot;step_previous_label&quot;:&quot;Pr\\u00e9c\\u00e9dent&quot;,&quot;button_width_tablet&quot;:&quot;100&quot;,&quot;button_width&quot;:&quot;100&quot;,&quot;step_type&quot;:&quot;number_text&quot;,&quot;step_icon_shape&quot;:&quot;circle&quot;}\" data-widget_type=\"form.default\">\n\t\t\t\t<div class=\"elementor-widget-container\">\n\t\t\t\t\t\t\t<form class=\"elementor-form\" method=\"post\" name=\"Rejoingnez notre \u00e9quipe\" aria-label=\"Rejoingnez notre \u00e9quipe\">\n\t\t\t<input type=\"hidden\" name=\"post_id\" value=\"40046\"\/>\n\t\t\t<input type=\"hidden\" name=\"form_id\" value=\"d6aae69\"\/>\n\t\t\t<input type=\"hidden\" name=\"referer_title\" value=\"Rejoingnez notre \u00e9quipe - Symaga\" \/>\n\n\t\t\t\t\t\t\t<input type=\"hidden\" name=\"queried_id\" value=\"40046\"\/>\n\t\t\t\n\t\t\t<div class=\"elementor-form-fields-wrapper elementor-labels-\">\n\t\t\t\t\t\t\t\t<div class=\"elementor-field-type-text elementor-field-group elementor-column elementor-field-group-name elementor-col-100 elementor-field-required\">\n\t\t\t\t\t\t\t\t\t\t\t\t<label for=\"form-field-name\" class=\"elementor-field-label elementor-screen-only\">\n\t\t\t\t\t\t\t\tNom\t\t\t\t\t\t\t<\/label>\n\t\t\t\t\t\t\t\t\t\t\t\t\t\t<input size=\"1\" type=\"text\" name=\"form_fields[name]\" id=\"form-field-name\" class=\"elementor-field elementor-size-md  elementor-field-textual\" placeholder=\"Nom\" required=\"required\">\n\t\t\t\t\t\t\t\t\t\t\t<\/div>\n\t\t\t\t\t\t\t\t<div class=\"elementor-field-type-email elementor-field-group elementor-column elementor-field-group-email elementor-col-100 elementor-md-50 elementor-field-required\">\n\t\t\t\t\t\t\t\t\t\t\t\t<label for=\"form-field-email\" class=\"elementor-field-label elementor-screen-only\">\n\t\t\t\t\t\t\t\tCourriel\t\t\t\t\t\t\t<\/label>\n\t\t\t\t\t\t\t\t\t\t\t\t\t\t<input size=\"1\" type=\"email\" name=\"form_fields[email]\" id=\"form-field-email\" class=\"elementor-field elementor-size-md  elementor-field-textual\" placeholder=\"Courriel\" required=\"required\">\n\t\t\t\t\t\t\t\t\t\t\t<\/div>\n\t\t\t\t\t\t\t\t<div class=\"elementor-field-type-tel elementor-field-group elementor-column elementor-field-group-field_5057311 elementor-col-100 elementor-md-50 elementor-field-required\">\n\t\t\t\t\t\t\t\t\t\t\t\t<label for=\"form-field-field_5057311\" class=\"elementor-field-label elementor-screen-only\">\n\t\t\t\t\t\t\t\tT\u00e9l\u00e9phone\t\t\t\t\t\t\t<\/label>\n\t\t\t\t\t\t\t\t<input size=\"1\" type=\"tel\" name=\"form_fields[field_5057311]\" id=\"form-field-field_5057311\" class=\"elementor-field elementor-size-md  elementor-field-textual\" placeholder=\"T\u00e9l\u00e9phone\" required=\"required\" pattern=\"[0-9()#&amp;+*-=.]+\" title=\"Seuls les caract\u00e8res de num\u00e9ros de t\u00e9l\u00e9phone (#, -, *, etc.) sont accept\u00e9s.\">\n\n\t\t\t\t\t\t<\/div>\n\t\t\t\t\t\t\t\t<div class=\"elementor-field-type-textarea elementor-field-group elementor-column elementor-field-group-field_71766c7 elementor-col-100\">\n\t\t\t\t\t\t\t\t\t\t\t\t<label for=\"form-field-field_71766c7\" class=\"elementor-field-label elementor-screen-only\">\n\t\t\t\t\t\t\t\tMessage\t\t\t\t\t\t\t<\/label>\n\t\t\t\t\t\t<textarea class=\"elementor-field-textual elementor-field  elementor-size-md\" name=\"form_fields[field_71766c7]\" id=\"form-field-field_71766c7\" rows=\"4\" placeholder=\"Message\"><\/textarea>\t\t\t\t<\/div>\n\t\t\t\t\t\t\t\t<div class=\"elementor-field-type-acceptance elementor-field-group elementor-column elementor-field-group-field_14e98f5 elementor-col-100\">\n\t\t\t\t\t\t\t\t\t\t\t\t<label for=\"form-field-field_14e98f5\" class=\"elementor-field-label elementor-screen-only\">\n\t\t\t\t\t\t\t\tAcceptation\t\t\t\t\t\t\t<\/label>\n\t\t\t\t\t\t\t\t<div class=\"elementor-field-subgroup\">\n\t\t\t<span class=\"elementor-field-option\">\n\t\t\t\t<input type=\"checkbox\" name=\"form_fields[field_14e98f5]\" id=\"form-field-field_14e98f5\" class=\"elementor-field elementor-size-md  elementor-acceptance-field\">\n\t\t\t\t<label for=\"form-field-field_14e98f5\">J'ai lu et j'accepte les <a href=\"https:\/\/nuevo.symaga.com\/politica-de-privacidad\/\">conditions l\u00e9gales et la politique de confidentialit\u00e9<\/a><\/label>\t\t\t<\/span>\n\t\t<\/div>\n\t\t\t\t\t\t<\/div>\n\t\t\t\t\t\t\t\t<div class=\"elementor-field-type-recaptcha_v3 elementor-field-group elementor-column elementor-field-group-field_e9f3e3d elementor-col-100 recaptcha_v3-bottomright\">\n\t\t\t\t\t<div class=\"elementor-field\" id=\"form-field-field_e9f3e3d\"><div class=\"elementor-g-recaptcha\" data-sitekey=\"6Leuv3cqAAAAANxbSFgI1d7GUpOsmTQ6yR2JWYgC\" data-type=\"v3\" data-action=\"Form\" data-badge=\"bottomright\" data-size=\"invisible\"><\/div><\/div>\t\t\t\t<\/div>\n\t\t\t\t\t\t\t\t<div class=\"elementor-field-group elementor-column elementor-field-type-submit elementor-col-100 e-form__buttons elementor-md-100\">\n\t\t\t\t\t<button class=\"elementor-button elementor-size-md\" type=\"submit\">\n\t\t\t\t\t\t<span class=\"elementor-button-content-wrapper\">\n\t\t\t\t\t\t\t\t\t\t\t\t\t\t\t\t\t\t\t\t\t\t<span class=\"elementor-button-text\">ENVOYER<\/span>\n\t\t\t\t\t\t\t\t\t\t\t\t\t<\/span>\n\t\t\t\t\t<\/button>\n\t\t\t\t<\/div>\n\t\t\t<\/div>\n\t\t<\/form>\n\t\t\t\t\t\t<\/div>\n\t\t\t\t<\/div>\n\t\t\t\t\t<\/div>\n\t\t\t\t<\/div>\n\t\t\t\t<\/div>\n\t\t","protected":false},"excerpt":{"rendered":"<p>Motivation et travail bien fait vont de pair REJOINGNEZ NOTRE \u00c9QUIPE Nous sommes une entreprise familiale qui entretient des relations \u00e9troites avec ses collaborateurs, conscients de leur valeur au sein de l&rsquo;entreprise. Croissance Nous encourageons la croissance professionnelle par la formation et la promotion interne, en augmentant l&rsquo;implication dans le projet. Symaga a un grand [&hellip;]<\/p>\n","protected":false},"author":1,"featured_media":0,"parent":0,"menu_order":0,"comment_status":"closed","ping_status":"closed","template":"","meta":{"footnotes":""},"class_list":["post-40046","page","type-page","status-publish","hentry"],"_links":{"self":[{"href":"https:\/\/www.symaga.com\/fr\/wp-json\/wp\/v2\/pages\/40046","targetHints":{"allow":["GET"]}}],"collection":[{"href":"https:\/\/www.symaga.com\/fr\/wp-json\/wp\/v2\/pages"}],"about":[{"href":"https:\/\/www.symaga.com\/fr\/wp-json\/wp\/v2\/types\/page"}],"author":[{"embeddable":true,"href":"https:\/\/www.symaga.com\/fr\/wp-json\/wp\/v2\/users\/1"}],"replies":[{"embeddable":true,"href":"https:\/\/www.symaga.com\/fr\/wp-json\/wp\/v2\/comments?post=40046"}],"version-history":[{"count":10,"href":"https:\/\/www.symaga.com\/fr\/wp-json\/wp\/v2\/pages\/40046\/revisions"}],"predecessor-version":[{"id":62146,"href":"https:\/\/www.symaga.com\/fr\/wp-json\/wp\/v2\/pages\/40046\/revisions\/62146"}],"wp:attachment":[{"href":"https:\/\/www.symaga.com\/fr\/wp-json\/wp\/v2\/media?parent=40046"}],"curies":[{"name":"wp","href":"https:\/\/api.w.org\/{rel}","templated":true}]}}