{"id":40212,"date":"2024-09-24T16:00:13","date_gmt":"2024-09-24T14:00:13","guid":{"rendered":"https:\/\/www.symaga.com\/avis-juridique\/"},"modified":"2024-09-24T16:00:13","modified_gmt":"2024-09-24T14:00:13","slug":"avis-juridique","status":"publish","type":"page","link":"https:\/\/www.symaga.com\/fr\/avis-juridique\/","title":{"rendered":"Avis juridique"},"content":{"rendered":"\t\t<div data-elementor-type=\"wp-page\" data-elementor-id=\"40212\" class=\"elementor elementor-40212 elementor-39410\" data-elementor-post-type=\"page\">\n\t\t\t\t<div class=\"elementor-element elementor-element-06b99c5 e-flex e-con-boxed e-con e-parent\" data-id=\"06b99c5\" data-element_type=\"container\">\n\t\t\t\t\t<div class=\"e-con-inner\">\n\t\t\t\t<div class=\"elementor-element elementor-element-533de9f elementor-widget elementor-widget-text-editor\" data-id=\"533de9f\" data-element_type=\"widget\" data-widget_type=\"text-editor.default\">\n\t\t\t\t<div class=\"elementor-widget-container\">\n\t\t\t\t\t\t\t\t\t<h2>Propri\u00e9taire<\/h2>\n<p><strong>Symaga, S.A.U.\u00a0<\/strong>(ci-apr\u00e8s le propri\u00e9taire du site web) CIF\/NIF : A13027487, est le<br \/>\npropri\u00e9taire du domaine\u00a0<a href=\"https:\/\/www.symaga.com\/\">www.symaga.com<\/a><strong>\u00a0<\/strong>et a son adresse \u00e0 Ctra. de Arenas Km. 2,300. Cod. Postal 13210. Villarta de San Juan. Ciudad Real. Espagne. L&#39;entreprise est inscrite au registre du commerce de Ciudad Real, volume 135, folio 32, page 766.<\/p>\n<h2>Pour nous contacter:<\/h2>\n<p>T\u00e9l\u00e9phone: +34 926 640 475\u00a0<\/p>\n<p>Courriel: <a href=\"mailto:symaga@symaga.com\">symaga@symaga.com<\/a><\/p>\n<p>Site web: <a href=\"https:\/\/symaga.com\">https:\/\/symaga.com<\/a><\/p>\n<h2>Objet<\/h2>\n<p>Les pr\u00e9sentes conditions g\u00e9n\u00e9rales et, le cas \u00e9ch\u00e9ant, sp\u00e9cifiques, r\u00e9gissent l&rsquo;acc\u00e8s et l&rsquo;utilisation du site web.<\/p>\n<p>Ce site web est con\u00e7u pour fournir et mettre \u00e0 la disposition du public (ci-apr\u00e8s l&rsquo;utilisateur) qui acc\u00e8de au domaine (ci-apr\u00e8s le site web) des  informations, des donn\u00e9es, des produits et des services (ci-apr\u00e8s le contenu).<\/p>\n<h2>Acc\u00e8s au site<\/h2>\n<p>La personne qui acc\u00e8de au site web acquiert la condition d&rsquo;utilisateur du site web. Cela implique la connaissance et l&rsquo;acceptation des conditions g\u00e9n\u00e9rales et, le cas \u00e9ch\u00e9ant, des conditions sp\u00e9cifiques r\u00e9gissant l&#39;acc\u00e8s et l&rsquo;utilisation. Il est recommand\u00e9 de consulter r\u00e9guli\u00e8rement les conditions d&rsquo;utilisation afin de prendre connaissance des changements, modifications et mises \u00e0 jour \u00e9ventuels.<\/p>\n<p>Le site web comprend les textes, graphiques, images, vid\u00e9os, sons, dessins, photographies et logiciels qui y sont inclus, qu&rsquo;ils soient ou non soumis \u00e0 des droits de propri\u00e9t\u00e9 intellectuelle.<\/p>\n<p>L&rsquo;acc\u00e8s au site web est gratuit, sans autorisation pr\u00e9alable, abonnement ou enregistrement, sauf pour les contenus et services sp\u00e9cifiques pour lesquels l&rsquo;abonnement ou l&rsquo;enregistrement de l&rsquo;utilisateur est n\u00e9cessaire et qui sont d\u00e9termin\u00e9s dans les conditions g\u00e9n\u00e9rales ou sp\u00e9cifiques.<\/p>\n<p>Le service fourni est d&rsquo;une dur\u00e9e ind\u00e9termin\u00e9e. Le site web s&rsquo;engage \u00e0 maintenir la qualit\u00e9 et l&rsquo;exactitude du contenu et de l&rsquo;utilisation au mieux de ses possibilit\u00e9s. Toutefois, cela n&rsquo;implique aucune obligation de la part du propri\u00e9taire du site web en ce qui concerne la qualit\u00e9, l&rsquo;exactitude du contenu et la rapidit\u00e9 d&rsquo;acc\u00e8s. Le propri\u00e9taire se r\u00e9serve le droit de modifier ou de mettre \u00e0 jour les conditions d&rsquo;acc\u00e8s ou de suspendre l&rsquo;acc\u00e8s \u00e0 tout ou partie du site sans avis pr\u00e9alable.<\/p>\n<p>Les utilisateurs qui acc\u00e8dent au site s&rsquo;engagent \u00e0 tout moment \u00e0 ne pas acc\u00e9der au site et \u00e0 ses contenus d&rsquo;une mani\u00e8re contraire \u00e0 celle \u00e9tablie et\/ou \u00e0 des fins illicites, pr\u00e9judiciables aux droits et libert\u00e9s de tiers, ou susceptibles d&rsquo;endommager, de d\u00e9t\u00e9riorer, de saturer ou de ralentir le site, au d\u00e9triment du propri\u00e9taire du site ou de tiers utilisateurs.<\/p>\n<h2>Droits de propri\u00e9t\u00e9 intellectuelle<\/h2>\n<p>Le propri\u00e9taire du site est titulaire des droits de propri\u00e9t\u00e9 industrielle et intellectuelle, ainsi que des contenus qu&#39;il contient. \u00c0 titre d&#39;exemple, il s&rsquo;agit des informations, messages, graphiques, fichiers son et image, photographies, enregistrements, programmes informatiques, bases de donn\u00e9es, technologie du savoir-faire, marques, signes distinctifs, logos et, en g\u00e9n\u00e9ral, de tout type de cr\u00e9ation ou de mat\u00e9riel accessible qui est sa propri\u00e9t\u00e9, ainsi que du site web lui-m\u00eame.<\/p>\n<p>Le site peut \u00e9galement donner acc\u00e8s \u00e0 des contenus, des services et des informations appartenant \u00e0 des tiers, dont les droits sont \u00e9galement prot\u00e9g\u00e9s par la l\u00e9gislation en vigueur en mati\u00e8re de propri\u00e9t\u00e9 industrielle et intellectuelle.<\/p>\n<h2>Contenus<\/h2>\n<p>L&rsquo;acc\u00e8s aux contenus par l&rsquo;utilisateur se fait sous son enti\u00e8re responsabilit\u00e9, et il n&rsquo;est pas responsable des cons\u00e9quences n\u00e9gatives d\u00e9coulant directement ou indirectement de l&rsquo;acc\u00e8s, q&rsquo;elles soient physiques, logiques, morales ou personnelles.<\/p>\n<p>Les contenus ont pour but d&rsquo;informer et de faire conna\u00eetre les activit\u00e9s, les produits et les services fournis et sont fournis \u00e0 titre indicatif.<\/p>\n<p>Le propri\u00e9taire du site peut modifier les contenus, les supprimer et les changer \u00e0 l&rsquo;int\u00e9rieur du site, comme la mani\u00e8re d&rsquo;y acc\u00e9der, afin d&rsquo;en am\u00e9liorer la qualit\u00e9 ou de corriger les erreurs, en essayant toujours de minimiser les cons\u00e9quences n\u00e9gatives que ces changements peuvent entra\u00eener pour les utilisateurs.<\/p>\n<p>Toute utilisation du site web ou de ses contenus doit \u00eatre de nature exclusivement priv\u00e9e. Toute autre utilisation impliquant la copie, la reproduction, la distribution, la transformation, la communication publique ou toute autre action similaire de tout ou partie des contenus du site web, ainsi que du site web lui-m\u00eame, est r\u00e9serv\u00e9e au propri\u00e9taire du site web, et par cons\u00e9quent aucun Utilisateur ne peut r\u00e9aliser ces actions \u00e0 d&rsquo;autres fins sans l&rsquo;autorisation \u00e9crite pr\u00e9alable du propri\u00e9taire du site web.<\/p>\n<p>Il n&rsquo;est pas permis d&rsquo;utiliser les contenus pour promouvoir, contracter ou diffuser de la publicit\u00e9 ou des informations propres ou de tiers sans l&rsquo;autorisation du titulaire du site, ni d&rsquo;envoyer de la publicit\u00e9 ou des informations en utilisant les services ou les informations mis \u00e0 la disposition des utilisateurs, que l&rsquo;utilisation soit gratuite ou non.<\/p>\n<p>Les liens ou hyperliens que des tiers incorporent dans leurs pages web, dirig\u00e9s vers ce site web, seront pour l&rsquo;ouverture du site web complet et depuis la page d&rsquo;accueil (home), ne pouvant pas manifester les contenus du site web.<\/p>\n<p>Le propri\u00e9taire du site exerce des m\u00e9canismes de contr\u00f4le sur la qualit\u00e9 des liens qui sont incorpor\u00e9s au site, mais ne peut \u00eatre tenu responsable de la fiabilit\u00e9 et de la rapidit\u00e9 de ces liens, ne garantit pas l&rsquo;utilit\u00e9 de ces liens, ni le contenu ou les services auxquels l&rsquo;utilisateur peut acc\u00e9der par le biais de ces liens, ni le bon fonctionnement des sites web de tiers.<\/p>\n<h2>Comp\u00e9tence juridictionnelle<\/h2>\n<p>Pour tout litige pouvant d\u00e9couler de l&#39;utilisation du site web ou des contenus soumis \u00e0 ces conditions, les parties renoncent express\u00e9ment \u00e0 toute autre juridiction et se soumettent aux Cours et Tribunaux comp\u00e9tents.<\/p>\n\t\t\t\t\t\t\t\t<\/div>\n\t\t\t\t<\/div>\n\t\t\t\t\t<\/div>\n\t\t\t\t<\/div>\n\t\t\t\t<\/div>\n\t\t","protected":false},"excerpt":{"rendered":"<p>Propri\u00e9taire Symaga, S.A.U.\u00a0(ci-apr\u00e8s le propri\u00e9taire du site web) CIF\/NIF : A13027487, est le propri\u00e9taire du domaine\u00a0www.symaga.com\u00a0et a son adresse \u00e0 Ctra. de Arenas Km. 2,300. Cod. Postal 13210. Villarta de San Juan. Ciudad Real. Espagne. L&#39;entreprise est inscrite au registre du commerce de Ciudad Real, volume 135, folio 32, page 766. Pour nous contacter: T\u00e9l\u00e9phone: [&hellip;]<\/p>\n","protected":false},"author":1,"featured_media":0,"parent":0,"menu_order":0,"comment_status":"closed","ping_status":"closed","template":"","meta":{"footnotes":""},"class_list":["post-40212","page","type-page","status-publish","hentry"],"_links":{"self":[{"href":"https:\/\/www.symaga.com\/fr\/wp-json\/wp\/v2\/pages\/40212","targetHints":{"allow":["GET"]}}],"collection":[{"href":"https:\/\/www.symaga.com\/fr\/wp-json\/wp\/v2\/pages"}],"about":[{"href":"https:\/\/www.symaga.com\/fr\/wp-json\/wp\/v2\/types\/page"}],"author":[{"embeddable":true,"href":"https:\/\/www.symaga.com\/fr\/wp-json\/wp\/v2\/users\/1"}],"replies":[{"embeddable":true,"href":"https:\/\/www.symaga.com\/fr\/wp-json\/wp\/v2\/comments?post=40212"}],"version-history":[{"count":1,"href":"https:\/\/www.symaga.com\/fr\/wp-json\/wp\/v2\/pages\/40212\/revisions"}],"predecessor-version":[{"id":40213,"href":"https:\/\/www.symaga.com\/fr\/wp-json\/wp\/v2\/pages\/40212\/revisions\/40213"}],"wp:attachment":[{"href":"https:\/\/www.symaga.com\/fr\/wp-json\/wp\/v2\/media?parent=40212"}],"curies":[{"name":"wp","href":"https:\/\/api.w.org\/{rel}","templated":true}]}}