{"id":40217,"date":"2024-09-24T17:31:56","date_gmt":"2024-09-24T15:31:56","guid":{"rendered":"https:\/\/www.symaga.com\/politique-de-protection-de-la-vie-privee\/"},"modified":"2024-09-24T17:31:56","modified_gmt":"2024-09-24T15:31:56","slug":"politique-de-protection-de-la-vie-privee","status":"publish","type":"page","link":"https:\/\/www.symaga.com\/fr\/politique-de-protection-de-la-vie-privee\/","title":{"rendered":"Politique de protection de la vie priv\u00e9e"},"content":{"rendered":"\t\t<div data-elementor-type=\"wp-page\" data-elementor-id=\"40217\" class=\"elementor elementor-40217 elementor-39415\" data-elementor-post-type=\"page\">\n\t\t\t\t<div class=\"elementor-element elementor-element-b71803a e-flex e-con-boxed e-con e-parent\" data-id=\"b71803a\" data-element_type=\"container\">\n\t\t\t\t\t<div class=\"e-con-inner\">\n\t\t\t\t<div class=\"elementor-element elementor-element-b4a214f elementor-widget elementor-widget-text-editor\" data-id=\"b4a214f\" data-element_type=\"widget\" data-widget_type=\"text-editor.default\">\n\t\t\t\t<div class=\"elementor-widget-container\">\n\t\t\t\t\t\t\t\t\t<p>Les donn\u00e9es personnelles que vous nous confiez sont tr\u00e8s importantes pour nous. C&rsquo;est pourquoi nous souhaitons vous informer de la mani\u00e8re dont nous traitons vos donn\u00e9es personnelles.<\/p>\n<p>\u00a0<\/p>\n<h2>Qui est le contr\u00f4leur des donn\u00e9es ?<\/h2>\n<p><strong>Symaga, S.A.U.\u00a0<\/strong><\/p>\n<p>CIF\/NIF: A13027487<\/p>\n<p>Ctra. de Arenas Km. 2,300.<\/p>\n<p>Cod. Postal 13210. Villarta de San Juan.<\/p>\n<p>Ciudad Real. Espagne.<\/p>\n<p><strong>Contactez nous:<\/strong><\/p>\n<p>T\u00e9l\u00e9phone: +34 926 640 475\u00a0<\/p>\n<p>Courriel: <a href=\"mailto:symaga@symaga.com\">symaga@symaga.com<\/a><\/p>\n<p>Site web: <a href=\"https:\/\/symaga.com\">https:\/\/symaga.com<\/a><\/p>\n<p>\u00a0<\/p>\n<h2>\u00c0 quelles fins traitons-nous vos donn\u00e9es?<\/h2>\n<ul>\n<li>Pour traiter les demandes ou tout type de demande ou de requ\u00eate que l&rsquo;utilisateur peut nous adresser par le biais de l&rsquo;un des formulaires de contact mis \u00e0 sa disposition. Pour vous envoyer l&rsquo;information ou la documentation demand\u00e9e. Dans tous les cas, les finalit\u00e9s seront celles li\u00e9es aux moyens de communication utilis\u00e9s et \u00e0 la demande formul\u00e9e.<\/li>\n<li>Pour l&rsquo;accomplissement de la relation commerciale.<\/li>\n<li>-Envoyer des informations commerciales sur des services qui int\u00e9ressent l&rsquo;utilisateur et qui sont li\u00e9s \u00e0 notre activit\u00e9, \u00e0 condition que l&rsquo;utilisateur y consente et jusqu&rsquo;\u00e0 ce qu&rsquo;il r\u00e9voque le consentement qu&rsquo;il a donn\u00e9.<\/li>\n<li>Pour respecter les obligations l\u00e9gales qui nous concernent.<\/li>\n<li>Pour g\u00e9rer l&rsquo;abonnement \u00e0 des bulletins d&rsquo;information, des blogs, etc.<\/li>\n<li>-Dans le cas des CV re\u00e7us, pour proc\u00e9der \u00e0 la s\u00e9lection des candidats aux postes \u00e0 pourvoir. La cons\u00e9quence de l&rsquo;obtention des donn\u00e9es personnelles communiqu\u00e9es sera la participation \u00e0 des processus de s\u00e9lection pour pourvoir des postes.<\/li>\n<\/ul>\n<p>\u00a0<\/p>\n<h2>Quelles sont les modalit\u00e9s ou les crit\u00e8res de conservation des donn\u00e9es?<\/h2>\n<p>Les donn\u00e9es fournies seront conserv\u00e9es pendant le temps n\u00e9cessaire \u00e0 la r\u00e9alisation des finalit\u00e9s pour lesquelles elles ont \u00e9t\u00e9 collect\u00e9es ou tant que l&rsquo;int\u00e9ress\u00e9 n&rsquo;en demande pas la suppression, ainsi que pendant le temps n\u00e9cessaire au respect des obligations l\u00e9gales et au maintien de la relation souscrite.<\/p>\n<p>En ce qui concerne les CV re\u00e7us, ils seront conserv\u00e9s pour les futurs processus de s\u00e9lection pour des postes correspondant au profil professionnel du candidat, \u00e0 moins que vous n&rsquo;exprimiez le souhait que vos donn\u00e9es ne soient pas conserv\u00e9es pour cette derni\u00e8re finalit\u00e9, auquel cas elles seront supprim\u00e9es conform\u00e9ment \u00e0 votre demande.<\/p>\n<p>\u00a0<\/p>\n<h2>Quelle est la l\u00e9gitimit\u00e9 du traitement de vos donn\u00e9es?<strong>\u00a0<\/strong><\/h2>\n<p>Nous utilisons vos donn\u00e9es conform\u00e9ment \u00e0 la r\u00e9glementation espagnole et europ\u00e9enne en mati\u00e8re de protection des donn\u00e9es et aux bases l\u00e9gales suivantes:<\/p>\n<ul>\n<li>Vous avez exprim\u00e9 votre consentement au traitement de vos donn\u00e9es personnelles. Ce consentement peut \u00eatre retir\u00e9 \u00e0 tout moment.<\/li>\n<li>Le traitement de vos donn\u00e9es est n\u00e9cessaire pour respecter une obligation l\u00e9gale.<\/li>\n<li>Le traitement de vos donn\u00e9es est n\u00e9cessaire \u00e0 la fourniture d&rsquo;un service contractuel.<\/li>\n<li>Le traitement de vos donn\u00e9es est motiv\u00e9 par un int\u00e9r\u00eat l\u00e9gitime, tant que les droits et libert\u00e9s de la personne concern\u00e9e ne pr\u00e9valent pas.<\/li>\n<\/ul>\n<p>\u00a0<\/p>\n<h2>Est-il obligatoire de nous fournir vos donn\u00e9es personnelles?<\/h2>\n<p>Nous vous informons du caract\u00e8re volontaire de la collecte de vos donn\u00e9es et du fait que l&rsquo;absence de r\u00e9ponse n&rsquo;entra\u00eene aucune cons\u00e9quence n\u00e9gative, \u00e0 l&rsquo;exception des donn\u00e9es consid\u00e9r\u00e9es comme essentielles (par exemple, au moyen d&rsquo;un ast\u00e9risque dans les formulaires de demande d&rsquo;inscription, de client, de contact ou d&rsquo;abonnement \u00e0 la lettre d&rsquo;information) sans lesquelles nous ne pouvons pas vous fournir le service ou l&rsquo;information demand\u00e9s. Tant que vous n&rsquo;indiquez pas le contraire, nous comprenons que vous consentez au traitement de ces donn\u00e9es et qu&rsquo;elles sont \u00e0 jour.<\/p>\n<p>Afin de pouvoir offrir le meilleur service, cette entreprise a besoin que les donn\u00e9es fournies soient exactes et \u00e0 jour. Dans le cas des mineurs, l&rsquo;autorisation pr\u00e9alable des parents ou des repr\u00e9sentants l\u00e9gaux est requise pour le traitement des donn\u00e9es personnelles.<\/p>\n<p>\u00a0<\/p>\n<h2>\u00c0 qui communiquons-nous vos donn\u00e9es?<\/h2>\n<p>Aucune communication n&rsquo;est pr\u00e9vue, sauf en cas d&rsquo;obligation l\u00e9gale ou de n\u00e9cessit\u00e9 pour la fourniture du service et\/ou des produits demand\u00e9s.<\/p>\n<p>\u00a0<\/p>\n<h2>Quelle est la s\u00e9curit\u00e9 du traitement de vos donn\u00e9es?<\/h2>\n<p>Les donn\u00e9es personnelles que vous nous fournissez et dont vous \u00eates le propri\u00e9taire, la personne autoris\u00e9e ou le repr\u00e9sentant l\u00e9gal, sont int\u00e9gr\u00e9es dans nos bases de donn\u00e9es de gestion. Au moment de l&rsquo;enregistrement de ces donn\u00e9es, nous en prenons la responsabilit\u00e9 et par cons\u00e9quent nous appliquons tous les moyens \u00e0 notre disposition pour les traiter avec la plus grande confidentialit\u00e9, de mani\u00e8re l\u00e9gale, loyale, transparente, appropri\u00e9e et limit\u00e9e, nous \u00e9tablissons les mesures n\u00e9cessaires pour \u00e9viter leur perte, leur mauvaise utilisation, leur alt\u00e9ration ou leur acc\u00e8s non autoris\u00e9.<\/p>\n<p>Les serveurs du site web peuvent d\u00e9tecter automatiquement l&#39;adresse IP et le nom de domaine utilis\u00e9s par l&rsquo;utilisateur. Une adresse IP est un num\u00e9ro automatiquement attribu\u00e9 \u00e0 un ordinateur lorsqu&rsquo;il se connecte \u00e0 Internet. Toutes ces informations sont enregistr\u00e9es dans un fichier d&rsquo;activit\u00e9 du serveur qui permet un traitement ult\u00e9rieur des donn\u00e9es afin d&rsquo;obtenir des mesures purement statistiques permettant de conna\u00eetre le nombre d&rsquo;impressions de pages, le nombre de visites effectu\u00e9es sur les serveurs web, l&rsquo;ordre des visites, le point d&rsquo;acc\u00e8s, etc.<\/p>\n<p>\u00a0<\/p>\n<h2>Quels sont les droits des personnes concern\u00e9es?<\/h2>\n<p>Vous pouvez \u00e0 tout moment demander gratuitement la confirmation que cette entreprise traite ou non des donn\u00e9es \u00e0 caract\u00e8re personnel vous concernant.<\/p>\n<p>Vous pouvez acc\u00e9der \u00e0 vos donn\u00e9es personnelles, vous pouvez demander la rectification de donn\u00e9es inexactes ou incompl\u00e8tes et demander leur effacement lorsque, entre autres raisons, elles ne sont plus n\u00e9cessaires aux fins pour lesquelles elles ont \u00e9t\u00e9 collect\u00e9es, vous pouvez demander leur portabilit\u00e9, vous pouvez demander la limitation de leur traitement, auquel cas nous ne les conserverons que pour l&rsquo;exercice ou la d\u00e9fense de r\u00e9clamations.<\/p>\n<p>Dans certaines circonstances et pour des raisons tenant \u00e0 leur situation particuli\u00e8re, les personnes concern\u00e9es peuvent s&rsquo;opposer au traitement de leurs donn\u00e9es. Cette entreprise cessera de traiter les donn\u00e9es, sauf pour des raisons l\u00e9gitimes imp\u00e9rieuses ou pour l&rsquo;exercice d&rsquo;\u00e9ventuelles r\u00e9clamations. Vous pouvez \u00e9galement vous opposer aux d\u00e9cisions individuelles automatis\u00e9es, le cas \u00e9ch\u00e9ant. Pour exercer vos droits, vous pouvez envoyer une lettre \u00e0 l&rsquo;adresse de contact indiqu\u00e9e sur le site web ou par courrier \u00e9lectronique, en joignant une photocopie de votre carte d&rsquo;identit\u00e9 ou d&rsquo;un document d&rsquo;identification valide et les d\u00e9tails de la demande concernant le droit que vous souhaitez exercer.<\/p>\n<p>Si vous estimez que vos droits n&rsquo;ont pas \u00e9t\u00e9 d\u00fbment pris en compte, vous pouvez demander des informations compl\u00e9mentaires ou d\u00e9poser une plainte aupr\u00e8s de l&rsquo;Agence espagnole de protection des donn\u00e9es (aepd.es). Vous pouvez \u00e9galement retirer votre consentement \u00e0 tout moment, sans que cela n&rsquo;affecte la l\u00e9galit\u00e9 du traitement effectu\u00e9 avant le retrait.<\/p>\n\t\t\t\t\t\t\t\t<\/div>\n\t\t\t\t<\/div>\n\t\t\t\t\t<\/div>\n\t\t\t\t<\/div>\n\t\t\t\t<\/div>\n\t\t","protected":false},"excerpt":{"rendered":"<p>Les donn\u00e9es personnelles que vous nous confiez sont tr\u00e8s importantes pour nous. C&rsquo;est pourquoi nous souhaitons vous informer de la mani\u00e8re dont nous traitons vos donn\u00e9es personnelles. \u00a0 Qui est le contr\u00f4leur des donn\u00e9es ? Symaga, S.A.U.\u00a0 CIF\/NIF: A13027487 Ctra. de Arenas Km. 2,300. Cod. Postal 13210. Villarta de San Juan. Ciudad Real. Espagne. Contactez [&hellip;]<\/p>\n","protected":false},"author":1,"featured_media":0,"parent":0,"menu_order":0,"comment_status":"closed","ping_status":"closed","template":"","meta":{"footnotes":""},"class_list":["post-40217","page","type-page","status-publish","hentry"],"_links":{"self":[{"href":"https:\/\/www.symaga.com\/fr\/wp-json\/wp\/v2\/pages\/40217","targetHints":{"allow":["GET"]}}],"collection":[{"href":"https:\/\/www.symaga.com\/fr\/wp-json\/wp\/v2\/pages"}],"about":[{"href":"https:\/\/www.symaga.com\/fr\/wp-json\/wp\/v2\/types\/page"}],"author":[{"embeddable":true,"href":"https:\/\/www.symaga.com\/fr\/wp-json\/wp\/v2\/users\/1"}],"replies":[{"embeddable":true,"href":"https:\/\/www.symaga.com\/fr\/wp-json\/wp\/v2\/comments?post=40217"}],"version-history":[{"count":1,"href":"https:\/\/www.symaga.com\/fr\/wp-json\/wp\/v2\/pages\/40217\/revisions"}],"predecessor-version":[{"id":40218,"href":"https:\/\/www.symaga.com\/fr\/wp-json\/wp\/v2\/pages\/40217\/revisions\/40218"}],"wp:attachment":[{"href":"https:\/\/www.symaga.com\/fr\/wp-json\/wp\/v2\/media?parent=40217"}],"curies":[{"name":"wp","href":"https:\/\/api.w.org\/{rel}","templated":true}]}}