{"id":41740,"date":"2024-10-29T00:28:26","date_gmt":"2024-10-28T22:28:26","guid":{"rendered":"https:\/\/www.symaga.com\/?page_id=41740"},"modified":"2024-10-29T00:50:47","modified_gmt":"2024-10-28T22:50:47","slug":"rdi","status":"publish","type":"page","link":"https:\/\/www.symaga.com\/fr\/rdi\/","title":{"rendered":"R&#038;D&#038;I"},"content":{"rendered":"\t\t<div data-elementor-type=\"wp-page\" data-elementor-id=\"41740\" class=\"elementor elementor-41740 elementor-41738\" data-elementor-post-type=\"page\">\n\t\t\t\t<div class=\"elementor-element elementor-element-e71a20b e-con-full e-flex e-con e-parent\" data-id=\"e71a20b\" data-element_type=\"container\" data-settings=\"{&quot;background_background&quot;:&quot;classic&quot;,&quot;shape_divider_bottom&quot;:&quot;triangle-asymmetrical&quot;,&quot;shape_divider_bottom_negative&quot;:&quot;yes&quot;}\">\n\t\t\t\t<div class=\"elementor-shape elementor-shape-bottom\" aria-hidden=\"true\" data-negative=\"true\">\n\t\t\t<svg xmlns=\"http:\/\/www.w3.org\/2000\/svg\" viewBox=\"0 0 1000 100\" preserveAspectRatio=\"none\">\n\t<path class=\"elementor-shape-fill\" d=\"M737.9,94.7L0,0v100h1000V0L737.9,94.7z\"\/>\n<\/svg>\t\t<\/div>\n\t\t\t\t<\/div>\n\t\t<div class=\"elementor-element elementor-element-be5f769 e-flex e-con-boxed e-con e-parent\" data-id=\"be5f769\" data-element_type=\"container\">\n\t\t\t\t\t<div class=\"e-con-inner\">\n\t\t<div class=\"elementor-element elementor-element-7b84f71 e-con-full e-flex e-con e-child\" data-id=\"7b84f71\" data-element_type=\"container\">\n\t\t\t\t<div class=\"elementor-element elementor-element-685b375 elementor-widget elementor-widget-heading\" data-id=\"685b375\" data-element_type=\"widget\" data-widget_type=\"heading.default\">\n\t\t\t\t<div class=\"elementor-widget-container\">\n\t\t\t\t\t<h1 class=\"elementor-heading-title elementor-size-default\">R&amp;D&amp;I<\/h1>\t\t\t\t<\/div>\n\t\t\t\t<\/div>\n\t\t\t\t<div class=\"elementor-element elementor-element-af2e1d7 elementor-widget elementor-widget-text-editor\" data-id=\"af2e1d7\" data-element_type=\"widget\" data-widget_type=\"text-editor.default\">\n\t\t\t\t<div class=\"elementor-widget-container\">\n\t\t\t\t\t\t\t\t\t<p>L&rsquo;am\u00e9lioration et le d\u00e9veloppement de nos produits sont bas\u00e9s sur de solides relations avec les clients et les fournisseurs qui permettent des collaborations pour la perfection de nos produits.<\/p>\n\t\t\t\t\t\t\t\t<\/div>\n\t\t\t\t<\/div>\n\t\t\t\t<\/div>\n\t\t\t\t\t<\/div>\n\t\t\t\t<\/div>\n\t\t<div class=\"elementor-element elementor-element-01c34a6 e-flex e-con-boxed e-con e-parent\" data-id=\"01c34a6\" data-element_type=\"container\">\n\t\t\t\t\t<div class=\"e-con-inner\">\n\t\t\t\t\t<\/div>\n\t\t\t\t<\/div>\n\t\t\t\t<\/div>\n\t\t","protected":false},"excerpt":{"rendered":"<p>R&#038;D&#038;I L&rsquo;am\u00e9lioration et le d\u00e9veloppement de nos produits sont bas\u00e9s sur de solides relations avec les clients et les fournisseurs qui permettent des collaborations pour la perfection de nos produits.<\/p>\n","protected":false},"author":1,"featured_media":0,"parent":0,"menu_order":0,"comment_status":"closed","ping_status":"closed","template":"","meta":{"footnotes":""},"class_list":["post-41740","page","type-page","status-publish","hentry"],"_links":{"self":[{"href":"https:\/\/www.symaga.com\/fr\/wp-json\/wp\/v2\/pages\/41740","targetHints":{"allow":["GET"]}}],"collection":[{"href":"https:\/\/www.symaga.com\/fr\/wp-json\/wp\/v2\/pages"}],"about":[{"href":"https:\/\/www.symaga.com\/fr\/wp-json\/wp\/v2\/types\/page"}],"author":[{"embeddable":true,"href":"https:\/\/www.symaga.com\/fr\/wp-json\/wp\/v2\/users\/1"}],"replies":[{"embeddable":true,"href":"https:\/\/www.symaga.com\/fr\/wp-json\/wp\/v2\/comments?post=41740"}],"version-history":[{"count":5,"href":"https:\/\/www.symaga.com\/fr\/wp-json\/wp\/v2\/pages\/41740\/revisions"}],"predecessor-version":[{"id":42952,"href":"https:\/\/www.symaga.com\/fr\/wp-json\/wp\/v2\/pages\/41740\/revisions\/42952"}],"wp:attachment":[{"href":"https:\/\/www.symaga.com\/fr\/wp-json\/wp\/v2\/media?parent=41740"}],"curies":[{"name":"wp","href":"https:\/\/api.w.org\/{rel}","templated":true}]}}