{"id":39681,"date":"2024-09-11T11:24:39","date_gmt":"2024-09-11T09:24:39","guid":{"rendered":"https:\/\/www.symaga.com\/historia-2\/"},"modified":"2025-05-08T15:18:57","modified_gmt":"2025-05-08T14:18:57","slug":"historia","status":"publish","type":"page","link":"https:\/\/www.symaga.com\/pt-pt\/historia\/","title":{"rendered":"Hist\u00f3ria"},"content":{"rendered":"\t\t<div data-elementor-type=\"wp-page\" data-elementor-id=\"39681\" class=\"elementor elementor-39681 elementor-37582\" data-elementor-post-type=\"page\">\n\t\t\t\t<div class=\"elementor-element elementor-element-e71a20b e-con-full e-flex e-con e-parent\" data-id=\"e71a20b\" data-element_type=\"container\" data-settings=\"{&quot;background_background&quot;:&quot;classic&quot;,&quot;shape_divider_bottom&quot;:&quot;triangle-asymmetrical&quot;,&quot;shape_divider_bottom_negative&quot;:&quot;yes&quot;}\">\n\t\t\t\t<div class=\"elementor-shape elementor-shape-bottom\" aria-hidden=\"true\" data-negative=\"true\">\n\t\t\t<svg xmlns=\"http:\/\/www.w3.org\/2000\/svg\" viewBox=\"0 0 1000 100\" preserveAspectRatio=\"none\">\n\t<path class=\"elementor-shape-fill\" d=\"M737.9,94.7L0,0v100h1000V0L737.9,94.7z\"\/>\n<\/svg>\t\t<\/div>\n\t\t\t\t<\/div>\n\t\t<div class=\"elementor-element elementor-element-ad6fea7 e-flex e-con-boxed e-con e-parent\" data-id=\"ad6fea7\" data-element_type=\"container\" data-settings=\"{&quot;background_background&quot;:&quot;classic&quot;}\">\n\t\t\t\t\t<div class=\"e-con-inner\">\n\t\t<div class=\"elementor-element elementor-element-54a724c e-flex e-con-boxed e-con e-child\" data-id=\"54a724c\" data-element_type=\"container\">\n\t\t\t\t\t<div class=\"e-con-inner\">\n\t\t\t\t<div class=\"elementor-element elementor-element-c25805d elementor-widget elementor-widget-text-editor\" data-id=\"c25805d\" data-element_type=\"widget\" data-widget_type=\"text-editor.default\">\n\t\t\t\t<div class=\"elementor-widget-container\">\n\t\t\t\t\t\t\t\t\t<h4 style=\"text-align: center;\">40 anos consigo<\/h4>\n<h1 style=\"text-align: center;\">HIST\u00d3RIA<\/h1>\n\t\t\t\t\t\t\t\t<\/div>\n\t\t\t\t<\/div>\n\t\t\t\t<div class=\"elementor-element elementor-element-7ca4932 elementor-widget elementor-widget-text-editor\" data-id=\"7ca4932\" data-element_type=\"widget\" data-widget_type=\"text-editor.default\">\n\t\t\t\t<div class=\"elementor-widget-container\">\n\t\t\t\t\t\t\t\t\t<p style=\"text-align: center;\">Nos anos 80, o nosso fundador, Alfonso Garrido, teve a vis\u00e3o de fabricar silos met\u00e1licos para evitar perdas de cereais e ra\u00e7\u00f5es, proporcionando uma solu\u00e7\u00e3o de armazenamento para os seus clientes e para o mundo agr\u00edcola e pecu\u00e1rio. Symaga come\u00e7ou a sua vida numa oficina em Villarta de San Juan, hoje \u00e9 uma das f\u00e1bricas mais avan\u00e7adas tecnologicamente da Europa que continua a trabalhar para ajudar a alimentar o mundo com um armazenamento eficiente. A sua vis\u00e3o \u00e9 o guia que determinou o \u00eaxito da nossa empresa no passado, no presente e no futuro.<\/p>\n\t\t\t\t\t\t\t\t<\/div>\n\t\t\t\t<\/div>\n\t\t\t\t\t<\/div>\n\t\t\t\t<\/div>\n\t\t\t\t\t<\/div>\n\t\t\t\t<\/div>\n\t\t<div class=\"elementor-element elementor-element-e2b0364 e-flex e-con-boxed e-con e-parent\" data-id=\"e2b0364\" data-element_type=\"container\">\n\t\t\t\t\t<div class=\"e-con-inner\">\n\t\t\t\t\t<\/div>\n\t\t\t\t<\/div>\n\t\t\t\t<\/div>\n\t\t","protected":false},"excerpt":{"rendered":"<p>40 anos consigo HIST\u00d3RIA Nos anos 80, o nosso fundador, Alfonso Garrido, teve a vis\u00e3o de fabricar silos met\u00e1licos para evitar perdas de cereais e ra\u00e7\u00f5es, proporcionando uma solu\u00e7\u00e3o de armazenamento para os seus clientes e para o mundo agr\u00edcola e pecu\u00e1rio. Symaga come\u00e7ou a sua vida numa oficina em Villarta de San Juan, hoje [&hellip;]<\/p>\n","protected":false},"author":1,"featured_media":0,"parent":0,"menu_order":0,"comment_status":"closed","ping_status":"closed","template":"","meta":{"footnotes":""},"class_list":["post-39681","page","type-page","status-publish","hentry"],"_links":{"self":[{"href":"https:\/\/www.symaga.com\/pt-pt\/wp-json\/wp\/v2\/pages\/39681","targetHints":{"allow":["GET"]}}],"collection":[{"href":"https:\/\/www.symaga.com\/pt-pt\/wp-json\/wp\/v2\/pages"}],"about":[{"href":"https:\/\/www.symaga.com\/pt-pt\/wp-json\/wp\/v2\/types\/page"}],"author":[{"embeddable":true,"href":"https:\/\/www.symaga.com\/pt-pt\/wp-json\/wp\/v2\/users\/1"}],"replies":[{"embeddable":true,"href":"https:\/\/www.symaga.com\/pt-pt\/wp-json\/wp\/v2\/comments?post=39681"}],"version-history":[{"count":8,"href":"https:\/\/www.symaga.com\/pt-pt\/wp-json\/wp\/v2\/pages\/39681\/revisions"}],"predecessor-version":[{"id":62921,"href":"https:\/\/www.symaga.com\/pt-pt\/wp-json\/wp\/v2\/pages\/39681\/revisions\/62921"}],"wp:attachment":[{"href":"https:\/\/www.symaga.com\/pt-pt\/wp-json\/wp\/v2\/media?parent=39681"}],"curies":[{"name":"wp","href":"https:\/\/api.w.org\/{rel}","templated":true}]}}