{"id":39695,"date":"2024-09-11T12:00:22","date_gmt":"2024-09-11T10:00:22","guid":{"rendered":"https:\/\/www.symaga.com\/responsabilidade-social-das-empresas\/"},"modified":"2025-09-17T14:14:00","modified_gmt":"2025-09-17T13:14:00","slug":"responsabilidade-social-das-empresas","status":"publish","type":"page","link":"https:\/\/www.symaga.com\/pt-pt\/responsabilidade-social-das-empresas\/","title":{"rendered":"Responsabilidade Social das Empresas"},"content":{"rendered":"\t\t<div data-elementor-type=\"wp-page\" data-elementor-id=\"39695\" class=\"elementor elementor-39695 elementor-37731\" data-elementor-post-type=\"page\">\n\t\t\t\t<div class=\"elementor-element elementor-element-e71a20b e-con-full e-flex e-con e-parent\" data-id=\"e71a20b\" data-element_type=\"container\" data-settings=\"{&quot;background_background&quot;:&quot;classic&quot;,&quot;shape_divider_bottom&quot;:&quot;triangle-asymmetrical&quot;,&quot;shape_divider_bottom_negative&quot;:&quot;yes&quot;}\">\n\t\t\t\t<div class=\"elementor-shape elementor-shape-bottom\" aria-hidden=\"true\" data-negative=\"true\">\n\t\t\t<svg xmlns=\"http:\/\/www.w3.org\/2000\/svg\" viewBox=\"0 0 1000 100\" preserveAspectRatio=\"none\">\n\t<path class=\"elementor-shape-fill\" d=\"M737.9,94.7L0,0v100h1000V0L737.9,94.7z\"\/>\n<\/svg>\t\t<\/div>\n\t\t\t\t<\/div>\n\t\t<div class=\"elementor-element elementor-element-afa9958 e-flex e-con-boxed e-con e-parent\" data-id=\"afa9958\" data-element_type=\"container\">\n\t\t\t\t\t<div class=\"e-con-inner\">\n\t\t<div class=\"elementor-element elementor-element-a46a9ce e-con-full e-flex e-con e-child\" data-id=\"a46a9ce\" data-element_type=\"container\">\n\t\t\t\t<div class=\"elementor-element elementor-element-483f235 elementor-widget elementor-widget-text-editor\" data-id=\"483f235\" data-element_type=\"widget\" data-widget_type=\"text-editor.default\">\n\t\t\t\t<div class=\"elementor-widget-container\">\n\t\t\t\t\t\t\t\t\t<h4 style=\"text-align: center;\">Sempre a pensar no nosso ambiente<\/h4>\r\n<h1 style=\" text-align: center;\">RESPONSABILIDADE SOCIAL DAS EMPRESAS<\/h1>\t\t\t\t\t\t\t\t<\/div>\n\t\t\t\t<\/div>\n\t\t\t\t<div class=\"elementor-element elementor-element-7bc3e89 elementor-widget elementor-widget-text-editor\" data-id=\"7bc3e89\" data-element_type=\"widget\" data-widget_type=\"text-editor.default\">\n\t\t\t\t<div class=\"elementor-widget-container\">\n\t\t\t\t\t\t\t\t\t<p style=\"text-align: center;\">O compromisso de uma empresa deve ir al\u00e9m dos benef\u00edcios econ\u00f3micos, promovendo os benef\u00edcios sociais e a sustentabilidade<br \/>\nambiental. A Symaga promove um <strong>plano de Responsabilidade Corporativa<\/strong> dentro de um c\u00f3digo \u00e9tico de respeito pela natureza e pelo desenvolvimento pessoal e empresarial.<\/p>\n\t\t\t\t\t\t\t\t<\/div>\n\t\t\t\t<\/div>\n\t\t\t\t<\/div>\n\t\t<div class=\"elementor-element elementor-element-eabde07 e-con-full e-flex e-con e-child\" data-id=\"eabde07\" data-element_type=\"container\">\n\t\t\t\t<div class=\"elementor-element elementor-element-f1ba813 elementor-widget elementor-widget-image\" data-id=\"f1ba813\" data-element_type=\"widget\" data-widget_type=\"image.default\">\n\t\t\t\t<div class=\"elementor-widget-container\">\n\t\t\t\t\t\t\t\t\t\t\t\t\t\t\t<img decoding=\"async\" src=\"https:\/\/www.symaga.com\/wp-content\/uploads\/2024\/07\/responsabilidad-social-corporativa-asociaciones-symaga.jpg\" title=\"responsabilidad-social-corporativa-asociaciones-symaga\" alt=\"responsabilidad-social-corporativa-asociaciones-symaga\" loading=\"lazy\" \/>\t\t\t\t\t\t\t\t\t\t\t\t\t\t\t<\/div>\n\t\t\t\t<\/div>\n\t\t\t\t<div class=\"elementor-element elementor-element-ca6bc02 elementor-widget elementor-widget-text-editor\" data-id=\"ca6bc02\" data-element_type=\"widget\" data-widget_type=\"text-editor.default\">\n\t\t\t\t<div class=\"elementor-widget-container\">\n\t\t\t\t\t\t\t\t\t<h3>Associa\u00e7\u00f5es, Coletivos e Funda\u00e7\u00f5es<\/h3>\n<p>A constru\u00e7\u00e3o de uma sociedade mais justa \u00e9 outro dos nossos compromissos. Temos colaborado com Funda\u00e7\u00f5es e ONGs, como o Banco de Alimentos, AFIM, Cruz Roja, Manos Unidas e NIPACE, AELIP, Supernenas, Esperanza y Alegr\u00eda, Enach, Laudes Infantis, Banco de Alimentos, Plataforma Solid\u00e1ria na Bol\u00edvia, Save the Children, Ucranianos de Alc\u00e1zar de San Juan, ADS e Rotary Club.<\/p>\n\t\t\t\t\t\t\t\t<\/div>\n\t\t\t\t<\/div>\n\t\t\t\t<\/div>\n\t\t<div class=\"elementor-element elementor-element-9e49c83 e-con-full e-flex e-con e-child\" data-id=\"9e49c83\" data-element_type=\"container\">\n\t\t\t\t<div class=\"elementor-element elementor-element-d003884 elementor-widget elementor-widget-image\" data-id=\"d003884\" data-element_type=\"widget\" data-widget_type=\"image.default\">\n\t\t\t\t<div class=\"elementor-widget-container\">\n\t\t\t\t\t\t\t\t\t\t\t\t\t\t\t<img fetchpriority=\"high\" decoding=\"async\" width=\"600\" height=\"450\" src=\"https:\/\/www.symaga.com\/wp-content\/uploads\/2024\/07\/responsabilidad-social-corporativa-deporte-symaga.jpg\" class=\"attachment-large size-large wp-image-38219\" alt=\"\" srcset=\"https:\/\/www.symaga.com\/wp-content\/uploads\/2024\/07\/responsabilidad-social-corporativa-deporte-symaga.jpg 600w, https:\/\/www.symaga.com\/wp-content\/uploads\/2024\/07\/responsabilidad-social-corporativa-deporte-symaga-300x225.jpg 300w\" sizes=\"(max-width: 600px) 100vw, 600px\" \/>\t\t\t\t\t\t\t\t\t\t\t\t\t\t\t<\/div>\n\t\t\t\t<\/div>\n\t\t\t\t<div class=\"elementor-element elementor-element-b08ad6a elementor-widget elementor-widget-text-editor\" data-id=\"b08ad6a\" data-element_type=\"widget\" data-widget_type=\"text-editor.default\">\n\t\t\t\t<div class=\"elementor-widget-container\">\n\t\t\t\t\t\t\t\t\t<h3>Desporto<\/h3>\n<p>Na nossa regi\u00e3o, patrocinamos equipas de futebol, campus, escolas de desporto, clubes de atletismo e torneios de padel.<\/p>\n<p>A n\u00edvel internacional, colaboramos com o Panda Raid, uma corrida de carros loucos na Austr\u00e1lia, a Water Aid e o Titam Desert.<\/p>\n\t\t\t\t\t\t\t\t<\/div>\n\t\t\t\t<\/div>\n\t\t\t\t<\/div>\n\t\t<div class=\"elementor-element elementor-element-3e25a8f e-con-full e-flex e-con e-child\" data-id=\"3e25a8f\" data-element_type=\"container\">\n\t\t\t\t<div class=\"elementor-element elementor-element-ebc1939 elementor-widget elementor-widget-image\" data-id=\"ebc1939\" data-element_type=\"widget\" data-widget_type=\"image.default\">\n\t\t\t\t<div class=\"elementor-widget-container\">\n\t\t\t\t\t\t\t\t\t\t\t\t\t\t\t<img decoding=\"async\" width=\"600\" height=\"450\" src=\"https:\/\/www.symaga.com\/wp-content\/uploads\/2024\/07\/responsabilidad-social-corporativa-universidades-symaga.jpg\" class=\"attachment-large size-large wp-image-38226\" alt=\"\" srcset=\"https:\/\/www.symaga.com\/wp-content\/uploads\/2024\/07\/responsabilidad-social-corporativa-universidades-symaga.jpg 600w, https:\/\/www.symaga.com\/wp-content\/uploads\/2024\/07\/responsabilidad-social-corporativa-universidades-symaga-300x225.jpg 300w\" sizes=\"(max-width: 600px) 100vw, 600px\" \/>\t\t\t\t\t\t\t\t\t\t\t\t\t\t\t<\/div>\n\t\t\t\t<\/div>\n\t\t\t\t<div class=\"elementor-element elementor-element-fffec74 elementor-widget elementor-widget-text-editor\" data-id=\"fffec74\" data-element_type=\"widget\" data-widget_type=\"text-editor.default\">\n\t\t\t\t<div class=\"elementor-widget-container\">\n\t\t\t\t\t\t\t\t\t<h3>Universidades, Faculdades e Institutos<\/h3>\n<p>Desenvolvemos projectos com a Universidade Polit\u00e9cnica de Madrid, a Universidade de Castilla La Mancha, o Grupo de Investiga\u00e7\u00e3o Bipree, a Universidade de Agricultura Aleksandras Stulginskis e o Itecam de Castilla La Mancha.<\/p>\n<p>Contribu\u00edmos para o desenvolvimento profissional atrav\u00e9s da disponibiliza\u00e7\u00e3o de estagi\u00e1rios e da participa\u00e7\u00e3o em visitas de grupos de estudantes.<\/p>\n\t\t\t\t\t\t\t\t<\/div>\n\t\t\t\t<\/div>\n\t\t\t\t<\/div>\n\t\t\t\t\t<\/div>\n\t\t\t\t<\/div>\n\t\t<div class=\"elementor-element elementor-element-3dacb26 e-con-full e-flex e-con e-parent\" data-id=\"3dacb26\" data-element_type=\"container\">\n\t\t<div class=\"elementor-element elementor-element-1e3602f e-con-full e-flex e-con e-child\" data-id=\"1e3602f\" data-element_type=\"container\" data-settings=\"{&quot;background_background&quot;:&quot;classic&quot;,&quot;shape_divider_top&quot;:&quot;tilt&quot;,&quot;shape_divider_bottom&quot;:&quot;tilt&quot;}\">\n\t\t\t\t<div class=\"elementor-shape elementor-shape-top\" aria-hidden=\"true\" data-negative=\"false\">\n\t\t\t<svg xmlns=\"http:\/\/www.w3.org\/2000\/svg\" viewBox=\"0 0 1000 100\" preserveAspectRatio=\"none\">\n\t<path class=\"elementor-shape-fill\" d=\"M0,6V0h1000v100L0,6z\"\/>\n<\/svg>\t\t<\/div>\n\t\t\t\t<div class=\"elementor-shape elementor-shape-bottom\" aria-hidden=\"true\" data-negative=\"false\">\n\t\t\t<svg xmlns=\"http:\/\/www.w3.org\/2000\/svg\" viewBox=\"0 0 1000 100\" preserveAspectRatio=\"none\">\n\t<path class=\"elementor-shape-fill\" d=\"M0,6V0h1000v100L0,6z\"\/>\n<\/svg>\t\t<\/div>\n\t\t\t\t<\/div>\n\t\t<div class=\"elementor-element elementor-element-45c800c e-con-full e-flex e-con e-child\" data-id=\"45c800c\" data-element_type=\"container\" data-settings=\"{&quot;background_background&quot;:&quot;classic&quot;}\">\n\t\t\t\t<div class=\"elementor-element elementor-element-1144169 elementor-widget elementor-widget-text-editor\" data-id=\"1144169\" data-element_type=\"widget\" data-widget_type=\"text-editor.default\">\n\t\t\t\t<div class=\"elementor-widget-container\">\n\t\t\t\t\t\t\t\t\t<h2>Desenvolvimento sustent\u00e1vel<\/h2>\n\t\t\t\t\t\t\t\t<\/div>\n\t\t\t\t<\/div>\n\t\t\t\t<div class=\"elementor-element elementor-element-2eb460f elementor-widget elementor-widget-text-editor\" data-id=\"2eb460f\" data-element_type=\"widget\" data-widget_type=\"text-editor.default\">\n\t\t\t\t<div class=\"elementor-widget-container\">\n\t\t\t\t\t\t\t\t\t<p>A Symaga est\u00e1 empenhada em preservar a natureza para as gera\u00e7\u00f5es futuras.<br \/>\nO programa ambiental inclui:<\/p>\n<ul>\n<li><strong>Sistema de Gest\u00e3o Ambiental:<\/strong> Em 2018, obtivemos a certifica\u00e7\u00e3o UNE-EN ISO 14001. A gest\u00e3o de res\u00edduos e recursos \u00e9 optimizada, com a redu\u00e7\u00e3o do<br \/>\nconsumo de \u00e1gua e o tratamento de \u00e1guas residuais.<\/li>\n<li>Os <strong>fornecedores de a\u00e7o t\u00eam a certifica\u00e7\u00e3o<\/strong> ISO 14001. Utilizam 80-90% de materiais reciclados.<\/li>\n<li>A <strong>central de produ\u00e7\u00e3o de energia solar fotovoltaica<\/strong> para autoconsumo instalada na f\u00e1brica duplicou a capacidade at\u00e9 2022, com o objetivo a m\u00e9dio prazo de uma produ\u00e7\u00e3o 100% ecol\u00f3gica.<\/li>\n<\/ul>\n\t\t\t\t\t\t\t\t<\/div>\n\t\t\t\t<\/div>\n\t\t\t\t<\/div>\n\t\t\t\t<\/div>\n\t\t<div class=\"elementor-element elementor-element-2bf4e25 e-flex e-con-boxed e-con e-parent\" data-id=\"2bf4e25\" data-element_type=\"container\">\n\t\t\t\t\t<div class=\"e-con-inner\">\n\t\t\t\t<div class=\"elementor-element elementor-element-a843440 elementor-align-center elementor-widget elementor-widget-button\" data-id=\"a843440\" data-element_type=\"widget\" data-widget_type=\"button.default\">\n\t\t\t\t<div class=\"elementor-widget-container\">\n\t\t\t\t\t\t\t\t\t<div class=\"elementor-button-wrapper\">\n\t\t\t\t\t<a class=\"elementor-button elementor-button-link elementor-size-sm\" href=\"https:\/\/www.symaga.com\/wp-content\/uploads\/2025\/09\/CSR-Plan-SYMAGA-v1.pdf\" target=\"_blank\">\n\t\t\t\t\t\t<span class=\"elementor-button-content-wrapper\">\n\t\t\t\t\t\t\t\t\t<span class=\"elementor-button-text\">PLANO DE RESPONSABILIDADE SOCIAL CORPORATIVA<\/span>\n\t\t\t\t\t<\/span>\n\t\t\t\t\t<\/a>\n\t\t\t\t<\/div>\n\t\t\t\t\t\t\t\t<\/div>\n\t\t\t\t<\/div>\n\t\t\t\t\t<\/div>\n\t\t\t\t<\/div>\n\t\t\t\t<\/div>\n\t\t","protected":false},"excerpt":{"rendered":"<p>Sempre a pensar no nosso ambiente RESPONSABILIDADE SOCIAL DAS EMPRESAS O compromisso de uma empresa deve ir al\u00e9m dos benef\u00edcios econ\u00f3micos, promovendo os benef\u00edcios sociais e a sustentabilidade ambiental. A Symaga promove um plano de Responsabilidade Corporativa dentro de um c\u00f3digo \u00e9tico de respeito pela natureza e pelo desenvolvimento pessoal e empresarial. Associa\u00e7\u00f5es, Coletivos e [&hellip;]<\/p>\n","protected":false},"author":1,"featured_media":0,"parent":0,"menu_order":0,"comment_status":"closed","ping_status":"closed","template":"","meta":{"footnotes":""},"class_list":["post-39695","page","type-page","status-publish","hentry"],"_links":{"self":[{"href":"https:\/\/www.symaga.com\/pt-pt\/wp-json\/wp\/v2\/pages\/39695","targetHints":{"allow":["GET"]}}],"collection":[{"href":"https:\/\/www.symaga.com\/pt-pt\/wp-json\/wp\/v2\/pages"}],"about":[{"href":"https:\/\/www.symaga.com\/pt-pt\/wp-json\/wp\/v2\/types\/page"}],"author":[{"embeddable":true,"href":"https:\/\/www.symaga.com\/pt-pt\/wp-json\/wp\/v2\/users\/1"}],"replies":[{"embeddable":true,"href":"https:\/\/www.symaga.com\/pt-pt\/wp-json\/wp\/v2\/comments?post=39695"}],"version-history":[{"count":19,"href":"https:\/\/www.symaga.com\/pt-pt\/wp-json\/wp\/v2\/pages\/39695\/revisions"}],"predecessor-version":[{"id":64385,"href":"https:\/\/www.symaga.com\/pt-pt\/wp-json\/wp\/v2\/pages\/39695\/revisions\/64385"}],"wp:attachment":[{"href":"https:\/\/www.symaga.com\/pt-pt\/wp-json\/wp\/v2\/media?parent=39695"}],"curies":[{"name":"wp","href":"https:\/\/api.w.org\/{rel}","templated":true}]}}