{"id":40219,"date":"2024-09-24T17:44:26","date_gmt":"2024-09-24T15:44:26","guid":{"rendered":"https:\/\/www.symaga.com\/politica-de-privacidade\/"},"modified":"2024-09-24T17:44:26","modified_gmt":"2024-09-24T15:44:26","slug":"politica-de-privacidade","status":"publish","type":"page","link":"https:\/\/www.symaga.com\/pt-pt\/politica-de-privacidade\/","title":{"rendered":"Pol\u00edtica de privacidade"},"content":{"rendered":"\t\t<div data-elementor-type=\"wp-page\" data-elementor-id=\"40219\" class=\"elementor elementor-40219 elementor-39415\" data-elementor-post-type=\"page\">\n\t\t\t\t<div class=\"elementor-element elementor-element-b71803a e-flex e-con-boxed e-con e-parent\" data-id=\"b71803a\" data-element_type=\"container\">\n\t\t\t\t\t<div class=\"e-con-inner\">\n\t\t\t\t<div class=\"elementor-element elementor-element-b4a214f elementor-widget elementor-widget-text-editor\" data-id=\"b4a214f\" data-element_type=\"widget\" data-widget_type=\"text-editor.default\">\n\t\t\t\t<div class=\"elementor-widget-container\">\n\t\t\t\t\t\t\t\t\t<p>Os dados pessoais que nos confia s\u00e3o muito importantes para n\u00f3s. Por conseguinte, gostar\u00edamos de o informar sobre a forma como tratamos os seus dados pessoais.<\/p>\n<p>\u00a0<\/p>\n<h2>Quem \u00e9 o respons\u00e1vel pelo tratamento dos dados?<\/h2>\n<p><strong>Symaga, S.A.U.\u00a0<\/strong><\/p>\n<p>CIF\/NIF: A13027487<\/p>\n<p>Ctra. de Arenas Km. 2,300.<\/p>\n<p>Cod. Postal 13210. Villarta de San Juan.<\/p>\n<p>Ciudad Real. Espanha.<\/p>\n<p><strong>Contactar connosco:<\/strong><\/p>\n<p>Telefone: +34 926 640 475\u00a0<\/p>\n<p>Correio eletr\u00f3nico: <a href=\"mailto:symaga@symaga.com\">symaga@symaga.com<\/a><\/p>\n<p>S\u00edtio Web: <a href=\"https:\/\/symaga.com\">https:\/\/symaga.com<\/a><\/p>\n<p>\u00a0<\/p>\n<h2>Para que fins tratamos os seus dados?<\/h2>\n<ul>\n<li>Atender os pedidos ou qualquer tipo de solicita\u00e7\u00e3o ou consulta que o utilizador nos possa solicitar atrav\u00e9s de qualquer uma das formas de contacto colocadas \u00e0 sua disposi\u00e7\u00e3o. Para enviar ao utilizador informa\u00e7\u00e3o ou documenta\u00e7\u00e3o solicitada. Em qualquer caso, as finalidades ser\u00e3o as relacionadas com o meio de comunica\u00e7\u00e3o utilizado e o pedido efectuado.<\/li>\n<li>Para o cumprimento da rela\u00e7\u00e3o comercial.<\/li>\n<li>Enviar informa\u00e7\u00e3o comercial sobre servi\u00e7os de interesse para o utilizador e relacionados com a nossa atividade, sempre que o utilizador o consinta e at\u00e9 que revogue o consentimento prestado.<\/li>\n<li>Para gerir a subscri\u00e7\u00e3o de newsletters, blogues, etc., se aplic\u00e1vel.<\/li>\n<li>Para cumprir as obriga\u00e7\u00f5es legais que nos afectam.<\/li>\n<li>No caso dos curr\u00edculos recebidos, para proceder \u00e0 sele\u00e7\u00e3o de candidatos para preencher postos de trabalho. A consequ\u00eancia da obten\u00e7\u00e3o dos dados pessoais comunicados ser\u00e1 a participa\u00e7\u00e3o em processos de sele\u00e7\u00e3o para preenchimento de postos de trabalho.<\/li>\n<\/ul>\n<p>\u00a0<\/p>\n<h2>Que termos ou crit\u00e9rios seguimos para a conserva\u00e7\u00e3o dos dados?<\/h2>\n<p>Os dados fornecidos ser\u00e3o conservados durante o tempo necess\u00e1rio para cumprir as finalidades para as quais foram recolhidos ou enquanto o interessado n\u00e3o  solicitar a sua elimina\u00e7\u00e3o e durante o tempo necess\u00e1rio para cumprir as obriga\u00e7\u00f5es legais e manter a rela\u00e7\u00e3o subscrita.<\/p>\n<p>No caso dos curr\u00edculos recebidos, estes ser\u00e3o conservados para futuros processos de sele\u00e7\u00e3o para cargos que correspondam ao perfil profissional do candidato, salvo se manifestar a sua vontade de que os seus dados n\u00e3o sejam conservados para esta \u00faltima finalidade, caso em que ser\u00e3o eliminados de acordo com o seu pedido.<\/p>\n<h2>Qual \u00e9 a legitimidade do tratamento dos seus dados?<strong>\u00a0<\/strong><\/h2>\n<pUtilizamos os seus dados em conformidade com a legisla\u00e7\u00e3o espanhola e europeia em mat\u00e9ria de prote\u00e7\u00e3o de dados e de acordo com as seguintes bases jur\u00eddicas:<\/p>\n<ul>\n<li>O utilizador expressou o seu consentimento para o tratamento dos seus dados pessoais. Este consentimento pode ser retirado em qualquer altura.<\/li>\n<li>O tratamento dos seus dados \u00e9 necess\u00e1rio para o cumprimento de uma obriga\u00e7\u00e3o legal.<\/li>\n<li>O tratamento dos seus dados \u00e9 necess\u00e1rio para a presta\u00e7\u00e3o de um servi\u00e7o contratado.<\/li>\n<li>O tratamento dos seus dados \u00e9 devido a um interesse leg\u00edtimo, desde que n\u00e3o prevale\u00e7am os direitos ou liberdades da pessoa em causa.<\/li>\n<\/ul>\n<p>\u00a0<\/p>\n<h2>\u00c9 obrigat\u00f3rio fornecer-nos os seus dados pessoais?<\/h2>\n<p>Informamo-lo do car\u00e1cter volunt\u00e1rio da recolha dos seus dados e de que a falta de resposta n\u00e3o acarreta qualquer consequ\u00eancia negativa, com exce\u00e7\u00e3o dos dados considerados essenciais (por exemplo, atrav\u00e9s de um asterisco nos formul\u00e1rios de pedido de registo, de cliente, de contacto ou de subscri\u00e7\u00e3o de newsletter) sem os quais n\u00e3o podemos prestar-lhe o servi\u00e7o ou as informa\u00e7\u00f5es solicitadas. Desde que n\u00e3o declare o contr\u00e1rio, entendemos que consente o tratamento destes dados e que os mesmos est\u00e3o actualizados.<\/p>\n<p>Para podermos oferecer o melhor servi\u00e7o, esta empresa necessita que os dados fornecidos sejam exactos e actualizados. No caso de menores, \u00e9 necess\u00e1ria a autoriza\u00e7\u00e3o pr\u00e9via dos pais ou dos representantes legais para o tratamento dos dados pessoais.<\/p>\n<p>\u00a0<\/p>\n<h2>A quem comunicamos os seus dados?<\/h2>\n<p>N\u00e3o est\u00e3o previstas quaisquer comunica\u00e7\u00f5es, exceto se legalmente obrigadas ou necess\u00e1rias para a presta\u00e7\u00e3o do servi\u00e7o e\/ou produtos solicitados.<\/p>\n<p>\u00a0<\/p>\n<h2>Que seguran\u00e7a utilizamos no tratamento dos seus dados?<\/h2>\n<p>Os dados pessoais que nos fornece, dos quais \u00e9 titular, pessoa autorizada ou representante legal, s\u00e3o incorporados nas nossas bases de dados de gest\u00e3o. No momento do registo destes dados, assumimos a responsabilidade pelos mesmos e, consequentemente, aplicamos todos os meios ao nosso alcance para os tratar com a m\u00e1xima confidencialidade, de forma l\u00edcita, leal, transparente, adequada e limitada, estabelecemos as medidas necess\u00e1rias para evitar a sua perda, m\u00e1 utiliza\u00e7\u00e3o, altera\u00e7\u00e3o ou acesso n\u00e3o autorizado.<\/p>\n<p>Os servidores do s\u00edtio Web podem detetar automaticamente o endere\u00e7o IP e o nome de<br \/>\ndom\u00ednio utilizados pelo utilizador. Um endere\u00e7o IP \u00e9 um n\u00famero atribu\u00eddo<br \/>\nautomaticamente a um computador quando este se liga \u00e0 Internet. Todas estas informa\u00e7\u00f5es s\u00e3o registadas num ficheiro de atividade do servidor que permite o tratamento posterior dos dados para obter medi\u00e7\u00f5es puramente estat\u00edsticas que permitem conhecer o n\u00famero de impress\u00f5es de p\u00e1ginas, o n\u00famero de visitas efectuadas aos servidores Web, a ordem das visitas, o ponto de acesso, etc.<\/p>\n<p>\u00a0<\/p>\n<h2>Quais s\u00e3o os direitos das pessoas em causa?<\/h2>\n<p>O utilizador pode, a qualquer momento, solicitar gratuitamente a confirma\u00e7\u00e3o de que esta<br \/>\nempresa est\u00e1 ou n\u00e3o a tratar dados pessoais que lhe digam respeito.<\/p>\n<p>Pode aceder aos seus dados pessoais, pode solicitar a retifica\u00e7\u00e3o dos dados inexactos ou incompletos e solicitar a sua elimina\u00e7\u00e3o quando, entre outros motivos, j\u00e1 n\u00e3o forem necess\u00e1rios para os fins para que foram recolhidos, pode solicitar a sua portabilidade, pode solicitar a limita\u00e7\u00e3o do seu tratamento, caso em que apenas os conservaremos para o exerc\u00edcio ou a defesa de reclama\u00e7\u00f5es.<\/p>\n<p>Em determinadas circunst\u00e2ncias e por motivos relacionados com a sua situa\u00e7\u00e3o particular, as pessoas em causa podem opor-se ao tratamento dos seus dados. Esta empresa deixar\u00e1 de tratar os dados, exceto por raz\u00f5es leg\u00edtimas imperiosas ou para o exerc\u00edcio de eventuais reclama\u00e7\u00f5es. Pode tamb\u00e9m opor-se a decis\u00f5es individuais automatizadas, se for caso disso. Para exercer os seus direitos, pode enviar uma carta para o endere\u00e7o de contacto indicado no s\u00edtio Web ou por correio eletr\u00f3nico, juntando uma fotoc\u00f3pia do seu bilhete de<br \/>\nidentidade ou de um documento de identifica\u00e7\u00e3o v\u00e1lido e os pormenores do pedido relativo ao direito que pretende exercer.<\/p>\n<p>Poder\u00e1 solicitar mais informa\u00e7\u00f5es ou apresentar uma reclama\u00e7\u00e3o se considerar que os seus direitos n\u00e3o foram devidamente tratados perante a Ag\u00eancia Espanhola de Prote\u00e7\u00e3o de Dados (aepd.es). Tamb\u00e9m pode retirar o seu consentimento em qualquer altura, sem que isso afecte a legalidade do tratamento anterior \u00e0 sua retirada.<\/p>\n\t\t\t\t\t\t\t\t<\/div>\n\t\t\t\t<\/div>\n\t\t\t\t\t<\/div>\n\t\t\t\t<\/div>\n\t\t\t\t<\/div>\n\t\t","protected":false},"excerpt":{"rendered":"<p>Os dados pessoais que nos confia s\u00e3o muito importantes para n\u00f3s. Por conseguinte, gostar\u00edamos de o informar sobre a forma como tratamos os seus dados pessoais. \u00a0 Quem \u00e9 o respons\u00e1vel pelo tratamento dos dados? Symaga, S.A.U.\u00a0 CIF\/NIF: A13027487 Ctra. de Arenas Km. 2,300. Cod. Postal 13210. Villarta de San Juan. Ciudad Real. Espanha. Contactar [&hellip;]<\/p>\n","protected":false},"author":1,"featured_media":0,"parent":0,"menu_order":0,"comment_status":"closed","ping_status":"closed","template":"","meta":{"footnotes":""},"class_list":["post-40219","page","type-page","status-publish","hentry"],"_links":{"self":[{"href":"https:\/\/www.symaga.com\/pt-pt\/wp-json\/wp\/v2\/pages\/40219","targetHints":{"allow":["GET"]}}],"collection":[{"href":"https:\/\/www.symaga.com\/pt-pt\/wp-json\/wp\/v2\/pages"}],"about":[{"href":"https:\/\/www.symaga.com\/pt-pt\/wp-json\/wp\/v2\/types\/page"}],"author":[{"embeddable":true,"href":"https:\/\/www.symaga.com\/pt-pt\/wp-json\/wp\/v2\/users\/1"}],"replies":[{"embeddable":true,"href":"https:\/\/www.symaga.com\/pt-pt\/wp-json\/wp\/v2\/comments?post=40219"}],"version-history":[{"count":1,"href":"https:\/\/www.symaga.com\/pt-pt\/wp-json\/wp\/v2\/pages\/40219\/revisions"}],"predecessor-version":[{"id":40220,"href":"https:\/\/www.symaga.com\/pt-pt\/wp-json\/wp\/v2\/pages\/40219\/revisions\/40220"}],"wp:attachment":[{"href":"https:\/\/www.symaga.com\/pt-pt\/wp-json\/wp\/v2\/media?parent=40219"}],"curies":[{"name":"wp","href":"https:\/\/api.w.org\/{rel}","templated":true}]}}