{"id":40985,"date":"2024-10-02T17:54:34","date_gmt":"2024-10-02T15:54:34","guid":{"rendered":"https:\/\/www.symaga.com\/yasal-uyari\/"},"modified":"2024-10-02T17:54:34","modified_gmt":"2024-10-02T15:54:34","slug":"yasal-uyari","status":"publish","type":"page","link":"https:\/\/www.symaga.com\/tr\/yasal-uyari\/","title":{"rendered":"Yasal Uyar\u0131"},"content":{"rendered":"\t\t<div data-elementor-type=\"wp-page\" data-elementor-id=\"40985\" class=\"elementor elementor-40985 elementor-39410\" data-elementor-post-type=\"page\">\n\t\t\t\t<div class=\"elementor-element elementor-element-06b99c5 e-flex e-con-boxed e-con e-parent\" data-id=\"06b99c5\" data-element_type=\"container\">\n\t\t\t\t\t<div class=\"e-con-inner\">\n\t\t\t\t<div class=\"elementor-element elementor-element-533de9f elementor-widget elementor-widget-text-editor\" data-id=\"533de9f\" data-element_type=\"widget\" data-widget_type=\"text-editor.default\">\n\t\t\t\t<div class=\"elementor-widget-container\">\n\t\t\t\t\t\t\t\t\t<h2>Sahibi<\/h2>\n<p><strong>Symaga, S.A.U.\u00a0<\/strong>(bundan b\u00f6yle web sitesinin sahibi olarak an\u0131lacakt\u0131r) CIF\/NIF: A13027487, <a href=\"https:\/\/www.symaga.com\/\">www.symaga.com<\/a><strong>\u00a0<\/strong>alan ad\u0131n\u0131n sahibidir ve adresi Ctra. de Arenas Km. 2,300. Cod. Postal 13210&#8217;dur. Villarta de San Juan. Ciudad Real. \u0130spanya adresinde bulunmaktad\u0131r. \u015eirket, Ciudad Real Ticaret Sicili, Cilt 135, Folio 32, Sayfa 766&#8217;da kay\u0131tl\u0131d\u0131r.<\/p>\n<h2>Bize ula\u015f\u0131n:<\/h2>\n<p>Telefon: +34 926 640 475\u00a0<\/p>\n<p>E-posta: <a href=\"mailto:symaga@symaga.com\">symaga@symaga.com<\/a><\/p>\n<p>Web sitesi: <a href=\"https:\/\/symaga.com\">https:\/\/symaga.com<\/a><\/p>\n<h2>Nesne<\/h2>\n<p>Bunlar, web sitesine eri\u015fimi ve web sitesinin kullan\u0131m\u0131n\u0131 d\u00fczenleyen genel ve uygun<br \/>\noldu\u011fu durumlarda \u00f6zel ko\u015fullard\u0131r.<\/p>\n<p>Bu web sitesi, etki alan\u0131na (bundan b\u00f6yle web sitesi olarak an\u0131lacakt\u0131r) eri\u015fen halka (bundan b\u00f6yle kullan\u0131c\u0131 olarak an\u0131lacakt\u0131r) bilgi, veri, \u00fcr\u00fcn ve hizmetler (bundan b\u00f6yle i\u00e7erik olarak an\u0131lacakt\u0131r) sa\u011flamak ve sunmak i\u00e7in tasarlanm\u0131\u015ft\u0131r.<\/p>\n<h2>Eri\u015fim<\/h2>\n<p>Web Sitesine eri\u015fen ki\u015fi, Web Sitesinin Kullan\u0131c\u0131s\u0131 stat\u00fcs\u00fcn\u00fc kazan\u0131r. Bu, genel ko\u015fullar\u0131n ve uygun oldu\u011fu durumlarda eri\u015fim ve kullan\u0131m\u0131 d\u00fczenleyen \u00f6zel ko\u015fullar\u0131n bilinmesi ve kabul edilmesi anlam\u0131na gelir. Meydana gelebilecek de\u011fi\u015fikliklerden, modifikasyonlardan ve g\u00fcncellemelerden haberdar olmak i\u00e7in kullan\u0131m ko\u015fullar\u0131na d\u00fczenli olarak eri\u015fmenizi \u00f6neririz.<\/p>\n<p>Web sitesi, fikri m\u00fclkiyet haklar\u0131na tabi olsun veya olmas\u0131n, i\u00e7erdi\u011fi metinler, grafikler,<br \/>\nresimler, videolar, sesler, \u00e7izimler, foto\u011fraflar ve yaz\u0131l\u0131mlar\u0131 i\u00e7erir.<\/p>\n<p>Web sitesine eri\u015fim, Kullan\u0131c\u0131 taraf\u0131ndan abonelik veya kayd\u0131n gerekli oldu\u011fu ve bunun genel veya \u00f6zel ko\u015fullarda belirlendi\u011fi belirli i\u00e7erik ve hizmetler d\u0131\u015f\u0131nda, \u00f6nceden izin, abonelik veya kay\u0131t olmaks\u0131z\u0131n \u00fccretsizdir.<\/p>\n<p>Sa\u011flanan hizmet belirsiz bir s\u00fcre i\u00e7indir. Web sitesi, i\u00e7eri\u011fin kalitesini ve do\u011frulu\u011funu korumay\u0131 ve elinden gelen en iyi \u015fekilde kullanmay\u0131 taahh\u00fct eder. Ancak bu, web sitesi sahibinin i\u00e7eri\u011fin kalitesi, do\u011frulu\u011fu ve eri\u015fim h\u0131z\u0131 ile ilgili herhangi bir y\u00fck\u00fcml\u00fcl\u00fc\u011f\u00fc oldu\u011fu anlam\u0131na gelmez. Site sahibi, eri\u015fim ko\u015fullar\u0131n\u0131 de\u011fi\u015ftirme veya g\u00fcncelleme ya da \u00f6nceden haber vermeksizin web sitesine veya web sitesinin bir k\u0131sm\u0131na eri\u015fimi ask\u0131ya alma hakk\u0131n\u0131 sakl\u0131 tutar.<\/p>\n<p>Web sitesine eri\u015fen kullan\u0131c\u0131lar, web sitesine ve i\u00e7eri\u011fine, web sitesi sahibinin veya \u00fc\u00e7\u00fcnc\u00fc taraf kullan\u0131c\u0131lar\u0131n zarar\u0131na olacak \u015fekilde, yasa d\u0131\u015f\u0131, \u00fc\u00e7\u00fcnc\u00fc taraflar\u0131n hak ve \u00f6zg\u00fcrl\u00fcklerine zarar veren veya web sitesine zarar verebilecek, bozabilecek, doyurabilecek veya yava\u015flatabilecek \u015fekilde ve\/veya ama\u00e7lara ayk\u0131r\u0131 bir \u015fekilde eri\u015fmemeyi her zaman taahh\u00fct ederler.<\/p>\n<h2>Fikri m\u00fclkiyet haklar\u0131<\/h2>\n<p>Web sitesinin sahibi, i\u00e7erdi\u011fi i\u00e7eriklerin yan\u0131 s\u0131ra s\u0131nai ve fikri m\u00fclkiyet haklar\u0131n\u0131n da<br \/>\nsahibidir. Buna \u00f6rnek olarak, bilgi, mesajlar, grafikler, ses ve g\u00f6r\u00fcnt\u00fc dosyalar\u0131, foto\u011fraflar, kay\u0131tlar, bilgisayar programlar\u0131, veri tabanlar\u0131, know-how teknolojisi, ticari markalar, ay\u0131rt edici i\u015faretler, logolar ve genel olarak kendi m\u00fclkiyetinde olan her t\u00fcrl\u00fc yarat\u0131m veya eri\u015filebilir materyalin yan\u0131 s\u0131ra web sitesinin kendisi de dahildir.<\/p>\n<p>Web sitesi ayr\u0131ca, haklar\u0131 s\u0131nai ve fikri m\u00fclkiyete ili\u015fkin mevcut mevzuatla korunan \u00fc\u00e7\u00fcnc\u00fc taraflara ait i\u00e7erik, hizmet ve bilgilere de eri\u015fim sa\u011flayabilir.<\/p>\n<h2>\u0130\u00e7indekiler<\/h2>\n<p>Kullan\u0131c\u0131n\u0131n i\u00e7eri\u011fe eri\u015fimi tamamen kendi sorumlulu\u011fundad\u0131r ve eri\u015fimden do\u011frudan veya dolayl\u0131 olarak kaynaklanan fiziksel, mant\u0131ksal, ahlaki veya ki\u015fisel herhangi bir olumsuz sonu\u00e7tan sorumlu olmayacakt\u0131r.<\/p>\n<p>\u0130\u00e7erik, sa\u011flanan faaliyetler, \u00fcr\u00fcnler ve hizmetler hakk\u0131nda bilgi vermek ve bunlar\u0131<br \/>\ntan\u0131tmak amac\u0131yla haz\u0131rlanm\u0131\u015ft\u0131r ve yaln\u0131zca rehberlik ama\u00e7l\u0131d\u0131r.<\/p>\n<p>Web sitesinin sahibi, bu i\u00e7eriklerin kalitesini art\u0131rmak veya hatalar\u0131 d\u00fczeltmek ve her zaman bu de\u011fi\u015fikliklerin Kullan\u0131c\u0131lar \u00fczerinde yaratabilece\u011fi olumsuz sonu\u00e7lar\u0131 en aza indirmeye \u00e7al\u0131\u015fmak amac\u0131yla i\u00e7erikleri de\u011fi\u015ftirebilir, silebilir ve web sitesi i\u00e7inde bunlara eri\u015fim \u015fekli gibi de\u011fi\u015fiklikleri yapabilir.<\/p>\n<p>Web sitesinin veya i\u00e7eri\u011finin her t\u00fcrl\u00fc kullan\u0131m\u0131 yaln\u0131zca \u00f6zel nitelikte olmal\u0131d\u0131r. Web sitesinin i\u00e7eri\u011finin tamam\u0131n\u0131n veya bir k\u0131sm\u0131n\u0131n ve ayr\u0131ca web sitesinin kendisinin kopyalanmas\u0131, \u00e7o\u011falt\u0131lmas\u0131, da\u011f\u0131t\u0131lmas\u0131, d\u00f6n\u00fc\u015ft\u00fcr\u00fclmesi, kamuya iletilmesi veya benzeri herhangi bir eylemi i\u00e7eren di\u011fer kullan\u0131mlar web sitesinin sahibine aittir ve bu nedenle hi\u00e7bir Kullan\u0131c\u0131, web sitesinin sahibinin \u00f6nceden yaz\u0131l\u0131 izni olmadan bu eylemleri ba\u015fka ama\u00e7larla ger\u00e7ekle\u015ftiremez.<\/p>\n<p>\u0130\u00e7eriklerin, web sitesi sahibinin izni olmadan kendi veya \u00fc\u00e7\u00fcnc\u00fc taraflar\u0131n reklam veya bilgilerini tan\u0131tmak, s\u00f6zle\u015fme yapmak veya yaymak i\u00e7in kullan\u0131lmas\u0131na veya kullan\u0131m\u0131n \u00fccretsiz olup olmad\u0131\u011f\u0131na bak\u0131lmaks\u0131z\u0131n Kullan\u0131c\u0131lara sunulan hizmetleri veya bilgileri kullanarak reklam veya bilgi g\u00f6nderilmesine izin verilmez.<\/p>\n<p>\u00dc\u00e7\u00fcnc\u00fc taraflar\u0131n web sayfalar\u0131na dahil ettikleri ve bu web sitesine y\u00f6nlendirilen ba\u011flant\u0131lar veya k\u00f6pr\u00fcler, web sitesinin tamam\u0131n\u0131n ve ana sayfan\u0131n (ana sayfa) a\u00e7\u0131lmas\u0131 i\u00e7in olacak ve web sitesinin i\u00e7eri\u011fini g\u00f6steremeyecektir.<\/p>\n<p>Web sitesinin sahibi, web sitesine dahil edilen ba\u011flant\u0131lar\u0131n kalitesi \u00fczerinde kontrol mekanizmalar\u0131 uygular, ancak bu ba\u011flant\u0131lar\u0131n g\u00fcvenilirli\u011fi ve h\u0131z\u0131ndan sorumlu tutulamaz, bu ba\u011flant\u0131lar\u0131n kullan\u0131\u015fl\u0131l\u0131\u011f\u0131n\u0131 veya kullan\u0131c\u0131n\u0131n bu ba\u011flant\u0131lar arac\u0131l\u0131\u011f\u0131yla eri\u015febilece\u011fi i\u00e7erik veya hizmetleri veya \u00fc\u00e7\u00fcnc\u00fc taraf web sitelerinin d\u00fczg\u00fcn \u00e7al\u0131\u015fmas\u0131n\u0131 garanti etmez.<\/p>\n<h2>Yarg\u0131 Yetkisi<\/h2>\n<p>\u0130\u015fbu ko\u015fullara tabi web sitesinin veya i\u00e7eri\u011finin kullan\u0131m\u0131ndan do\u011fabilecek her t\u00fcrl\u00fc uyu\u015fmazl\u0131k i\u00e7in taraflar di\u011fer her t\u00fcrl\u00fc yarg\u0131 yetkisinden a\u00e7\u0131k\u00e7a feragat ederek kendilerini yetkili Mahkemelere ve Hakem Heyetlerine teslim ederler.<\/p>\n\t\t\t\t\t\t\t\t<\/div>\n\t\t\t\t<\/div>\n\t\t\t\t\t<\/div>\n\t\t\t\t<\/div>\n\t\t\t\t<\/div>\n\t\t","protected":false},"excerpt":{"rendered":"<p>Sahibi Symaga, S.A.U.\u00a0(bundan b\u00f6yle web sitesinin sahibi olarak an\u0131lacakt\u0131r) CIF\/NIF: A13027487, www.symaga.com\u00a0alan ad\u0131n\u0131n sahibidir ve adresi Ctra. de Arenas Km. 2,300. Cod. Postal 13210&#8217;dur. Villarta de San Juan. Ciudad Real. \u0130spanya adresinde bulunmaktad\u0131r. \u015eirket, Ciudad Real Ticaret Sicili, Cilt 135, Folio 32, Sayfa 766&#8217;da kay\u0131tl\u0131d\u0131r. Bize ula\u015f\u0131n: Telefon: +34 926 640 475\u00a0 E-posta: symaga@symaga.com Web [&hellip;]<\/p>\n","protected":false},"author":1,"featured_media":0,"parent":0,"menu_order":0,"comment_status":"closed","ping_status":"closed","template":"","meta":{"footnotes":""},"class_list":["post-40985","page","type-page","status-publish","hentry"],"_links":{"self":[{"href":"https:\/\/www.symaga.com\/tr\/wp-json\/wp\/v2\/pages\/40985","targetHints":{"allow":["GET"]}}],"collection":[{"href":"https:\/\/www.symaga.com\/tr\/wp-json\/wp\/v2\/pages"}],"about":[{"href":"https:\/\/www.symaga.com\/tr\/wp-json\/wp\/v2\/types\/page"}],"author":[{"embeddable":true,"href":"https:\/\/www.symaga.com\/tr\/wp-json\/wp\/v2\/users\/1"}],"replies":[{"embeddable":true,"href":"https:\/\/www.symaga.com\/tr\/wp-json\/wp\/v2\/comments?post=40985"}],"version-history":[{"count":1,"href":"https:\/\/www.symaga.com\/tr\/wp-json\/wp\/v2\/pages\/40985\/revisions"}],"predecessor-version":[{"id":40986,"href":"https:\/\/www.symaga.com\/tr\/wp-json\/wp\/v2\/pages\/40985\/revisions\/40986"}],"wp:attachment":[{"href":"https:\/\/www.symaga.com\/tr\/wp-json\/wp\/v2\/media?parent=40985"}],"curies":[{"name":"wp","href":"https:\/\/api.w.org\/{rel}","templated":true}]}}