{"id":40991,"date":"2024-10-03T11:20:46","date_gmt":"2024-10-03T09:20:46","guid":{"rendered":"https:\/\/www.symaga.com\/gizlilik-politikasi\/"},"modified":"2024-10-03T11:20:46","modified_gmt":"2024-10-03T09:20:46","slug":"gizlilik-politikasi","status":"publish","type":"page","link":"https:\/\/www.symaga.com\/tr\/gizlilik-politikasi\/","title":{"rendered":"Gizlilik Politikas\u0131"},"content":{"rendered":"\t\t<div data-elementor-type=\"wp-page\" data-elementor-id=\"40991\" class=\"elementor elementor-40991 elementor-39415\" data-elementor-post-type=\"page\">\n\t\t\t\t<div class=\"elementor-element elementor-element-b71803a e-flex e-con-boxed e-con e-parent\" data-id=\"b71803a\" data-element_type=\"container\">\n\t\t\t\t\t<div class=\"e-con-inner\">\n\t\t\t\t<div class=\"elementor-element elementor-element-b4a214f elementor-widget elementor-widget-text-editor\" data-id=\"b4a214f\" data-element_type=\"widget\" data-widget_type=\"text-editor.default\">\n\t\t\t\t<div class=\"elementor-widget-container\">\n\t\t\t\t\t\t\t\t\t<p>Bize emanet etti\u011finiz ki\u015fisel veriler bizim i\u00e7in \u00e7ok \u00f6nemlidir. Bu nedenle ki\u015fisel verilerinizi nas\u0131l i\u015fledi\u011fimiz konusunda sizi bilgilendirmek isteriz.<\/p>\n<p>\u00a0<\/p>\n<h2>Veri Sorumlusu Kimdir?<\/h2>\n<p><strong>Symaga, S.A.U.\u00a0<\/strong><\/p>\n<p>CIF\/NIF: A13027487<\/p>\n<p>Ctra. de Arenas Km. 2,300.<\/p>\n<p>Posta Kodu 13210. Villarta de San Juan.<\/p>\n<p>Ciudad Real. \u0130spanya.<\/p>\n<p><strong>Bize ula\u015f\u0131n:<\/strong><\/p>\n<p>Telefon:: +34 926 640 475\u00a0<\/p>\n<p>E-posta: <a href=\"mailto:symaga@symaga.com\">symaga@symaga.com<\/a><\/p>\n<p>Web sitesi: <a href=\"https:\/\/symaga.com\">https:\/\/symaga.com<\/a><\/p>\n<p>\u00a0<\/p>\n<h2>Verilerinizi hangi ama\u00e7larla i\u015fliyoruz?<\/h2>\n<ul>\n<li>Kullan\u0131c\u0131n\u0131n kendilerine sunulan ileti\u015fim formlar\u0131ndan herhangi biri arac\u0131l\u0131\u011f\u0131yla bizden talep edebilece\u011fi talepleri veya her t\u00fcrl\u00fc talep veya sorguyu ele almak i\u00e7in. Size g\u00f6ndermek i\u00e7in<br \/>\ntalep edilen bilgi veya belgeler. Her durumda, ama\u00e7lar kullan\u0131lan ileti\u015fim ara\u00e7lar\u0131 ve yap\u0131lan taleple ilgili ama\u00e7lar olacakt\u0131r.<\/li>\n<li>Ticari ili\u015fkinin yerine getirilmesi i\u00e7in<\/li>\n<li>Kullan\u0131c\u0131n\u0131n r\u0131zas\u0131 olmas\u0131 kayd\u0131yla ve kullan\u0131c\u0131 verdi\u011fi r\u0131zay\u0131 iptal edene kadar, kullan\u0131c\u0131y\u0131 ilgilendiren ve faaliyetimizle ilgili hizmetler hakk\u0131nda ticari bilgi g\u00f6ndermek.<\/li>\n<li>Bizi etkileyen yasal y\u00fck\u00fcml\u00fcl\u00fcklere uymak i\u00e7in.<\/li>\n<li>Varsa, haber b\u00fcltenlerine, bloglara vb. aboneli\u011fi y\u00f6netmek i\u00e7in.<\/li>\n<li>Al\u0131nan CV&#39;ler s\u00f6z konusu oldu\u011funda, i\u015fleri doldurmak i\u00e7in adaylar\u0131n se\u00e7imine devam etmek. \u0130letilen ki\u015fisel verilerin elde edilmesinin sonucu, i\u015flerin doldurulmas\u0131 i\u00e7in se\u00e7im<br \/>\ns\u00fcre\u00e7lerine kat\u0131l\u0131m olacakt\u0131r.<\/li>\n<\/ul>\n<p>\u00a0<\/p>\n<h2>Verilerin muhafazas\u0131 i\u00e7in hangi \u015fartlar\u0131 veya kriterleri takip ediyoruz?<\/h2>\n<p>Sa\u011flanan veriler, topland\u0131klar\u0131 ama\u00e7lar\u0131 yerine getirmek i\u00e7in gerekli olan s\u00fcre boyunca veya ilgili taraf silinmelerini talep etmedi\u011fi s\u00fcrece ve yasal y\u00fck\u00fcml\u00fcl\u00fckleri yerine<br \/>\ngetirmek ve taahh\u00fct edilen ili\u015fkiyi s\u00fcrd\u00fcrmek i\u00e7in gerekli olan s\u00fcre boyunca saklanacakt\u0131r.<\/p>\n<p>Al\u0131nan \u00f6zge\u00e7mi\u015fler s\u00f6z konusu oldu\u011funda, bunlar, verilerinizin ikinci ama\u00e7 i\u00e7in saklanmamas\u0131n\u0131 istemedi\u011finiz s\u00fcrece, aday\u0131n profesyonel profiline uyan pozisyonlar i\u00e7in gelecekteki se\u00e7im s\u00fcre\u00e7leri i\u00e7in saklanacakt\u0131r, bu durumda talebinize uygun olarak silinecektir.<\/p>\n<p>\u00a0<\/p>\n<h2>Verilerinizin i\u015flenmesinin me\u015fruiyeti nedir?<strong>\u00a0<\/strong><\/h2>\n<p>Verilerinizi \u0130spanyol ve Avrupa veri koruma y\u00f6netmeliklerine ve a\u015fa\u011f\u0131daki yasal dayanaklara uygun olarak kullan\u0131yoruz:<\/p>\n<ul>\n<li>Ki\u015fisel verilerinizin i\u015flenmesine onay verdi\u011finizi ifade ettiniz. Bu onay herhangi bir zamanda geri \u00e7ekilebilir.<\/li>\n<li>Verilerinizin i\u015flenmesi yasal bir y\u00fck\u00fcml\u00fcl\u00fc\u011fe uymak i\u00e7in gereklidir.<\/li>\n<li>Verilerinizin i\u015flenmesi, s\u00f6zle\u015fmeli bir hizmetin sa\u011flanmas\u0131 i\u00e7in gereklidir.<\/li>\n<li>Verilerinizin i\u015flenmesi, veri sahibinin haklar\u0131 veya \u00f6zg\u00fcrl\u00fckleri \u00fcst\u00fcn gelmedi\u011fi s\u00fcrece me\u015fru bir menfaatten kaynaklanmaktad\u0131r.<\/li>\n<\/ul>\n<p>\u00a0<\/p>\n<h2>Ki\u015fisel verilerinizi bize vermeniz zorunlu mu?<\/h2>\n<p>Verilerinizin toplanmas\u0131n\u0131n g\u00f6n\u00fcll\u00fcl\u00fck esas\u0131na dayand\u0131\u011f\u0131n\u0131 ve yan\u0131t vermemenin, size talep edilen hizmeti veya bilgileri sa\u011flayamayaca\u011f\u0131m\u0131z gerekli g\u00f6r\u00fclen veriler (\u00f6rne\u011fin, kay\u0131t, m\u00fc\u015fteri, ileti\u015fim veya b\u00fclten aboneli\u011fi talep formlar\u0131nda bir y\u0131ld\u0131z i\u015fareti arac\u0131l\u0131\u011f\u0131yla) d\u0131\u015f\u0131nda herhangi bir olumsuz sonu\u00e7 do\u011furmayaca\u011f\u0131n\u0131 size bildiririz. Aksini belirtmedi\u011finiz s\u00fcrece, bu verilerin i\u015flenmesine izin verdi\u011finizi ve g\u00fcncel olduklar\u0131n\u0131 anl\u0131yoruz.<\/p>\n<p>En iyi hizmeti sunabilmek i\u00e7in, bu \u015firketin sa\u011flanan verilerin do\u011fru ve g\u00fcncel olmas\u0131na ihtiyac\u0131 vard\u0131r. Re\u015fit olmayan ki\u015filer s\u00f6z konusu oldu\u011funda, ki\u015fisel verilerin i\u015flenmesi i\u00e7in ebeveynlerden veya yasal temsilcilerden \u00f6nceden izin al\u0131nmas\u0131 gerekir.<\/p>\n<p>\u00a0<\/p>\n<h2>Verilerinizi kime iletiyoruz?<\/h2>\n<p>Yasal olarak zorunlu olmad\u0131k\u00e7a veya talep edilen hizmet ve\/veya \u00fcr\u00fcnlerin sa\u011flanmas\u0131 i\u00e7in gerekli olmad\u0131k\u00e7a hi\u00e7bir ileti\u015fim \u00f6ng\u00f6r\u00fclmemektedir.<\/p>\n<p>\u00a0<\/p>\n<h2>Verilerinizin i\u015flenmesinde hangi g\u00fcvenli\u011fi kullan\u0131yoruz?<\/h2>\n<p>Bize sa\u011flad\u0131\u011f\u0131n\u0131z ve sahibi, yetkili ki\u015fisi veya yasal temsilcisi oldu\u011funuz ki\u015fisel veriler, y\u00f6netim veritabanlar\u0131m\u0131za dahil edilir. Bu verilerin kaydedilmesi s\u0131ras\u0131nda, bunlar\u0131n sorumlulu\u011funu \u00fcstleniriz ve sonu\u00e7 olarak, bunlar\u0131 en \u00fcst d\u00fczeyde gizlilikle, yasal, sad\u0131k, \u015feffaf, uygun ve s\u0131n\u0131rl\u0131 bir \u015fekilde ele almak i\u00e7in elimizdeki t\u00fcm ara\u00e7lar\u0131 uygular\u0131z, bunlar\u0131n kaybolmas\u0131n\u0131, k\u00f6t\u00fcye kullan\u0131lmas\u0131n\u0131, de\u011fi\u015ftirilmesini veya yetkisiz eri\u015fimi \u00f6nlemek i\u00e7in gerekli \u00f6nlemleri al\u0131r\u0131z.<\/p>\n<p>de\u011fi\u015ftirilmesini veya yetkisiz eri\u015fimi \u00f6nlemek i\u00e7in gerekli \u00f6nlemleri al\u0131r\u0131z.<\/p>\n<p>\u00a0<\/p>\n<h2>Veri sahiplerinin haklar\u0131 nelerdir?<\/h2>\n<p>\u0130stedi\u011finiz zaman, \u00fccretsiz olarak, bu \u015firketin sizinle ilgili ki\u015fisel verileri i\u015fleyip i\u015flemedi\u011fine dair onay talep edebilirsiniz.<\/p>\n<p>Ki\u015fisel verilerinize eri\u015febilir, yanl\u0131\u015f veya eksik verilerin d\u00fczeltilmesini talep edebilir ve di\u011fer nedenlerin yan\u0131 s\u0131ra, topland\u0131klar\u0131 ama\u00e7lar i\u00e7in art\u0131k gerekli olmad\u0131klar\u0131nda silinmelerini talep edebilir, ta\u015f\u0131nabilirliklerini talep edebilir, i\u015flenmelerinin s\u0131n\u0131rland\u0131r\u0131lmas\u0131n\u0131 talep edebilirsiniz, bu durumda bunlar\u0131 yaln\u0131zca taleplerin uygulanmas\u0131 veya savunulmas\u0131 i\u00e7in saklayaca\u011f\u0131z.<\/p>\n<p>Belirli durumlarda ve \u00f6zel durumlar\u0131yla ilgili nedenlerle, veri sahipleri verilerinin i\u015flenmesine itiraz edebilir. Bu \u015firket, zorlay\u0131c\u0131 me\u015fru nedenler veya olas\u0131 hak taleplerinin uygulanmas\u0131 d\u0131\u015f\u0131nda verilerin i\u015flenmesini durduracakt\u0131r. Uygun oldu\u011fu durumlarda otomatik bireysel kararlara da itiraz edebilirsiniz. Haklar\u0131n\u0131z\u0131 kullanmak i\u00e7in web sitesinde verilen ileti\u015fim adresine bir mektup veya e-posta g\u00f6nderebilir, kimlik kart\u0131n\u0131z\u0131n veya ge\u00e7erli kimlik belgenizin bir fotokopisini ve kullanmak istedi\u011finiz hakka ili\u015fkin talebin ayr\u0131nt\u0131lar\u0131n\u0131 ekleyebilirsiniz.<\/p>\n<p>Haklar\u0131n\u0131z\u0131n \u0130spanya Veri Koruma Kurumu (aepd.es) nezdinde gerekti\u011fi gibi ele al\u0131nmad\u0131\u011f\u0131n\u0131 d\u00fc\u015f\u00fcn\u00fcyorsan\u0131z daha fazla bilgi talep edebilir veya \u015fikayette bulunabilirsiniz. Ayr\u0131ca, geri \u00e7ekilmenizden \u00f6nceki i\u015flemenin yasall\u0131\u011f\u0131n\u0131 etkilemeksizin, onay\u0131n\u0131z\u0131 istedi\u011finiz zaman geri \u00e7ekebilirsiniz.<\/p>\n\t\t\t\t\t\t\t\t<\/div>\n\t\t\t\t<\/div>\n\t\t\t\t\t<\/div>\n\t\t\t\t<\/div>\n\t\t\t\t<\/div>\n\t\t","protected":false},"excerpt":{"rendered":"<p>Bize emanet etti\u011finiz ki\u015fisel veriler bizim i\u00e7in \u00e7ok \u00f6nemlidir. Bu nedenle ki\u015fisel verilerinizi nas\u0131l i\u015fledi\u011fimiz konusunda sizi bilgilendirmek isteriz. \u00a0 Veri Sorumlusu Kimdir? Symaga, S.A.U.\u00a0 CIF\/NIF: A13027487 Ctra. de Arenas Km. 2,300. Posta Kodu 13210. Villarta de San Juan. Ciudad Real. \u0130spanya. Bize ula\u015f\u0131n: Telefon:: +34 926 640 475\u00a0 E-posta: symaga@symaga.com Web sitesi: https:\/\/symaga.com \u00a0 [&hellip;]<\/p>\n","protected":false},"author":1,"featured_media":0,"parent":0,"menu_order":0,"comment_status":"closed","ping_status":"closed","template":"","meta":{"footnotes":""},"class_list":["post-40991","page","type-page","status-publish","hentry"],"_links":{"self":[{"href":"https:\/\/www.symaga.com\/tr\/wp-json\/wp\/v2\/pages\/40991","targetHints":{"allow":["GET"]}}],"collection":[{"href":"https:\/\/www.symaga.com\/tr\/wp-json\/wp\/v2\/pages"}],"about":[{"href":"https:\/\/www.symaga.com\/tr\/wp-json\/wp\/v2\/types\/page"}],"author":[{"embeddable":true,"href":"https:\/\/www.symaga.com\/tr\/wp-json\/wp\/v2\/users\/1"}],"replies":[{"embeddable":true,"href":"https:\/\/www.symaga.com\/tr\/wp-json\/wp\/v2\/comments?post=40991"}],"version-history":[{"count":1,"href":"https:\/\/www.symaga.com\/tr\/wp-json\/wp\/v2\/pages\/40991\/revisions"}],"predecessor-version":[{"id":40992,"href":"https:\/\/www.symaga.com\/tr\/wp-json\/wp\/v2\/pages\/40991\/revisions\/40992"}],"wp:attachment":[{"href":"https:\/\/www.symaga.com\/tr\/wp-json\/wp\/v2\/media?parent=40991"}],"curies":[{"name":"wp","href":"https:\/\/api.w.org\/{rel}","templated":true}]}}