{"id":41351,"date":"2024-10-08T11:54:43","date_gmt":"2024-10-08T09:54:43","guid":{"rendered":"https:\/\/www.symaga.com\/butce\/"},"modified":"2024-10-08T11:54:43","modified_gmt":"2024-10-08T09:54:43","slug":"butce","status":"publish","type":"page","link":"https:\/\/www.symaga.com\/tr\/butce\/","title":{"rendered":"B\u00fct\u00e7e"},"content":{"rendered":"\t\t<div data-elementor-type=\"wp-page\" data-elementor-id=\"41351\" class=\"elementor elementor-41351 elementor-36557\" data-elementor-post-type=\"page\">\n\t\t\t\t<div class=\"elementor-element elementor-element-11f82946 e-con-full e-flex e-con e-parent\" data-id=\"11f82946\" data-element_type=\"container\">\n\t\t<div class=\"elementor-element elementor-element-72996d1d e-flex e-con-boxed e-con e-child\" data-id=\"72996d1d\" data-element_type=\"container\" data-settings=\"{&quot;background_background&quot;:&quot;classic&quot;}\">\n\t\t\t\t\t<div class=\"e-con-inner\">\n\t\t\t\t<div class=\"elementor-element elementor-element-ac884d6 elementor-widget elementor-widget-text-editor\" data-id=\"ac884d6\" data-element_type=\"widget\" data-widget_type=\"text-editor.default\">\n\t\t\t\t<div class=\"elementor-widget-container\">\n\t\t\t\t\t\t\t\t\t<h1 style=\"text-align: left;\">DEPOLAMA PROJENIZ I\u00c7IN FIYAT TEKLIFI ALIN<\/h1>\n<h4 style=\"text-align: left;\">L\u00fctfen bu bilgileri bize iletin, sizinle ileti\u015fime ge\u00e7elim:<\/h4>\n\t\t\t\t\t\t\t\t<\/div>\n\t\t\t\t<\/div>\n\t\t\t\t<div class=\"elementor-element elementor-element-350508ce elementor-button-align-start elementor-widget elementor-widget-form\" data-id=\"350508ce\" data-element_type=\"widget\" data-settings=\"{&quot;step_next_label&quot;:&quot;Sonraki&quot;,&quot;step_previous_label&quot;:&quot;\\u00d6nceki&quot;,&quot;button_width_tablet&quot;:&quot;100&quot;,&quot;button_width&quot;:&quot;100&quot;,&quot;step_type&quot;:&quot;number_text&quot;,&quot;step_icon_shape&quot;:&quot;circle&quot;}\" data-widget_type=\"form.default\">\n\t\t\t\t<div class=\"elementor-widget-container\">\n\t\t\t\t\t\t\t<form class=\"elementor-form\" method=\"post\" name=\"B\u00fct\u00e7e\" aria-label=\"B\u00fct\u00e7e\">\n\t\t\t<input type=\"hidden\" name=\"post_id\" value=\"41351\"\/>\n\t\t\t<input type=\"hidden\" name=\"form_id\" value=\"350508ce\"\/>\n\t\t\t<input type=\"hidden\" name=\"referer_title\" value=\"B\u00fct\u00e7e - Symaga\" \/>\n\n\t\t\t\t\t\t\t<input type=\"hidden\" name=\"queried_id\" value=\"41351\"\/>\n\t\t\t\n\t\t\t<div class=\"elementor-form-fields-wrapper elementor-labels-\">\n\t\t\t\t\t\t\t\t<div class=\"elementor-field-type-text elementor-field-group elementor-column elementor-field-group-field_fd58b49 elementor-col-50 elementor-field-required\">\n\t\t\t\t\t\t\t\t\t\t\t\t<label for=\"form-field-field_fd58b49\" class=\"elementor-field-label elementor-screen-only\">\n\t\t\t\t\t\t\t\t\u015eirket\t\t\t\t\t\t\t<\/label>\n\t\t\t\t\t\t\t\t\t\t\t\t\t\t<input size=\"1\" type=\"text\" name=\"form_fields[field_fd58b49]\" id=\"form-field-field_fd58b49\" class=\"elementor-field elementor-size-sm  elementor-field-textual\" placeholder=\"\u015eirket\" required=\"required\">\n\t\t\t\t\t\t\t\t\t\t\t<\/div>\n\t\t\t\t\t\t\t\t<div class=\"elementor-field-type-text elementor-field-group elementor-column elementor-field-group-field_8f39cad elementor-col-50 elementor-field-required\">\n\t\t\t\t\t\t\t\t\t\t\t\t<label for=\"form-field-field_8f39cad\" class=\"elementor-field-label elementor-screen-only\">\n\t\t\t\t\t\t\t\t\u0130leti\u015fim ad\u0131\t\t\t\t\t\t\t<\/label>\n\t\t\t\t\t\t\t\t\t\t\t\t\t\t<input size=\"1\" type=\"text\" name=\"form_fields[field_8f39cad]\" id=\"form-field-field_8f39cad\" class=\"elementor-field elementor-size-sm  elementor-field-textual\" placeholder=\"\u0130leti\u015fim ad\u0131\" required=\"required\">\n\t\t\t\t\t\t\t\t\t\t\t<\/div>\n\t\t\t\t\t\t\t\t<div class=\"elementor-field-type-tel elementor-field-group elementor-column elementor-field-group-field_5057311 elementor-col-50 elementor-md-50 elementor-field-required\">\n\t\t\t\t\t\t\t\t\t\t\t\t<label for=\"form-field-field_5057311\" class=\"elementor-field-label elementor-screen-only\">\n\t\t\t\t\t\t\t\tTelefon\t\t\t\t\t\t\t<\/label>\n\t\t\t\t\t\t\t\t<input size=\"1\" type=\"tel\" name=\"form_fields[field_5057311]\" id=\"form-field-field_5057311\" class=\"elementor-field elementor-size-sm  elementor-field-textual\" placeholder=\"Telefon\" required=\"required\" pattern=\"[0-9()#&amp;+*-=.]+\" title=\"Only numbers and phone characters (#, -, *, etc) are accepted.\">\n\n\t\t\t\t\t\t<\/div>\n\t\t\t\t\t\t\t\t<div class=\"elementor-field-type-email elementor-field-group elementor-column elementor-field-group-email elementor-col-50 elementor-md-50 elementor-field-required\">\n\t\t\t\t\t\t\t\t\t\t\t\t<label for=\"form-field-email\" class=\"elementor-field-label elementor-screen-only\">\n\t\t\t\t\t\t\t\tE-posta\t\t\t\t\t\t\t<\/label>\n\t\t\t\t\t\t\t\t\t\t\t\t\t\t<input size=\"1\" type=\"email\" name=\"form_fields[email]\" id=\"form-field-email\" class=\"elementor-field elementor-size-sm  elementor-field-textual\" placeholder=\"E-posta\" required=\"required\">\n\t\t\t\t\t\t\t\t\t\t\t<\/div>\n\t\t\t\t\t\t\t\t<div class=\"elementor-field-type-text elementor-field-group elementor-column elementor-field-group-field_5c648db elementor-col-50 elementor-field-required\">\n\t\t\t\t\t\t\t\t\t\t\t\t<label for=\"form-field-field_5c648db\" class=\"elementor-field-label elementor-screen-only\">\n\t\t\t\t\t\t\t\tTesis konumu\t\t\t\t\t\t\t<\/label>\n\t\t\t\t\t\t\t\t\t\t\t\t\t\t<input size=\"1\" type=\"text\" name=\"form_fields[field_5c648db]\" id=\"form-field-field_5c648db\" class=\"elementor-field elementor-size-sm  elementor-field-textual\" placeholder=\"Tesis konumu\" required=\"required\">\n\t\t\t\t\t\t\t\t\t\t\t<\/div>\n\t\t\t\t\t\t\t\t<div class=\"elementor-field-type-text elementor-field-group elementor-column elementor-field-group-field_e7f3d15 elementor-col-50 elementor-field-required\">\n\t\t\t\t\t\t\t\t\t\t\t\t<label for=\"form-field-field_e7f3d15\" class=\"elementor-field-label elementor-screen-only\">\n\t\t\t\t\t\t\t\t\u00dclke\t\t\t\t\t\t\t<\/label>\n\t\t\t\t\t\t\t\t\t\t\t\t\t\t<input size=\"1\" type=\"text\" name=\"form_fields[field_e7f3d15]\" id=\"form-field-field_e7f3d15\" class=\"elementor-field elementor-size-sm  elementor-field-textual\" placeholder=\"\u00dclke\" required=\"required\">\n\t\t\t\t\t\t\t\t\t\t\t<\/div>\n\t\t\t\t\t\t\t\t<div class=\"elementor-field-type-textarea elementor-field-group elementor-column elementor-field-group-field_645ac72 elementor-col-100 elementor-field-required\">\n\t\t\t\t\t\t\t\t\t\t\t\t<label for=\"form-field-field_645ac72\" class=\"elementor-field-label elementor-screen-only\">\n\t\t\t\t\t\t\t\tProjenin tan\u0131m\u0131\t\t\t\t\t\t\t<\/label>\n\t\t\t\t\t\t<textarea class=\"elementor-field-textual elementor-field  elementor-size-sm\" name=\"form_fields[field_645ac72]\" id=\"form-field-field_645ac72\" rows=\"3\" placeholder=\"Projenin tan\u0131m\u0131\" required=\"required\"><\/textarea>\t\t\t\t<\/div>\n\t\t\t\t\t\t\t\t<div class=\"elementor-field-type-acceptance elementor-field-group elementor-column elementor-field-group-field_8f3c5c4 elementor-col-100\">\n\t\t\t\t\t\t\t\t\t\t\t\t<label for=\"form-field-field_8f3c5c4\" class=\"elementor-field-label elementor-screen-only\">\n\t\t\t\t\t\t\t\tKabullenme\t\t\t\t\t\t\t<\/label>\n\t\t\t\t\t\t\t\t<div class=\"elementor-field-subgroup\">\n\t\t\t<span class=\"elementor-field-option\">\n\t\t\t\t<input type=\"checkbox\" name=\"form_fields[field_8f3c5c4]\" id=\"form-field-field_8f3c5c4\" class=\"elementor-field elementor-size-sm  elementor-acceptance-field\">\n\t\t\t\t<label for=\"form-field-field_8f3c5c4\">Yasal ko\u015fullar\u0131 ve gizlilik politikas\u0131n\u0131 okudum ve kabul ediyorum. <\/label>\t\t\t<\/span>\n\t\t<\/div>\n\t\t\t\t\t\t<\/div>\n\t\t\t\t\t\t\t\t<div class=\"elementor-field-group elementor-column elementor-field-type-submit elementor-col-100 e-form__buttons elementor-md-100\">\n\t\t\t\t\t<button class=\"elementor-button elementor-size-sm\" type=\"submit\">\n\t\t\t\t\t\t<span class=\"elementor-button-content-wrapper\">\n\t\t\t\t\t\t\t\t\t\t\t\t\t\t\t\t\t\t\t\t\t\t<span class=\"elementor-button-text\">G\u00d6NDER<\/span>\n\t\t\t\t\t\t\t\t\t\t\t\t\t<\/span>\n\t\t\t\t\t<\/button>\n\t\t\t\t<\/div>\n\t\t\t<\/div>\n\t\t<\/form>\n\t\t\t\t\t\t<\/div>\n\t\t\t\t<\/div>\n\t\t\t\t\t<\/div>\n\t\t\t\t<\/div>\n\t\t\t\t<\/div>\n\t\t\t\t<\/div>\n\t\t","protected":false},"excerpt":{"rendered":"<p>DEPOLAMA PROJENIZ I\u00c7IN FIYAT TEKLIFI ALIN L\u00fctfen bu bilgileri bize iletin, sizinle ileti\u015fime ge\u00e7elim:<\/p>\n","protected":false},"author":1,"featured_media":0,"parent":0,"menu_order":0,"comment_status":"closed","ping_status":"closed","template":"","meta":{"footnotes":""},"class_list":["post-41351","page","type-page","status-publish","hentry"],"_links":{"self":[{"href":"https:\/\/www.symaga.com\/tr\/wp-json\/wp\/v2\/pages\/41351","targetHints":{"allow":["GET"]}}],"collection":[{"href":"https:\/\/www.symaga.com\/tr\/wp-json\/wp\/v2\/pages"}],"about":[{"href":"https:\/\/www.symaga.com\/tr\/wp-json\/wp\/v2\/types\/page"}],"author":[{"embeddable":true,"href":"https:\/\/www.symaga.com\/tr\/wp-json\/wp\/v2\/users\/1"}],"replies":[{"embeddable":true,"href":"https:\/\/www.symaga.com\/tr\/wp-json\/wp\/v2\/comments?post=41351"}],"version-history":[{"count":1,"href":"https:\/\/www.symaga.com\/tr\/wp-json\/wp\/v2\/pages\/41351\/revisions"}],"predecessor-version":[{"id":41352,"href":"https:\/\/www.symaga.com\/tr\/wp-json\/wp\/v2\/pages\/41351\/revisions\/41352"}],"wp:attachment":[{"href":"https:\/\/www.symaga.com\/tr\/wp-json\/wp\/v2\/media?parent=41351"}],"curies":[{"name":"wp","href":"https:\/\/api.w.org\/{rel}","templated":true}]}}