{"id":42347,"date":"2024-10-20T18:47:37","date_gmt":"2024-10-20T16:47:37","guid":{"rendered":"https:\/\/www.symaga.com\/tarih\/"},"modified":"2025-05-08T15:17:33","modified_gmt":"2025-05-08T14:17:33","slug":"tarih","status":"publish","type":"page","link":"https:\/\/www.symaga.com\/tr\/tarih\/","title":{"rendered":"Tarih"},"content":{"rendered":"\t\t<div data-elementor-type=\"wp-page\" data-elementor-id=\"42347\" class=\"elementor elementor-42347 elementor-37582\" data-elementor-post-type=\"page\">\n\t\t\t\t<div class=\"elementor-element elementor-element-e71a20b e-con-full e-flex e-con e-parent\" data-id=\"e71a20b\" data-element_type=\"container\" data-settings=\"{&quot;background_background&quot;:&quot;classic&quot;,&quot;shape_divider_bottom&quot;:&quot;triangle-asymmetrical&quot;,&quot;shape_divider_bottom_negative&quot;:&quot;yes&quot;}\">\n\t\t\t\t<div class=\"elementor-shape elementor-shape-bottom\" aria-hidden=\"true\" data-negative=\"true\">\n\t\t\t<svg xmlns=\"http:\/\/www.w3.org\/2000\/svg\" viewBox=\"0 0 1000 100\" preserveAspectRatio=\"none\">\n\t<path class=\"elementor-shape-fill\" d=\"M737.9,94.7L0,0v100h1000V0L737.9,94.7z\"\/>\n<\/svg>\t\t<\/div>\n\t\t\t\t<\/div>\n\t\t<div class=\"elementor-element elementor-element-ad6fea7 e-flex e-con-boxed e-con e-parent\" data-id=\"ad6fea7\" data-element_type=\"container\" data-settings=\"{&quot;background_background&quot;:&quot;classic&quot;}\">\n\t\t\t\t\t<div class=\"e-con-inner\">\n\t\t<div class=\"elementor-element elementor-element-54a724c e-flex e-con-boxed e-con e-child\" data-id=\"54a724c\" data-element_type=\"container\">\n\t\t\t\t\t<div class=\"e-con-inner\">\n\t\t\t\t<div class=\"elementor-element elementor-element-c25805d elementor-widget elementor-widget-text-editor\" data-id=\"c25805d\" data-element_type=\"widget\" data-widget_type=\"text-editor.default\">\n\t\t\t\t<div class=\"elementor-widget-container\">\n\t\t\t\t\t\t\t\t\t<h4 style=\"text-align: center;\">Seninle 40 y\u0131l<\/h4>\n<h1 style=\"text-align: center;\">TARIH<\/h1>\n\t\t\t\t\t\t\t\t<\/div>\n\t\t\t\t<\/div>\n\t\t\t\t<div class=\"elementor-element elementor-element-7ca4932 elementor-widget elementor-widget-text-editor\" data-id=\"7ca4932\" data-element_type=\"widget\" data-widget_type=\"text-editor.default\">\n\t\t\t\t<div class=\"elementor-widget-container\">\n\t\t\t\t\t\t\t\t\t<p style=\"text-align: center;\">1980&#8217;lerde kurucumuz Alfonso Garrido, tah\u0131l ve yem kay\u0131plar\u0131n\u0131 \u00f6nlemek i\u00e7in metal silolar \u00fcretme vizyonuna sahipti ve m\u00fc\u015fterileri ile tar\u0131m ve hayvanc\u0131l\u0131k d\u00fcnyas\u0131 i\u00e7in bir depolama \u00e7\u00f6z\u00fcm\u00fc oldu\u011funu kan\u0131tlad\u0131. Symaga, Villarta de San Juan&#8217;da bir at\u00f6lyede ba\u015flad\u0131, \u015fu anda Avrupa&#8217;n\u0131n teknolojik olarak en geli\u015fmi\u015f fabrikalar\u0131ndan biri ve verimli bir depolama yoluyla D\u00fcnya&#8217;y\u0131 beslemeye yard\u0131mc\u0131 olmak i\u00e7in \u00e7al\u0131\u015fmaya devam ediyor. Onun vizyonu, \u015firketimizin ge\u00e7mi\u015fteki, bug\u00fcnk\u00fc ve gelecekteki ba\u015far\u0131s\u0131n\u0131 belirleyen rehberdir.<\/p>\n\t\t\t\t\t\t\t\t<\/div>\n\t\t\t\t<\/div>\n\t\t\t\t\t<\/div>\n\t\t\t\t<\/div>\n\t\t\t\t\t<\/div>\n\t\t\t\t<\/div>\n\t\t<div class=\"elementor-element elementor-element-e2b0364 e-flex e-con-boxed e-con e-parent\" data-id=\"e2b0364\" data-element_type=\"container\">\n\t\t\t\t\t<div class=\"e-con-inner\">\n\t\t\t\t\t<\/div>\n\t\t\t\t<\/div>\n\t\t\t\t<\/div>\n\t\t","protected":false},"excerpt":{"rendered":"<p>Seninle 40 y\u0131l TARIH 1980&#8217;lerde kurucumuz Alfonso Garrido, tah\u0131l ve yem kay\u0131plar\u0131n\u0131 \u00f6nlemek i\u00e7in metal silolar \u00fcretme vizyonuna sahipti ve m\u00fc\u015fterileri ile tar\u0131m ve hayvanc\u0131l\u0131k d\u00fcnyas\u0131 i\u00e7in bir depolama \u00e7\u00f6z\u00fcm\u00fc oldu\u011funu kan\u0131tlad\u0131. Symaga, Villarta de San Juan&#8217;da bir at\u00f6lyede ba\u015flad\u0131, \u015fu anda Avrupa&#8217;n\u0131n teknolojik olarak en geli\u015fmi\u015f fabrikalar\u0131ndan biri ve verimli bir depolama yoluyla D\u00fcnya&#8217;y\u0131 [&hellip;]<\/p>\n","protected":false},"author":1,"featured_media":0,"parent":0,"menu_order":0,"comment_status":"closed","ping_status":"closed","template":"","meta":{"footnotes":""},"class_list":["post-42347","page","type-page","status-publish","hentry"],"_links":{"self":[{"href":"https:\/\/www.symaga.com\/tr\/wp-json\/wp\/v2\/pages\/42347","targetHints":{"allow":["GET"]}}],"collection":[{"href":"https:\/\/www.symaga.com\/tr\/wp-json\/wp\/v2\/pages"}],"about":[{"href":"https:\/\/www.symaga.com\/tr\/wp-json\/wp\/v2\/types\/page"}],"author":[{"embeddable":true,"href":"https:\/\/www.symaga.com\/tr\/wp-json\/wp\/v2\/users\/1"}],"replies":[{"embeddable":true,"href":"https:\/\/www.symaga.com\/tr\/wp-json\/wp\/v2\/comments?post=42347"}],"version-history":[{"count":5,"href":"https:\/\/www.symaga.com\/tr\/wp-json\/wp\/v2\/pages\/42347\/revisions"}],"predecessor-version":[{"id":62918,"href":"https:\/\/www.symaga.com\/tr\/wp-json\/wp\/v2\/pages\/42347\/revisions\/62918"}],"wp:attachment":[{"href":"https:\/\/www.symaga.com\/tr\/wp-json\/wp\/v2\/media?parent=42347"}],"curies":[{"name":"wp","href":"https:\/\/api.w.org\/{rel}","templated":true}]}}