{"id":42349,"date":"2024-10-20T18:48:34","date_gmt":"2024-10-20T16:48:34","guid":{"rendered":"https:\/\/www.symaga.com\/sertifikalar-ve-politikalar\/"},"modified":"2025-01-24T13:17:04","modified_gmt":"2025-01-24T11:17:04","slug":"sertifikalar-ve-politikalar","status":"publish","type":"page","link":"https:\/\/www.symaga.com\/tr\/sertifikalar-ve-politikalar\/","title":{"rendered":"Sertifikalar ve Politikalar"},"content":{"rendered":"\t\t<div data-elementor-type=\"wp-page\" data-elementor-id=\"42349\" class=\"elementor elementor-42349 elementor-38904\" data-elementor-post-type=\"page\">\n\t\t\t\t<div class=\"elementor-element elementor-element-e71a20b e-con-full e-flex e-con e-parent\" data-id=\"e71a20b\" data-element_type=\"container\" data-settings=\"{&quot;background_background&quot;:&quot;classic&quot;,&quot;shape_divider_bottom&quot;:&quot;triangle-asymmetrical&quot;,&quot;shape_divider_bottom_negative&quot;:&quot;yes&quot;}\">\n\t\t\t\t<div class=\"elementor-shape elementor-shape-bottom\" aria-hidden=\"true\" data-negative=\"true\">\n\t\t\t<svg xmlns=\"http:\/\/www.w3.org\/2000\/svg\" viewBox=\"0 0 1000 100\" preserveAspectRatio=\"none\">\n\t<path class=\"elementor-shape-fill\" d=\"M737.9,94.7L0,0v100h1000V0L737.9,94.7z\"\/>\n<\/svg>\t\t<\/div>\n\t\t\t\t<\/div>\n\t\t<div class=\"elementor-element elementor-element-afa9958 e-flex e-con-boxed e-con e-parent\" data-id=\"afa9958\" data-element_type=\"container\">\n\t\t\t\t\t<div class=\"e-con-inner\">\n\t\t<div class=\"elementor-element elementor-element-a46a9ce e-con-full e-flex e-con e-child\" data-id=\"a46a9ce\" data-element_type=\"container\">\n\t\t\t\t<div class=\"elementor-element elementor-element-483f235 elementor-widget elementor-widget-text-editor\" data-id=\"483f235\" data-element_type=\"widget\" data-widget_type=\"text-editor.default\">\n\t\t\t\t<div class=\"elementor-widget-container\">\n\t\t\t\t\t\t\t\t\t<h4 style=\"text-align: center;\">Kalite G\u00fcvence<\/h4>\n<h1 style=\"text-align: center;\">SERTIFIKALAR VE POLITIKALAR<\/h1>\n\t\t\t\t\t\t\t\t<\/div>\n\t\t\t\t<\/div>\n\t\t\t\t<\/div>\n\t\t<div class=\"elementor-element elementor-element-eabde07 e-con-full e-flex e-con e-child\" data-id=\"eabde07\" data-element_type=\"container\">\n\t\t\t\t<div class=\"elementor-element elementor-element-ef01fc0 elementor-widget elementor-widget-heading\" data-id=\"ef01fc0\" data-element_type=\"widget\" data-widget_type=\"heading.default\">\n\t\t\t\t<div class=\"elementor-widget-container\">\n\t\t\t\t\t<h4 class=\"elementor-heading-title elementor-size-default\">9001<\/h4>\t\t\t\t<\/div>\n\t\t\t\t<\/div>\n\t\t\t\t<div class=\"elementor-element elementor-element-7dd74c9 elementor-widget elementor-widget-image\" data-id=\"7dd74c9\" data-element_type=\"widget\" data-widget_type=\"image.default\">\n\t\t\t\t<div class=\"elementor-widget-container\">\n\t\t\t\t\t\t\t\t\t\t\t\t\t\t\t\t<a href=\"https:\/\/www.symaga.com\/wp-content\/uploads\/2024\/08\/9001-ESPANOL-2022-1.jpg\" data-elementor-open-lightbox=\"yes\" data-elementor-lightbox-title=\"9001-ESPAN\u0303OL-2022-1\" data-e-action-hash=\"#elementor-action%3Aaction%3Dlightbox%26settings%3DeyJpZCI6Mzg5MTIsInVybCI6Imh0dHBzOlwvXC93d3cuc3ltYWdhLmNvbVwvd3AtY29udGVudFwvdXBsb2Fkc1wvMjAyNFwvMDhcLzkwMDEtRVNQQU5PTC0yMDIyLTEuanBnIn0%3D\">\n\t\t\t\t\t\t\t<img fetchpriority=\"high\" decoding=\"async\" width=\"718\" height=\"1024\" src=\"https:\/\/www.symaga.com\/wp-content\/uploads\/2024\/08\/9001-ESPANOL-2022-1-718x1024.jpg\" class=\"attachment-large size-large wp-image-38912\" alt=\"\" srcset=\"https:\/\/www.symaga.com\/wp-content\/uploads\/2024\/08\/9001-ESPANOL-2022-1-718x1024.jpg 718w, https:\/\/www.symaga.com\/wp-content\/uploads\/2024\/08\/9001-ESPANOL-2022-1-210x300.jpg 210w, https:\/\/www.symaga.com\/wp-content\/uploads\/2024\/08\/9001-ESPANOL-2022-1-768x1095.jpg 768w, https:\/\/www.symaga.com\/wp-content\/uploads\/2024\/08\/9001-ESPANOL-2022-1-1077x1536.jpg 1077w, https:\/\/www.symaga.com\/wp-content\/uploads\/2024\/08\/9001-ESPANOL-2022-1-1436x2048.jpg 1436w, https:\/\/www.symaga.com\/wp-content\/uploads\/2024\/08\/9001-ESPANOL-2022-1.jpg 1795w\" sizes=\"(max-width: 718px) 100vw, 718px\" \/>\t\t\t\t\t\t\t\t<\/a>\n\t\t\t\t\t\t\t\t\t\t\t\t\t\t\t<\/div>\n\t\t\t\t<\/div>\n\t\t\t\t<\/div>\n\t\t<div class=\"elementor-element elementor-element-9e49c83 e-con-full e-flex e-con e-child\" data-id=\"9e49c83\" data-element_type=\"container\">\n\t\t\t\t<div class=\"elementor-element elementor-element-e8ccc1f elementor-widget elementor-widget-heading\" data-id=\"e8ccc1f\" data-element_type=\"widget\" data-widget_type=\"heading.default\">\n\t\t\t\t<div class=\"elementor-widget-container\">\n\t\t\t\t\t<h4 class=\"elementor-heading-title elementor-size-default\">14001<\/h4>\t\t\t\t<\/div>\n\t\t\t\t<\/div>\n\t\t\t\t<div class=\"elementor-element elementor-element-587f96d elementor-widget elementor-widget-image\" data-id=\"587f96d\" data-element_type=\"widget\" data-widget_type=\"image.default\">\n\t\t\t\t<div class=\"elementor-widget-container\">\n\t\t\t\t\t\t\t\t\t\t\t\t\t\t\t\t<a href=\"https:\/\/www.symaga.com\/wp-content\/uploads\/2024\/08\/14001-9619937-BUQ-SYMAGA-SA-INGLES-scaled-1.jpg\" data-elementor-open-lightbox=\"yes\" data-elementor-lightbox-title=\"14001-9619937-BUQ-SYMAGA-SA-INGLE\u0301S-scaled\" data-e-action-hash=\"#elementor-action%3Aaction%3Dlightbox%26settings%3DeyJpZCI6Mzg5MTksInVybCI6Imh0dHBzOlwvXC93d3cuc3ltYWdhLmNvbVwvd3AtY29udGVudFwvdXBsb2Fkc1wvMjAyNFwvMDhcLzE0MDAxLTk2MTk5MzctQlVRLVNZTUFHQS1TQS1JTkdMRVMtc2NhbGVkLTEuanBnIn0%3D\">\n\t\t\t\t\t\t\t<img decoding=\"async\" width=\"722\" height=\"1024\" src=\"https:\/\/www.symaga.com\/wp-content\/uploads\/2024\/08\/14001-9619937-BUQ-SYMAGA-SA-INGLES-scaled-1-722x1024.jpg\" class=\"attachment-large size-large wp-image-38919\" alt=\"\" srcset=\"https:\/\/www.symaga.com\/wp-content\/uploads\/2024\/08\/14001-9619937-BUQ-SYMAGA-SA-INGLES-scaled-1-722x1024.jpg 722w, https:\/\/www.symaga.com\/wp-content\/uploads\/2024\/08\/14001-9619937-BUQ-SYMAGA-SA-INGLES-scaled-1-212x300.jpg 212w, https:\/\/www.symaga.com\/wp-content\/uploads\/2024\/08\/14001-9619937-BUQ-SYMAGA-SA-INGLES-scaled-1-768x1089.jpg 768w, https:\/\/www.symaga.com\/wp-content\/uploads\/2024\/08\/14001-9619937-BUQ-SYMAGA-SA-INGLES-scaled-1-1083x1536.jpg 1083w, https:\/\/www.symaga.com\/wp-content\/uploads\/2024\/08\/14001-9619937-BUQ-SYMAGA-SA-INGLES-scaled-1-1444x2048.jpg 1444w, https:\/\/www.symaga.com\/wp-content\/uploads\/2024\/08\/14001-9619937-BUQ-SYMAGA-SA-INGLES-scaled-1.jpg 1805w\" sizes=\"(max-width: 722px) 100vw, 722px\" \/>\t\t\t\t\t\t\t\t<\/a>\n\t\t\t\t\t\t\t\t\t\t\t\t\t\t\t<\/div>\n\t\t\t\t<\/div>\n\t\t\t\t<\/div>\n\t\t<div class=\"elementor-element elementor-element-3e25a8f e-con-full e-flex e-con e-child\" data-id=\"3e25a8f\" data-element_type=\"container\">\n\t\t\t\t<div class=\"elementor-element elementor-element-fa9e29b elementor-widget elementor-widget-heading\" data-id=\"fa9e29b\" data-element_type=\"widget\" data-widget_type=\"heading.default\">\n\t\t\t\t<div class=\"elementor-widget-container\">\n\t\t\t\t\t<h4 class=\"elementor-heading-title elementor-size-default\">45001<\/h4>\t\t\t\t<\/div>\n\t\t\t\t<\/div>\n\t\t\t\t<div class=\"elementor-element elementor-element-30dee6f elementor-widget elementor-widget-image\" data-id=\"30dee6f\" data-element_type=\"widget\" data-widget_type=\"image.default\">\n\t\t\t\t<div class=\"elementor-widget-container\">\n\t\t\t\t\t\t\t\t\t\t\t\t\t\t\t\t<a href=\"https:\/\/www.symaga.com\/wp-content\/uploads\/2024\/08\/12967521-BVR-SYMAGA-SA-ESPANOL-copia.jpg\" data-elementor-open-lightbox=\"yes\" data-elementor-lightbox-title=\"12967521-BVR-SYMAGA-SA-ESPAN\u0303OL-copia\" data-e-action-hash=\"#elementor-action%3Aaction%3Dlightbox%26settings%3DeyJpZCI6Mzg5MjYsInVybCI6Imh0dHBzOlwvXC93d3cuc3ltYWdhLmNvbVwvd3AtY29udGVudFwvdXBsb2Fkc1wvMjAyNFwvMDhcLzEyOTY3NTIxLUJWUi1TWU1BR0EtU0EtRVNQQU5PTC1jb3BpYS5qcGcifQ%3D%3D\">\n\t\t\t\t\t\t\t<img decoding=\"async\" width=\"723\" height=\"1024\" src=\"https:\/\/www.symaga.com\/wp-content\/uploads\/2024\/08\/12967521-BVR-SYMAGA-SA-ESPANOL-copia-723x1024.jpg\" class=\"attachment-large size-large wp-image-38926\" alt=\"\" srcset=\"https:\/\/www.symaga.com\/wp-content\/uploads\/2024\/08\/12967521-BVR-SYMAGA-SA-ESPANOL-copia-723x1024.jpg 723w, https:\/\/www.symaga.com\/wp-content\/uploads\/2024\/08\/12967521-BVR-SYMAGA-SA-ESPANOL-copia-212x300.jpg 212w, https:\/\/www.symaga.com\/wp-content\/uploads\/2024\/08\/12967521-BVR-SYMAGA-SA-ESPANOL-copia-768x1088.jpg 768w, https:\/\/www.symaga.com\/wp-content\/uploads\/2024\/08\/12967521-BVR-SYMAGA-SA-ESPANOL-copia.jpg 1000w\" sizes=\"(max-width: 723px) 100vw, 723px\" \/>\t\t\t\t\t\t\t\t<\/a>\n\t\t\t\t\t\t\t\t\t\t\t\t\t\t\t<\/div>\n\t\t\t\t<\/div>\n\t\t\t\t<\/div>\n\t\t<div class=\"elementor-element elementor-element-8fd1b25 e-con-full e-flex e-con e-child\" data-id=\"8fd1b25\" data-element_type=\"container\">\n\t\t\t\t<div class=\"elementor-element elementor-element-ea98803 elementor-widget elementor-widget-heading\" data-id=\"ea98803\" data-element_type=\"widget\" data-widget_type=\"heading.default\">\n\t\t\t\t<div class=\"elementor-widget-container\">\n\t\t\t\t\t<h4 class=\"elementor-heading-title elementor-size-default\">CE 1090<\/h4>\t\t\t\t<\/div>\n\t\t\t\t<\/div>\n\t\t\t\t<div class=\"elementor-element elementor-element-13608c3 elementor-widget elementor-widget-image\" data-id=\"13608c3\" data-element_type=\"widget\" data-widget_type=\"image.default\">\n\t\t\t\t<div class=\"elementor-widget-container\">\n\t\t\t\t\t\t\t\t\t\t\t\t\t\t\t\t<a href=\"https:\/\/www.symaga.com\/wp-content\/uploads\/2024\/08\/CE-ES-1090-2023.jpg\" data-elementor-open-lightbox=\"yes\" data-elementor-lightbox-title=\"CE-ES-1090-2023\" data-e-action-hash=\"#elementor-action%3Aaction%3Dlightbox%26settings%3DeyJpZCI6Mzg5MzMsInVybCI6Imh0dHBzOlwvXC93d3cuc3ltYWdhLmNvbVwvd3AtY29udGVudFwvdXBsb2Fkc1wvMjAyNFwvMDhcL0NFLUVTLTEwOTAtMjAyMy5qcGcifQ%3D%3D\">\n\t\t\t\t\t\t\t<img loading=\"lazy\" decoding=\"async\" width=\"718\" height=\"1024\" src=\"https:\/\/www.symaga.com\/wp-content\/uploads\/2024\/08\/CE-ES-1090-2023-718x1024.jpg\" class=\"attachment-large size-large wp-image-38933\" alt=\"\" srcset=\"https:\/\/www.symaga.com\/wp-content\/uploads\/2024\/08\/CE-ES-1090-2023-718x1024.jpg 718w, https:\/\/www.symaga.com\/wp-content\/uploads\/2024\/08\/CE-ES-1090-2023-210x300.jpg 210w, https:\/\/www.symaga.com\/wp-content\/uploads\/2024\/08\/CE-ES-1090-2023-768x1095.jpg 768w, https:\/\/www.symaga.com\/wp-content\/uploads\/2024\/08\/CE-ES-1090-2023-1077x1536.jpg 1077w, https:\/\/www.symaga.com\/wp-content\/uploads\/2024\/08\/CE-ES-1090-2023-1436x2048.jpg 1436w, https:\/\/www.symaga.com\/wp-content\/uploads\/2024\/08\/CE-ES-1090-2023.jpg 1795w\" sizes=\"(max-width: 718px) 100vw, 718px\" \/>\t\t\t\t\t\t\t\t<\/a>\n\t\t\t\t\t\t\t\t\t\t\t\t\t\t\t<\/div>\n\t\t\t\t<\/div>\n\t\t\t\t<\/div>\n\t\t<div class=\"elementor-element elementor-element-d0b5487 e-con-full e-flex e-con e-child\" data-id=\"d0b5487\" data-element_type=\"container\">\n\t\t\t\t<div class=\"elementor-element elementor-element-f0486f7 elementor-widget elementor-widget-heading\" data-id=\"f0486f7\" data-element_type=\"widget\" data-widget_type=\"heading.default\">\n\t\t\t\t<div class=\"elementor-widget-container\">\n\t\t\t\t\t<h4 class=\"elementor-heading-title elementor-size-default\">Kalite Politikas\u0131<\/h4>\t\t\t\t<\/div>\n\t\t\t\t<\/div>\n\t\t\t\t<div class=\"elementor-element elementor-element-056c842 elementor-widget elementor-widget-image\" data-id=\"056c842\" data-element_type=\"widget\" data-widget_type=\"image.default\">\n\t\t\t\t<div class=\"elementor-widget-container\">\n\t\t\t\t\t\t\t\t\t\t\t\t\t\t\t\t<a href=\"https:\/\/www.symaga.com\/wp-content\/uploads\/2024\/08\/Politica-de-Calidad-scaled-1.jpg\" data-elementor-open-lightbox=\"yes\" data-elementor-lightbox-title=\"Microsoft Word - POL\u00cdTICA DE CALIDAD DE SYMAGA 2021 REV 2\" data-e-action-hash=\"#elementor-action%3Aaction%3Dlightbox%26settings%3DeyJpZCI6Mzg5NDAsInVybCI6Imh0dHBzOlwvXC93d3cuc3ltYWdhLmNvbVwvd3AtY29udGVudFwvdXBsb2Fkc1wvMjAyNFwvMDhcL1BvbGl0aWNhLWRlLUNhbGlkYWQtc2NhbGVkLTEuanBnIn0%3D\">\n\t\t\t\t\t\t\t<img loading=\"lazy\" decoding=\"async\" width=\"656\" height=\"1024\" src=\"https:\/\/www.symaga.com\/wp-content\/uploads\/2024\/08\/Politica-de-Calidad-scaled-1-656x1024.jpg\" class=\"attachment-large size-large wp-image-38940\" alt=\"\" srcset=\"https:\/\/www.symaga.com\/wp-content\/uploads\/2024\/08\/Politica-de-Calidad-scaled-1-656x1024.jpg 656w, https:\/\/www.symaga.com\/wp-content\/uploads\/2024\/08\/Politica-de-Calidad-scaled-1-192x300.jpg 192w, https:\/\/www.symaga.com\/wp-content\/uploads\/2024\/08\/Politica-de-Calidad-scaled-1-768x1199.jpg 768w, https:\/\/www.symaga.com\/wp-content\/uploads\/2024\/08\/Politica-de-Calidad-scaled-1-984x1536.jpg 984w, https:\/\/www.symaga.com\/wp-content\/uploads\/2024\/08\/Politica-de-Calidad-scaled-1-1312x2048.jpg 1312w, https:\/\/www.symaga.com\/wp-content\/uploads\/2024\/08\/Politica-de-Calidad-scaled-1.jpg 1640w\" sizes=\"(max-width: 656px) 100vw, 656px\" \/>\t\t\t\t\t\t\t\t<\/a>\n\t\t\t\t\t\t\t\t\t\t\t\t\t\t\t<\/div>\n\t\t\t\t<\/div>\n\t\t\t\t<\/div>\n\t\t<div class=\"elementor-element elementor-element-0ced52d e-con-full e-flex e-con e-child\" data-id=\"0ced52d\" data-element_type=\"container\">\n\t\t\t\t<div class=\"elementor-element elementor-element-53b310e elementor-widget elementor-widget-heading\" data-id=\"53b310e\" data-element_type=\"widget\" data-widget_type=\"heading.default\">\n\t\t\t\t<div class=\"elementor-widget-container\">\n\t\t\t\t\t<h4 class=\"elementor-heading-title elementor-size-default\">Politika Ortam\u0131<\/h4>\t\t\t\t<\/div>\n\t\t\t\t<\/div>\n\t\t\t\t<div class=\"elementor-element elementor-element-66c7f20 elementor-widget elementor-widget-image\" data-id=\"66c7f20\" data-element_type=\"widget\" data-widget_type=\"image.default\">\n\t\t\t\t<div class=\"elementor-widget-container\">\n\t\t\t\t\t\t\t\t\t\t\t\t\t\t\t\t<a href=\"https:\/\/www.symaga.com\/wp-content\/uploads\/2024\/08\/POLITICA-MEDIO-AMBIENTE-scaled-1.jpg\" data-elementor-open-lightbox=\"yes\" data-elementor-lightbox-title=\"POL\u00cdTICA MEDIO AMBIENTE 2017 REV 1\" data-e-action-hash=\"#elementor-action%3Aaction%3Dlightbox%26settings%3DeyJpZCI6Mzg5NDcsInVybCI6Imh0dHBzOlwvXC93d3cuc3ltYWdhLmNvbVwvd3AtY29udGVudFwvdXBsb2Fkc1wvMjAyNFwvMDhcL1BPTElUSUNBLU1FRElPLUFNQklFTlRFLXNjYWxlZC0xLmpwZyJ9\">\n\t\t\t\t\t\t\t<img loading=\"lazy\" decoding=\"async\" width=\"655\" height=\"1024\" src=\"https:\/\/www.symaga.com\/wp-content\/uploads\/2024\/08\/POLITICA-MEDIO-AMBIENTE-scaled-1-655x1024.jpg\" class=\"attachment-large size-large wp-image-38947\" alt=\"\" srcset=\"https:\/\/www.symaga.com\/wp-content\/uploads\/2024\/08\/POLITICA-MEDIO-AMBIENTE-scaled-1-655x1024.jpg 655w, https:\/\/www.symaga.com\/wp-content\/uploads\/2024\/08\/POLITICA-MEDIO-AMBIENTE-scaled-1-192x300.jpg 192w, https:\/\/www.symaga.com\/wp-content\/uploads\/2024\/08\/POLITICA-MEDIO-AMBIENTE-scaled-1-768x1200.jpg 768w, https:\/\/www.symaga.com\/wp-content\/uploads\/2024\/08\/POLITICA-MEDIO-AMBIENTE-scaled-1-983x1536.jpg 983w, https:\/\/www.symaga.com\/wp-content\/uploads\/2024\/08\/POLITICA-MEDIO-AMBIENTE-scaled-1-1310x2048.jpg 1310w, https:\/\/www.symaga.com\/wp-content\/uploads\/2024\/08\/POLITICA-MEDIO-AMBIENTE-scaled-1.jpg 1638w\" sizes=\"(max-width: 655px) 100vw, 655px\" \/>\t\t\t\t\t\t\t\t<\/a>\n\t\t\t\t\t\t\t\t\t\t\t\t\t\t\t<\/div>\n\t\t\t\t<\/div>\n\t\t\t\t<\/div>\n\t\t<div class=\"elementor-element elementor-element-e16cc49 e-con-full e-flex e-con e-child\" data-id=\"e16cc49\" data-element_type=\"container\">\n\t\t\t\t<div class=\"elementor-element elementor-element-03ccafe elementor-widget elementor-widget-heading\" data-id=\"03ccafe\" data-element_type=\"widget\" data-widget_type=\"heading.default\">\n\t\t\t\t<div class=\"elementor-widget-container\">\n\t\t\t\t\t<h4 class=\"elementor-heading-title elementor-size-default\">Sa\u011fl\u0131k ve G\u00fcvenlik Politikas\u0131<\/h4>\t\t\t\t<\/div>\n\t\t\t\t<\/div>\n\t\t\t\t<div class=\"elementor-element elementor-element-ad3e575 elementor-widget elementor-widget-image\" data-id=\"ad3e575\" data-element_type=\"widget\" data-widget_type=\"image.default\">\n\t\t\t\t<div class=\"elementor-widget-container\">\n\t\t\t\t\t\t\t\t\t\t\t\t\t\t\t\t<a href=\"https:\/\/www.symaga.com\/wp-content\/uploads\/2024\/08\/Politica-SS-SYMAGA-scaled-1.jpg\" data-elementor-open-lightbox=\"yes\" data-elementor-lightbox-title=\"Politica-SS-SYMAGA-scaled\" data-e-action-hash=\"#elementor-action%3Aaction%3Dlightbox%26settings%3DeyJpZCI6Mzg5NTQsInVybCI6Imh0dHBzOlwvXC93d3cuc3ltYWdhLmNvbVwvd3AtY29udGVudFwvdXBsb2Fkc1wvMjAyNFwvMDhcL1BvbGl0aWNhLVNTLVNZTUFHQS1zY2FsZWQtMS5qcGcifQ%3D%3D\">\n\t\t\t\t\t\t\t<img loading=\"lazy\" decoding=\"async\" width=\"724\" height=\"1024\" src=\"https:\/\/www.symaga.com\/wp-content\/uploads\/2024\/08\/Politica-SS-SYMAGA-scaled-1-724x1024.jpg\" class=\"attachment-large size-large wp-image-38954\" alt=\"\" srcset=\"https:\/\/www.symaga.com\/wp-content\/uploads\/2024\/08\/Politica-SS-SYMAGA-scaled-1-724x1024.jpg 724w, https:\/\/www.symaga.com\/wp-content\/uploads\/2024\/08\/Politica-SS-SYMAGA-scaled-1-212x300.jpg 212w, https:\/\/www.symaga.com\/wp-content\/uploads\/2024\/08\/Politica-SS-SYMAGA-scaled-1-768x1086.jpg 768w, https:\/\/www.symaga.com\/wp-content\/uploads\/2024\/08\/Politica-SS-SYMAGA-scaled-1-1087x1536.jpg 1087w, https:\/\/www.symaga.com\/wp-content\/uploads\/2024\/08\/Politica-SS-SYMAGA-scaled-1-1449x2048.jpg 1449w, https:\/\/www.symaga.com\/wp-content\/uploads\/2024\/08\/Politica-SS-SYMAGA-scaled-1.jpg 1811w\" sizes=\"(max-width: 724px) 100vw, 724px\" \/>\t\t\t\t\t\t\t\t<\/a>\n\t\t\t\t\t\t\t\t\t\t\t\t\t\t\t<\/div>\n\t\t\t\t<\/div>\n\t\t\t\t<\/div>\n\t\t\t\t\t<\/div>\n\t\t\t\t<\/div>\n\t\t\t\t<\/div>\n\t\t","protected":false},"excerpt":{"rendered":"<p>Kalite G\u00fcvence SERTIFIKALAR VE POLITIKALAR 9001 14001 45001 CE 1090 Kalite Politikas\u0131 Politika Ortam\u0131 Sa\u011fl\u0131k ve G\u00fcvenlik Politikas\u0131<\/p>\n","protected":false},"author":1,"featured_media":0,"parent":0,"menu_order":0,"comment_status":"closed","ping_status":"closed","template":"","meta":{"footnotes":""},"class_list":["post-42349","page","type-page","status-publish","hentry"],"_links":{"self":[{"href":"https:\/\/www.symaga.com\/tr\/wp-json\/wp\/v2\/pages\/42349","targetHints":{"allow":["GET"]}}],"collection":[{"href":"https:\/\/www.symaga.com\/tr\/wp-json\/wp\/v2\/pages"}],"about":[{"href":"https:\/\/www.symaga.com\/tr\/wp-json\/wp\/v2\/types\/page"}],"author":[{"embeddable":true,"href":"https:\/\/www.symaga.com\/tr\/wp-json\/wp\/v2\/users\/1"}],"replies":[{"embeddable":true,"href":"https:\/\/www.symaga.com\/tr\/wp-json\/wp\/v2\/comments?post=42349"}],"version-history":[{"count":7,"href":"https:\/\/www.symaga.com\/tr\/wp-json\/wp\/v2\/pages\/42349\/revisions"}],"predecessor-version":[{"id":60808,"href":"https:\/\/www.symaga.com\/tr\/wp-json\/wp\/v2\/pages\/42349\/revisions\/60808"}],"wp:attachment":[{"href":"https:\/\/www.symaga.com\/tr\/wp-json\/wp\/v2\/media?parent=42349"}],"curies":[{"name":"wp","href":"https:\/\/api.w.org\/{rel}","templated":true}]}}