{"id":42353,"date":"2024-10-20T19:09:33","date_gmt":"2024-10-20T17:09:33","guid":{"rendered":"https:\/\/www.symaga.com\/kurumsal-sosyal-sorumluluk\/"},"modified":"2025-09-17T14:16:22","modified_gmt":"2025-09-17T13:16:22","slug":"kurumsal-sosyal-sorumluluk","status":"publish","type":"page","link":"https:\/\/www.symaga.com\/tr\/kurumsal-sosyal-sorumluluk\/","title":{"rendered":"Kurumsal Sosyal Sorumluluk"},"content":{"rendered":"\t\t<div data-elementor-type=\"wp-page\" data-elementor-id=\"42353\" class=\"elementor elementor-42353 elementor-37731\" data-elementor-post-type=\"page\">\n\t\t\t\t<div class=\"elementor-element elementor-element-e71a20b e-con-full e-flex e-con e-parent\" data-id=\"e71a20b\" data-element_type=\"container\" data-settings=\"{&quot;background_background&quot;:&quot;classic&quot;,&quot;shape_divider_bottom&quot;:&quot;triangle-asymmetrical&quot;,&quot;shape_divider_bottom_negative&quot;:&quot;yes&quot;}\">\n\t\t\t\t<div class=\"elementor-shape elementor-shape-bottom\" aria-hidden=\"true\" data-negative=\"true\">\n\t\t\t<svg xmlns=\"http:\/\/www.w3.org\/2000\/svg\" viewBox=\"0 0 1000 100\" preserveAspectRatio=\"none\">\n\t<path class=\"elementor-shape-fill\" d=\"M737.9,94.7L0,0v100h1000V0L737.9,94.7z\"\/>\n<\/svg>\t\t<\/div>\n\t\t\t\t<\/div>\n\t\t<div class=\"elementor-element elementor-element-afa9958 e-flex e-con-boxed e-con e-parent\" data-id=\"afa9958\" data-element_type=\"container\">\n\t\t\t\t\t<div class=\"e-con-inner\">\n\t\t<div class=\"elementor-element elementor-element-a46a9ce e-con-full e-flex e-con e-child\" data-id=\"a46a9ce\" data-element_type=\"container\">\n\t\t\t\t<div class=\"elementor-element elementor-element-483f235 elementor-widget elementor-widget-text-editor\" data-id=\"483f235\" data-element_type=\"widget\" data-widget_type=\"text-editor.default\">\n\t\t\t\t<div class=\"elementor-widget-container\">\n\t\t\t\t\t\t\t\t\t<h4 style=\"text-align: center;\">Her zaman \u00e7evremizi d\u00fc\u015f\u00fcn\u00fcyoruz<\/h4>\r\n<h1 style=\"text-align: center;\">KURUMSAL SOSYAL SORUMLULUK<\/h1>\t\t\t\t\t\t\t\t<\/div>\n\t\t\t\t<\/div>\n\t\t\t\t<div class=\"elementor-element elementor-element-7bc3e89 elementor-widget elementor-widget-text-editor\" data-id=\"7bc3e89\" data-element_type=\"widget\" data-widget_type=\"text-editor.default\">\n\t\t\t\t<div class=\"elementor-widget-container\">\n\t\t\t\t\t\t\t\t\t<p style=\"text-align: center;\">\u015eirketin taahh\u00fcd\u00fc ekonomik faydalar\u0131n \u00f6tesine ge\u00e7meli, sosyal faydalar aramal\u0131d\u0131r. Faydalar ve \u00e7evresel s\u00fcrd\u00fcr\u00fclebilirlik. Symaga, do\u011faya sayg\u0131, ki\u015fisel ve kurumsal geli\u015fim etik kurallar\u0131 \u00e7er\u00e7evesinde bir Kurumsal Sorumluluk plan\u0131n\u0131 te\u015fvik etmektedir.<\/p>\n\t\t\t\t\t\t\t\t<\/div>\n\t\t\t\t<\/div>\n\t\t\t\t<\/div>\n\t\t<div class=\"elementor-element elementor-element-eabde07 e-con-full e-flex e-con e-child\" data-id=\"eabde07\" data-element_type=\"container\">\n\t\t\t\t<div class=\"elementor-element elementor-element-f1ba813 elementor-widget elementor-widget-image\" data-id=\"f1ba813\" data-element_type=\"widget\" data-widget_type=\"image.default\">\n\t\t\t\t<div class=\"elementor-widget-container\">\n\t\t\t\t\t\t\t\t\t\t\t\t\t\t\t<img decoding=\"async\" src=\"https:\/\/www.symaga.com\/wp-content\/uploads\/2024\/07\/responsabilidad-social-corporativa-asociaciones-symaga.jpg\" title=\"responsabilidad-social-corporativa-asociaciones-symaga\" alt=\"responsabilidad-social-corporativa-asociaciones-symaga\" loading=\"lazy\" \/>\t\t\t\t\t\t\t\t\t\t\t\t\t\t\t<\/div>\n\t\t\t\t<\/div>\n\t\t\t\t<div class=\"elementor-element elementor-element-ca6bc02 elementor-widget elementor-widget-text-editor\" data-id=\"ca6bc02\" data-element_type=\"widget\" data-widget_type=\"text-editor.default\">\n\t\t\t\t<div class=\"elementor-widget-container\">\n\t\t\t\t\t\t\t\t\t<h3>Dernekler ve Vak\u0131flarla \u0130\u015fbirli\u011fi<\/h3>\n<p>Daha adil ve c\u00f6mert bir toplumun in\u015fas\u0131 taahh\u00fctlerimizden biridir. Dezavantajl\u0131 gruplara yard\u0131m etmek amac\u0131yla Banco de Alimentos, AFIM, Cruz Roja, Manos Unidas y NIPACE, AELIP, Supernenas, Esperanza y Alegr\u00eda, Enach, Laudes Infantis, Banco de Alimentos, Plataforma Solidaria en Bolivia, Save the Children, Ucranianos de Alc\u00e1zar de San Juan, ADS &amp; Rotary Club gibi farkl\u0131 Vak\u0131f ve STK&#8217;larla i\u015fbirli\u011fi yap\u0131yoruz.<\/p>\n\t\t\t\t\t\t\t\t<\/div>\n\t\t\t\t<\/div>\n\t\t\t\t<\/div>\n\t\t<div class=\"elementor-element elementor-element-9e49c83 e-con-full e-flex e-con e-child\" data-id=\"9e49c83\" data-element_type=\"container\">\n\t\t\t\t<div class=\"elementor-element elementor-element-d003884 elementor-widget elementor-widget-image\" data-id=\"d003884\" data-element_type=\"widget\" data-widget_type=\"image.default\">\n\t\t\t\t<div class=\"elementor-widget-container\">\n\t\t\t\t\t\t\t\t\t\t\t\t\t\t\t<img fetchpriority=\"high\" decoding=\"async\" width=\"600\" height=\"450\" src=\"https:\/\/www.symaga.com\/wp-content\/uploads\/2024\/07\/responsabilidad-social-corporativa-deporte-symaga.jpg\" class=\"attachment-large size-large wp-image-38221\" alt=\"\" srcset=\"https:\/\/www.symaga.com\/wp-content\/uploads\/2024\/07\/responsabilidad-social-corporativa-deporte-symaga.jpg 600w, https:\/\/www.symaga.com\/wp-content\/uploads\/2024\/07\/responsabilidad-social-corporativa-deporte-symaga-300x225.jpg 300w\" sizes=\"(max-width: 600px) 100vw, 600px\" \/>\t\t\t\t\t\t\t\t\t\t\t\t\t\t\t<\/div>\n\t\t\t\t<\/div>\n\t\t\t\t<div class=\"elementor-element elementor-element-b08ad6a elementor-widget elementor-widget-text-editor\" data-id=\"b08ad6a\" data-element_type=\"widget\" data-widget_type=\"text-editor.default\">\n\t\t\t\t<div class=\"elementor-widget-container\">\n\t\t\t\t\t\t\t\t\t<h3>Spor<\/h3>\n<p>B\u00f6lgemizde futbol tak\u0131m\u0131, spor okullar\u0131 ve Villarta de San Juan atletizm kul\u00fcb\u00fc ve futbol sahalar\u0131na sponsorluk yap\u0131yoruz.<\/p>\n<p>Uluslararas\u0131 alanda Panda Raid, Avustralya&#8217;daki \u00e7\u0131lg\u0131n araba yar\u0131\u015f\u0131, Water Aid ve Titam Desert ile i\u015fbirli\u011fi yap\u0131yoruz.<\/p>\n\t\t\t\t\t\t\t\t<\/div>\n\t\t\t\t<\/div>\n\t\t\t\t<\/div>\n\t\t<div class=\"elementor-element elementor-element-3e25a8f e-con-full e-flex e-con e-child\" data-id=\"3e25a8f\" data-element_type=\"container\">\n\t\t\t\t<div class=\"elementor-element elementor-element-ebc1939 elementor-widget elementor-widget-image\" data-id=\"ebc1939\" data-element_type=\"widget\" data-widget_type=\"image.default\">\n\t\t\t\t<div class=\"elementor-widget-container\">\n\t\t\t\t\t\t\t\t\t\t\t\t\t\t\t<img decoding=\"async\" width=\"600\" height=\"450\" src=\"https:\/\/www.symaga.com\/wp-content\/uploads\/2024\/07\/responsabilidad-social-corporativa-universidades-symaga.jpg\" class=\"attachment-large size-large wp-image-38228\" alt=\"\" srcset=\"https:\/\/www.symaga.com\/wp-content\/uploads\/2024\/07\/responsabilidad-social-corporativa-universidades-symaga.jpg 600w, https:\/\/www.symaga.com\/wp-content\/uploads\/2024\/07\/responsabilidad-social-corporativa-universidades-symaga-300x225.jpg 300w\" sizes=\"(max-width: 600px) 100vw, 600px\" \/>\t\t\t\t\t\t\t\t\t\t\t\t\t\t\t<\/div>\n\t\t\t\t<\/div>\n\t\t\t\t<div class=\"elementor-element elementor-element-fffec74 elementor-widget elementor-widget-text-editor\" data-id=\"fffec74\" data-element_type=\"widget\" data-widget_type=\"text-editor.default\">\n\t\t\t\t<div class=\"elementor-widget-container\">\n\t\t\t\t\t\t\t\t\t<h3>\u00dcniversiteler, Okullar ve Liseler<\/h3>\n<p>Madrid Politeknik \u00dcniversitesi, Castilla-La Mancha \u00dcniversitesi, Bipree Ara\u015ft\u0131rma Grubu ve Aleksandras Stulginskis Tar\u0131m \u00dcniversitesi gibi \u00fcniversiteler ve teknik enstit\u00fclerle i\u015fbirli\u011fi yap\u0131yoruz.<\/p>\n\t\t\t\t\t\t\t\t<\/div>\n\t\t\t\t<\/div>\n\t\t\t\t<\/div>\n\t\t\t\t\t<\/div>\n\t\t\t\t<\/div>\n\t\t<div class=\"elementor-element elementor-element-3dacb26 e-con-full e-flex e-con e-parent\" data-id=\"3dacb26\" data-element_type=\"container\">\n\t\t<div class=\"elementor-element elementor-element-1e3602f e-con-full e-flex e-con e-child\" data-id=\"1e3602f\" data-element_type=\"container\" data-settings=\"{&quot;background_background&quot;:&quot;classic&quot;,&quot;shape_divider_top&quot;:&quot;tilt&quot;,&quot;shape_divider_bottom&quot;:&quot;tilt&quot;}\">\n\t\t\t\t<div class=\"elementor-shape elementor-shape-top\" aria-hidden=\"true\" data-negative=\"false\">\n\t\t\t<svg xmlns=\"http:\/\/www.w3.org\/2000\/svg\" viewBox=\"0 0 1000 100\" preserveAspectRatio=\"none\">\n\t<path class=\"elementor-shape-fill\" d=\"M0,6V0h1000v100L0,6z\"\/>\n<\/svg>\t\t<\/div>\n\t\t\t\t<div class=\"elementor-shape elementor-shape-bottom\" aria-hidden=\"true\" data-negative=\"false\">\n\t\t\t<svg xmlns=\"http:\/\/www.w3.org\/2000\/svg\" viewBox=\"0 0 1000 100\" preserveAspectRatio=\"none\">\n\t<path class=\"elementor-shape-fill\" d=\"M0,6V0h1000v100L0,6z\"\/>\n<\/svg>\t\t<\/div>\n\t\t\t\t<\/div>\n\t\t<div class=\"elementor-element elementor-element-45c800c e-con-full e-flex e-con e-child\" data-id=\"45c800c\" data-element_type=\"container\" data-settings=\"{&quot;background_background&quot;:&quot;classic&quot;}\">\n\t\t\t\t<div class=\"elementor-element elementor-element-1144169 elementor-widget elementor-widget-text-editor\" data-id=\"1144169\" data-element_type=\"widget\" data-widget_type=\"text-editor.default\">\n\t\t\t\t<div class=\"elementor-widget-container\">\n\t\t\t\t\t\t\t\t\t<h2>S\u00dcRD\u00dcR\u00dcLEBILIR KALKINMA<\/h2>\n\t\t\t\t\t\t\t\t<\/div>\n\t\t\t\t<\/div>\n\t\t\t\t<div class=\"elementor-element elementor-element-2eb460f elementor-widget elementor-widget-text-editor\" data-id=\"2eb460f\" data-element_type=\"widget\" data-widget_type=\"text-editor.default\">\n\t\t\t\t<div class=\"elementor-widget-container\">\n\t\t\t\t\t\t\t\t\t<p>Symaga, do\u011fan\u0131n insanl\u0131\u011fa ait oldu\u011funun ve gelecek nesiller i\u00e7in korunmas\u0131 gerekti\u011finin bilincindedir.<\/p>\n<ul>\n<li>Sertifikal\u0131 \u00c7evre Y\u00f6netimi. Symaga, 2018 y\u0131l\u0131nda UNE-EN ISO 14001 sertifikas\u0131n\u0131 alm\u0131\u015ft\u0131r. Kaynak ve at\u0131k y\u00f6netimi optimize edilmi\u015ftir Su t\u00fcketiminin azalt\u0131lmas\u0131, art\u0131k sular\u0131n ar\u0131t\u0131lmas\u0131 ile.<\/li>\n<li>\u00c7elik tedarik\u00e7ileri ISO 14001 sertifikas\u0131na sahiptir, bu da malzemenin %80-90&#8217;\u0131n\u0131n yeniden kullan\u0131lmas\u0131 anlam\u0131na gelmektedir.<\/li>\n<li>Villarta de San Juan&#8217;daki fabrikam\u0131za g\u00fc\u00e7 sa\u011flamak i\u00e7in fotovoltaik g\u00fcne\u015f enerjisi \u00fcretim tesisi, \u00fcretimin %100&#8217;\u00fcn\u00fc ye\u015fil enerji ile ger\u00e7ekle\u015ftirmek amac\u0131yla 2022&#8217;de kapasiteyi iki kat\u0131na \u00e7\u0131kar\u0131yor.<\/li>\n<\/ul>\n\t\t\t\t\t\t\t\t<\/div>\n\t\t\t\t<\/div>\n\t\t\t\t<\/div>\n\t\t\t\t<\/div>\n\t\t<div class=\"elementor-element elementor-element-856d063 e-flex e-con-boxed e-con e-parent\" data-id=\"856d063\" data-element_type=\"container\">\n\t\t\t\t\t<div class=\"e-con-inner\">\n\t\t\t\t<div class=\"elementor-element elementor-element-922b67a elementor-align-center elementor-widget elementor-widget-button\" data-id=\"922b67a\" data-element_type=\"widget\" data-widget_type=\"button.default\">\n\t\t\t\t<div class=\"elementor-widget-container\">\n\t\t\t\t\t\t\t\t\t<div class=\"elementor-button-wrapper\">\n\t\t\t\t\t<a class=\"elementor-button elementor-button-link elementor-size-sm\" href=\"https:\/\/www.symaga.com\/wp-content\/uploads\/2025\/09\/CSR-Plan-SYMAGA-v1.pdf\" target=\"_blank\">\n\t\t\t\t\t\t<span class=\"elementor-button-content-wrapper\">\n\t\t\t\t\t\t\t\t\t<span class=\"elementor-button-text\">KURUMSAL SOSYAL SORUMLULUK PLANI<\/span>\n\t\t\t\t\t<\/span>\n\t\t\t\t\t<\/a>\n\t\t\t\t<\/div>\n\t\t\t\t\t\t\t\t<\/div>\n\t\t\t\t<\/div>\n\t\t\t\t\t<\/div>\n\t\t\t\t<\/div>\n\t\t\t\t<\/div>\n\t\t","protected":false},"excerpt":{"rendered":"<p>Her zaman \u00e7evremizi d\u00fc\u015f\u00fcn\u00fcyoruz KURUMSAL SOSYAL SORUMLULUK \u015eirketin taahh\u00fcd\u00fc ekonomik faydalar\u0131n \u00f6tesine ge\u00e7meli, sosyal faydalar aramal\u0131d\u0131r. Faydalar ve \u00e7evresel s\u00fcrd\u00fcr\u00fclebilirlik. Symaga, do\u011faya sayg\u0131, ki\u015fisel ve kurumsal geli\u015fim etik kurallar\u0131 \u00e7er\u00e7evesinde bir Kurumsal Sorumluluk plan\u0131n\u0131 te\u015fvik etmektedir. Dernekler ve Vak\u0131flarla \u0130\u015fbirli\u011fi Daha adil ve c\u00f6mert bir toplumun in\u015fas\u0131 taahh\u00fctlerimizden biridir. Dezavantajl\u0131 gruplara yard\u0131m etmek amac\u0131yla Banco [&hellip;]<\/p>\n","protected":false},"author":1,"featured_media":0,"parent":0,"menu_order":0,"comment_status":"closed","ping_status":"closed","template":"","meta":{"footnotes":""},"class_list":["post-42353","page","type-page","status-publish","hentry"],"_links":{"self":[{"href":"https:\/\/www.symaga.com\/tr\/wp-json\/wp\/v2\/pages\/42353","targetHints":{"allow":["GET"]}}],"collection":[{"href":"https:\/\/www.symaga.com\/tr\/wp-json\/wp\/v2\/pages"}],"about":[{"href":"https:\/\/www.symaga.com\/tr\/wp-json\/wp\/v2\/types\/page"}],"author":[{"embeddable":true,"href":"https:\/\/www.symaga.com\/tr\/wp-json\/wp\/v2\/users\/1"}],"replies":[{"embeddable":true,"href":"https:\/\/www.symaga.com\/tr\/wp-json\/wp\/v2\/comments?post=42353"}],"version-history":[{"count":7,"href":"https:\/\/www.symaga.com\/tr\/wp-json\/wp\/v2\/pages\/42353\/revisions"}],"predecessor-version":[{"id":64391,"href":"https:\/\/www.symaga.com\/tr\/wp-json\/wp\/v2\/pages\/42353\/revisions\/64391"}],"wp:attachment":[{"href":"https:\/\/www.symaga.com\/tr\/wp-json\/wp\/v2\/media?parent=42353"}],"curies":[{"name":"wp","href":"https:\/\/api.w.org\/{rel}","templated":true}]}}