{"id":42355,"date":"2024-10-20T19:14:57","date_gmt":"2024-10-20T17:14:57","guid":{"rendered":"https:\/\/www.symaga.com\/bizimle-calisin\/"},"modified":"2025-02-21T15:25:59","modified_gmt":"2025-02-21T13:25:59","slug":"bizimle-calisin","status":"publish","type":"page","link":"https:\/\/www.symaga.com\/tr\/bizimle-calisin\/","title":{"rendered":"Bizimle \u00e7ali\u015fin"},"content":{"rendered":"\t\t<div data-elementor-type=\"wp-page\" data-elementor-id=\"42355\" class=\"elementor elementor-42355 elementor-38290\" data-elementor-post-type=\"page\">\n\t\t\t\t<div class=\"elementor-element elementor-element-e71a20b e-con-full e-flex e-con e-parent\" data-id=\"e71a20b\" data-element_type=\"container\" data-settings=\"{&quot;background_background&quot;:&quot;classic&quot;,&quot;shape_divider_bottom&quot;:&quot;triangle-asymmetrical&quot;,&quot;shape_divider_bottom_negative&quot;:&quot;yes&quot;}\">\n\t\t\t\t<div class=\"elementor-shape elementor-shape-bottom\" aria-hidden=\"true\" data-negative=\"true\">\n\t\t\t<svg xmlns=\"http:\/\/www.w3.org\/2000\/svg\" viewBox=\"0 0 1000 100\" preserveAspectRatio=\"none\">\n\t<path class=\"elementor-shape-fill\" d=\"M737.9,94.7L0,0v100h1000V0L737.9,94.7z\"\/>\n<\/svg>\t\t<\/div>\n\t\t\t\t<\/div>\n\t\t<div class=\"elementor-element elementor-element-afa9958 e-flex e-con-boxed e-con e-parent\" data-id=\"afa9958\" data-element_type=\"container\">\n\t\t\t\t\t<div class=\"e-con-inner\">\n\t\t<div class=\"elementor-element elementor-element-a46a9ce e-con-full e-flex e-con e-child\" data-id=\"a46a9ce\" data-element_type=\"container\">\n\t\t\t\t<div class=\"elementor-element elementor-element-483f235 elementor-widget elementor-widget-text-editor\" data-id=\"483f235\" data-element_type=\"widget\" data-widget_type=\"text-editor.default\">\n\t\t\t\t<div class=\"elementor-widget-container\">\n\t\t\t\t\t\t\t\t\t<h4 style=\"text-align: center;\">Motivasyon ve iyi i\u015f el ele gider<\/h4>\n<h1 style=\"text-align: center;\">BI\u0307ZI\u0307MLE \u00c7ALI\u015eIN<\/h1>\n\t\t\t\t\t\t\t\t<\/div>\n\t\t\t\t<\/div>\n\t\t\t\t<div class=\"elementor-element elementor-element-7bc3e89 elementor-widget elementor-widget-text-editor\" data-id=\"7bc3e89\" data-element_type=\"widget\" data-widget_type=\"text-editor.default\">\n\t\t\t\t<div class=\"elementor-widget-container\">\n\t\t\t\t\t\t\t\t\t<p style=\"text-align: center;\">\u015eirketteki de\u011ferlerinin fark\u0131nda olan \u00e7al\u0131\u015fma arkada\u015flar\u0131m\u0131zla yak\u0131n ili\u015fki i\u00e7inde olan bir aile \u015firketiyiz.<\/p>\n\t\t\t\t\t\t\t\t<\/div>\n\t\t\t\t<\/div>\n\t\t\t\t<\/div>\n\t\t<div class=\"elementor-element elementor-element-eabde07 e-con-full e-flex e-con e-child\" data-id=\"eabde07\" data-element_type=\"container\">\n\t\t\t\t<div class=\"elementor-element elementor-element-7dd74c9 elementor-widget elementor-widget-image\" data-id=\"7dd74c9\" data-element_type=\"widget\" data-widget_type=\"image.default\">\n\t\t\t\t<div class=\"elementor-widget-container\">\n\t\t\t\t\t\t\t\t\t\t\t\t\t\t\t<img fetchpriority=\"high\" decoding=\"async\" width=\"600\" height=\"400\" src=\"https:\/\/www.symaga.com\/wp-content\/uploads\/2024\/08\/crecimiento-equipo-symaga.jpg\" class=\"attachment-large size-large wp-image-38809\" alt=\"\" srcset=\"https:\/\/www.symaga.com\/wp-content\/uploads\/2024\/08\/crecimiento-equipo-symaga.jpg 600w, https:\/\/www.symaga.com\/wp-content\/uploads\/2024\/08\/crecimiento-equipo-symaga-300x200.jpg 300w\" sizes=\"(max-width: 600px) 100vw, 600px\" \/>\t\t\t\t\t\t\t\t\t\t\t\t\t\t\t<\/div>\n\t\t\t\t<\/div>\n\t\t\t\t<div class=\"elementor-element elementor-element-ca6bc02 elementor-widget elementor-widget-text-editor\" data-id=\"ca6bc02\" data-element_type=\"widget\" data-widget_type=\"text-editor.default\">\n\t\t\t\t<div class=\"elementor-widget-container\">\n\t\t\t\t\t\t\t\t\t<h3>B\u00fcy\u00fcme<\/h3>\n<p>E\u011fitim yoluyla mesleki geli\u015fimi te\u015fvik ediyoruz ve \u015firket i\u00e7i terfi, projeye kat\u0131l\u0131m\u0131 art\u0131r\u0131yor. Symaga&#8217;n\u0131n ustaba\u015f\u0131 ve ekip liderlerinin b\u00fcy\u00fck bir y\u00fczdesi \u015firket i\u00e7i terfiden kaynaklanmaktad\u0131r. 2021 y\u0131l\u0131nda, y\u0131ll\u0131k E\u011fitim plan\u0131, \u015firkette sunulan kurs yelpazesini geli\u015ftirmi\u015ftir.<\/p>\n\t\t\t\t\t\t\t\t<\/div>\n\t\t\t\t<\/div>\n\t\t\t\t<\/div>\n\t\t<div class=\"elementor-element elementor-element-9e49c83 e-con-full e-flex e-con e-child\" data-id=\"9e49c83\" data-element_type=\"container\">\n\t\t\t\t<div class=\"elementor-element elementor-element-587f96d elementor-widget elementor-widget-image\" data-id=\"587f96d\" data-element_type=\"widget\" data-widget_type=\"image.default\">\n\t\t\t\t<div class=\"elementor-widget-container\">\n\t\t\t\t\t\t\t\t\t\t\t\t\t\t\t<img decoding=\"async\" width=\"600\" height=\"400\" src=\"https:\/\/www.symaga.com\/wp-content\/uploads\/2024\/08\/estabilidad-equipo-symaga.jpg\" class=\"attachment-large size-large wp-image-38823\" alt=\"\" srcset=\"https:\/\/www.symaga.com\/wp-content\/uploads\/2024\/08\/estabilidad-equipo-symaga.jpg 600w, https:\/\/www.symaga.com\/wp-content\/uploads\/2024\/08\/estabilidad-equipo-symaga-300x200.jpg 300w\" sizes=\"(max-width: 600px) 100vw, 600px\" \/>\t\t\t\t\t\t\t\t\t\t\t\t\t\t\t<\/div>\n\t\t\t\t<\/div>\n\t\t\t\t<div class=\"elementor-element elementor-element-b08ad6a elementor-widget elementor-widget-text-editor\" data-id=\"b08ad6a\" data-element_type=\"widget\" data-widget_type=\"text-editor.default\">\n\t\t\t\t<div class=\"elementor-widget-container\">\n\t\t\t\t\t\t\t\t\t<h3>\u0130stikrar<\/h3>\r\nSymaga ekibi, i\u015flerinde ustala\u015fm\u0131\u015f profesyonellerden olu\u015fmaktad\u0131r. \u00c7al\u0131\u015fanlar\u0131n %40&#8217;\u0131 10 y\u0131ldan uzun s\u00fcredir, %55&#8217;i ise 5 y\u0131ldan uzun s\u00fcredir \u015firkette \u00e7al\u0131\u015fmaktad\u0131r. 2018&#8217;den beri ISO 45001 ile g\u00fcvenlik ve mesleki risk \u00f6nleme malzemelerinde sekt\u00f6rde \u00f6nc\u00fcd\u00fcr.\t\t\t\t\t\t\t\t<\/div>\n\t\t\t\t<\/div>\n\t\t\t\t<\/div>\n\t\t<div class=\"elementor-element elementor-element-3e25a8f e-con-full e-flex e-con e-child\" data-id=\"3e25a8f\" data-element_type=\"container\">\n\t\t\t\t<div class=\"elementor-element elementor-element-30dee6f elementor-widget elementor-widget-image\" data-id=\"30dee6f\" data-element_type=\"widget\" data-widget_type=\"image.default\">\n\t\t\t\t<div class=\"elementor-widget-container\">\n\t\t\t\t\t\t\t\t\t\t\t\t\t\t\t<img decoding=\"async\" width=\"600\" height=\"400\" src=\"https:\/\/www.symaga.com\/wp-content\/uploads\/2024\/08\/espiritu-de-equipo-symaga.jpg\" class=\"attachment-large size-large wp-image-38816\" alt=\"\" srcset=\"https:\/\/www.symaga.com\/wp-content\/uploads\/2024\/08\/espiritu-de-equipo-symaga.jpg 600w, https:\/\/www.symaga.com\/wp-content\/uploads\/2024\/08\/espiritu-de-equipo-symaga-300x200.jpg 300w\" sizes=\"(max-width: 600px) 100vw, 600px\" \/>\t\t\t\t\t\t\t\t\t\t\t\t\t\t\t<\/div>\n\t\t\t\t<\/div>\n\t\t\t\t<div class=\"elementor-element elementor-element-fffec74 elementor-widget elementor-widget-text-editor\" data-id=\"fffec74\" data-element_type=\"widget\" data-widget_type=\"text-editor.default\">\n\t\t\t\t<div class=\"elementor-widget-container\">\n\t\t\t\t\t\t\t\t\t<h3>Tak\u0131m ruhu<\/h3>\n<p>Departmanlar aras\u0131 toplant\u0131lar, Tak\u0131m Olu\u015fturma ve K\u00fcrek Tenisi Turnuvalar\u0131, tak\u0131m ruhunu g\u00fc\u00e7lendiren ve \u015firketin ana varl\u0131klar\u0131ndan biri olan insan kaynaklar\u0131n\u0131n \u015firket i\u00e7in \u00f6neminin alt\u0131n\u0131 \u00e7izen egzersizlerdir.<br \/>\nHer y\u0131l bir \u00e7al\u0131\u015fma arkada\u015f\u0131m\u0131z Symaga el\u00e7isi olarak atanmakta ve deneyimlerini herkesle payla\u015fmaktad\u0131r.<\/p>\n\t\t\t\t\t\t\t\t<\/div>\n\t\t\t\t<\/div>\n\t\t\t\t<\/div>\n\t\t\t\t\t<\/div>\n\t\t\t\t<\/div>\n\t\t<div class=\"elementor-element elementor-element-48a4efa e-flex e-con-boxed e-con e-parent\" data-id=\"48a4efa\" data-element_type=\"container\">\n\t\t\t\t\t<div class=\"e-con-inner\">\n\t\t\t\t<div class=\"elementor-element elementor-element-8ad54fc elementor-widget elementor-widget-text-editor\" data-id=\"8ad54fc\" data-element_type=\"widget\" data-widget_type=\"text-editor.default\">\n\t\t\t\t<div class=\"elementor-widget-container\">\n\t\t\t\t\t\t\t\t\t<p>Ekibimize kat\u0131lmak istiyorsan\u0131z, l\u00fctfen bilgilerinizi doldurun ve CV&#8217;nizi ekleyin:<\/p>\n\t\t\t\t\t\t\t\t<\/div>\n\t\t\t\t<\/div>\n\t\t\t\t<div class=\"elementor-element elementor-element-d6aae69 elementor-button-align-start elementor-widget elementor-widget-form\" data-id=\"d6aae69\" data-element_type=\"widget\" data-settings=\"{&quot;step_next_label&quot;:&quot;Sonraki&quot;,&quot;step_previous_label&quot;:&quot;\\u00d6nceki&quot;,&quot;button_width_tablet&quot;:&quot;100&quot;,&quot;button_width&quot;:&quot;100&quot;,&quot;step_type&quot;:&quot;number_text&quot;,&quot;step_icon_shape&quot;:&quot;circle&quot;}\" data-widget_type=\"form.default\">\n\t\t\t\t<div class=\"elementor-widget-container\">\n\t\t\t\t\t\t\t<form class=\"elementor-form\" method=\"post\" name=\"Bizimle \u00e7ali\u015fin\" aria-label=\"Bizimle \u00e7ali\u015fin\">\n\t\t\t<input type=\"hidden\" name=\"post_id\" value=\"42355\"\/>\n\t\t\t<input type=\"hidden\" name=\"form_id\" value=\"d6aae69\"\/>\n\t\t\t<input type=\"hidden\" name=\"referer_title\" value=\"Bizimle \u00e7ali\u015fin - Symaga\" \/>\n\n\t\t\t\t\t\t\t<input type=\"hidden\" name=\"queried_id\" value=\"42355\"\/>\n\t\t\t\n\t\t\t<div class=\"elementor-form-fields-wrapper elementor-labels-\">\n\t\t\t\t\t\t\t\t<div class=\"elementor-field-type-text elementor-field-group elementor-column elementor-field-group-name elementor-col-100 elementor-field-required\">\n\t\t\t\t\t\t\t\t\t\t\t\t<label for=\"form-field-name\" class=\"elementor-field-label elementor-screen-only\">\n\t\t\t\t\t\t\t\t\u0130sim\t\t\t\t\t\t\t<\/label>\n\t\t\t\t\t\t\t\t\t\t\t\t\t\t<input size=\"1\" type=\"text\" name=\"form_fields[name]\" id=\"form-field-name\" class=\"elementor-field elementor-size-md  elementor-field-textual\" placeholder=\"\u0130sim\" required=\"required\">\n\t\t\t\t\t\t\t\t\t\t\t<\/div>\n\t\t\t\t\t\t\t\t<div class=\"elementor-field-type-email elementor-field-group elementor-column elementor-field-group-email elementor-col-100 elementor-md-50 elementor-field-required\">\n\t\t\t\t\t\t\t\t\t\t\t\t<label for=\"form-field-email\" class=\"elementor-field-label elementor-screen-only\">\n\t\t\t\t\t\t\t\tE-posta\t\t\t\t\t\t\t<\/label>\n\t\t\t\t\t\t\t\t\t\t\t\t\t\t<input size=\"1\" type=\"email\" name=\"form_fields[email]\" id=\"form-field-email\" class=\"elementor-field elementor-size-md  elementor-field-textual\" placeholder=\"E-posta\" required=\"required\">\n\t\t\t\t\t\t\t\t\t\t\t<\/div>\n\t\t\t\t\t\t\t\t<div class=\"elementor-field-type-tel elementor-field-group elementor-column elementor-field-group-field_5057311 elementor-col-100 elementor-md-50 elementor-field-required\">\n\t\t\t\t\t\t\t\t\t\t\t\t<label for=\"form-field-field_5057311\" class=\"elementor-field-label elementor-screen-only\">\n\t\t\t\t\t\t\t\tTelefon\t\t\t\t\t\t\t<\/label>\n\t\t\t\t\t\t\t\t<input size=\"1\" type=\"tel\" name=\"form_fields[field_5057311]\" id=\"form-field-field_5057311\" class=\"elementor-field elementor-size-md  elementor-field-textual\" placeholder=\"Telefon\" required=\"required\" pattern=\"[0-9()#&amp;+*-=.]+\" title=\"Only numbers and phone characters (#, -, *, etc) are accepted.\">\n\n\t\t\t\t\t\t<\/div>\n\t\t\t\t\t\t\t\t<div class=\"elementor-field-type-textarea elementor-field-group elementor-column elementor-field-group-field_71766c7 elementor-col-100\">\n\t\t\t\t\t\t\t\t\t\t\t\t<label for=\"form-field-field_71766c7\" class=\"elementor-field-label elementor-screen-only\">\n\t\t\t\t\t\t\t\tMesaj\t\t\t\t\t\t\t<\/label>\n\t\t\t\t\t\t<textarea class=\"elementor-field-textual elementor-field  elementor-size-md\" name=\"form_fields[field_71766c7]\" id=\"form-field-field_71766c7\" rows=\"4\" placeholder=\"Mesaj\"><\/textarea>\t\t\t\t<\/div>\n\t\t\t\t\t\t\t\t<div class=\"elementor-field-type-acceptance elementor-field-group elementor-column elementor-field-group-field_14e98f5 elementor-col-100\">\n\t\t\t\t\t\t\t\t\t\t\t\t<label for=\"form-field-field_14e98f5\" class=\"elementor-field-label elementor-screen-only\">\n\t\t\t\t\t\t\t\tKabullenme\t\t\t\t\t\t\t<\/label>\n\t\t\t\t\t\t\t\t<div class=\"elementor-field-subgroup\">\n\t\t\t<span class=\"elementor-field-option\">\n\t\t\t\t<input type=\"checkbox\" name=\"form_fields[field_14e98f5]\" id=\"form-field-field_14e98f5\" class=\"elementor-field elementor-size-md  elementor-acceptance-field\">\n\t\t\t\t<label for=\"form-field-field_14e98f5\">Yasal ko\u015fullar\u0131 ve gizlilik  <a href=\"https:\/\/nuevo.symaga.com\/politica-de-privacidad\/\">politikas\u0131n\u0131 okudum ve kabul ediyorum.<\/a><\/label>\t\t\t<\/span>\n\t\t<\/div>\n\t\t\t\t\t\t<\/div>\n\t\t\t\t\t\t\t\t<div class=\"elementor-field-type-recaptcha_v3 elementor-field-group elementor-column elementor-field-group-field_e9f3e3d elementor-col-100 recaptcha_v3-bottomright\">\n\t\t\t\t\t<div class=\"elementor-field\" id=\"form-field-field_e9f3e3d\"><div class=\"elementor-g-recaptcha\" data-sitekey=\"6Leuv3cqAAAAANxbSFgI1d7GUpOsmTQ6yR2JWYgC\" data-type=\"v3\" data-action=\"Form\" data-badge=\"bottomright\" data-size=\"invisible\"><\/div><\/div>\t\t\t\t<\/div>\n\t\t\t\t\t\t\t\t<div class=\"elementor-field-group elementor-column elementor-field-type-submit elementor-col-100 e-form__buttons elementor-md-100\">\n\t\t\t\t\t<button class=\"elementor-button elementor-size-md\" type=\"submit\">\n\t\t\t\t\t\t<span class=\"elementor-button-content-wrapper\">\n\t\t\t\t\t\t\t\t\t\t\t\t\t\t\t\t\t\t\t\t\t\t<span class=\"elementor-button-text\">G\u00d6NDER<\/span>\n\t\t\t\t\t\t\t\t\t\t\t\t\t<\/span>\n\t\t\t\t\t<\/button>\n\t\t\t\t<\/div>\n\t\t\t<\/div>\n\t\t<\/form>\n\t\t\t\t\t\t<\/div>\n\t\t\t\t<\/div>\n\t\t\t\t\t<\/div>\n\t\t\t\t<\/div>\n\t\t\t\t<\/div>\n\t\t","protected":false},"excerpt":{"rendered":"<p>Motivasyon ve iyi i\u015f el ele gider BI\u0307ZI\u0307MLE \u00c7ALI\u015eIN \u015eirketteki de\u011ferlerinin fark\u0131nda olan \u00e7al\u0131\u015fma arkada\u015flar\u0131m\u0131zla yak\u0131n ili\u015fki i\u00e7inde olan bir aile \u015firketiyiz. B\u00fcy\u00fcme E\u011fitim yoluyla mesleki geli\u015fimi te\u015fvik ediyoruz ve \u015firket i\u00e7i terfi, projeye kat\u0131l\u0131m\u0131 art\u0131r\u0131yor. Symaga&#8217;n\u0131n ustaba\u015f\u0131 ve ekip liderlerinin b\u00fcy\u00fck bir y\u00fczdesi \u015firket i\u00e7i terfiden kaynaklanmaktad\u0131r. 2021 y\u0131l\u0131nda, y\u0131ll\u0131k E\u011fitim plan\u0131, \u015firkette sunulan [&hellip;]<\/p>\n","protected":false},"author":1,"featured_media":0,"parent":0,"menu_order":0,"comment_status":"closed","ping_status":"closed","template":"","meta":{"footnotes":""},"class_list":["post-42355","page","type-page","status-publish","hentry"],"_links":{"self":[{"href":"https:\/\/www.symaga.com\/tr\/wp-json\/wp\/v2\/pages\/42355","targetHints":{"allow":["GET"]}}],"collection":[{"href":"https:\/\/www.symaga.com\/tr\/wp-json\/wp\/v2\/pages"}],"about":[{"href":"https:\/\/www.symaga.com\/tr\/wp-json\/wp\/v2\/types\/page"}],"author":[{"embeddable":true,"href":"https:\/\/www.symaga.com\/tr\/wp-json\/wp\/v2\/users\/1"}],"replies":[{"embeddable":true,"href":"https:\/\/www.symaga.com\/tr\/wp-json\/wp\/v2\/comments?post=42355"}],"version-history":[{"count":8,"href":"https:\/\/www.symaga.com\/tr\/wp-json\/wp\/v2\/pages\/42355\/revisions"}],"predecessor-version":[{"id":62151,"href":"https:\/\/www.symaga.com\/tr\/wp-json\/wp\/v2\/pages\/42355\/revisions\/62151"}],"wp:attachment":[{"href":"https:\/\/www.symaga.com\/tr\/wp-json\/wp\/v2\/media?parent=42355"}],"curies":[{"name":"wp","href":"https:\/\/api.w.org\/{rel}","templated":true}]}}