{"id":42404,"date":"2024-10-21T12:06:23","date_gmt":"2024-10-21T10:06:23","guid":{"rendered":"https:\/\/www.symaga.com\/ar-gei\/"},"modified":"2024-10-21T12:06:24","modified_gmt":"2024-10-21T10:06:24","slug":"ar-gei","status":"publish","type":"page","link":"https:\/\/www.symaga.com\/tr\/ar-gei\/","title":{"rendered":"AR-GE&#038;I"},"content":{"rendered":"\t\t<div data-elementor-type=\"wp-page\" data-elementor-id=\"42404\" class=\"elementor elementor-42404 elementor-41738\" data-elementor-post-type=\"page\">\n\t\t\t\t<div class=\"elementor-element elementor-element-e71a20b e-con-full e-flex e-con e-parent\" data-id=\"e71a20b\" data-element_type=\"container\" data-settings=\"{&quot;background_background&quot;:&quot;classic&quot;,&quot;shape_divider_bottom&quot;:&quot;triangle-asymmetrical&quot;,&quot;shape_divider_bottom_negative&quot;:&quot;yes&quot;}\">\n\t\t\t\t<div class=\"elementor-shape elementor-shape-bottom\" aria-hidden=\"true\" data-negative=\"true\">\n\t\t\t<svg xmlns=\"http:\/\/www.w3.org\/2000\/svg\" viewBox=\"0 0 1000 100\" preserveAspectRatio=\"none\">\n\t<path class=\"elementor-shape-fill\" d=\"M737.9,94.7L0,0v100h1000V0L737.9,94.7z\"\/>\n<\/svg>\t\t<\/div>\n\t\t\t\t<\/div>\n\t\t<div class=\"elementor-element elementor-element-be5f769 e-flex e-con-boxed e-con e-parent\" data-id=\"be5f769\" data-element_type=\"container\">\n\t\t\t\t\t<div class=\"e-con-inner\">\n\t\t<div class=\"elementor-element elementor-element-7b84f71 e-con-full e-flex e-con e-child\" data-id=\"7b84f71\" data-element_type=\"container\">\n\t\t\t\t<div class=\"elementor-element elementor-element-685b375 elementor-widget elementor-widget-heading\" data-id=\"685b375\" data-element_type=\"widget\" data-widget_type=\"heading.default\">\n\t\t\t\t<div class=\"elementor-widget-container\">\n\t\t\t\t\t<h1 class=\"elementor-heading-title elementor-size-default\">AR-GE&amp;I<\/h1>\t\t\t\t<\/div>\n\t\t\t\t<\/div>\n\t\t\t\t<div class=\"elementor-element elementor-element-af2e1d7 elementor-widget elementor-widget-text-editor\" data-id=\"af2e1d7\" data-element_type=\"widget\" data-widget_type=\"text-editor.default\">\n\t\t\t\t<div class=\"elementor-widget-container\">\n\t\t\t\t\t\t\t\t\t<p>\u00dcr\u00fcnlerimizin iyile\u015ftirilmesi ve geli\u015ftirilmesi, \u00fcr\u00fcnlerimizi m\u00fckemmelle\u015ftirmek i\u00e7in i\u015fbirli\u011fi yap\u0131lmas\u0131n\u0131 sa\u011flayan m\u00fc\u015fteriler ve tedarik\u00e7ilerle g\u00fc\u00e7l\u00fc ili\u015fkilere dayanmaktad\u0131r.<\/p>\n\t\t\t\t\t\t\t\t<\/div>\n\t\t\t\t<\/div>\n\t\t\t\t<\/div>\n\t\t\t\t\t<\/div>\n\t\t\t\t<\/div>\n\t\t<div class=\"elementor-element elementor-element-01c34a6 e-flex e-con-boxed e-con e-parent\" data-id=\"01c34a6\" data-element_type=\"container\">\n\t\t\t\t\t<div class=\"e-con-inner\">\n\t\t\t\t\t<\/div>\n\t\t\t\t<\/div>\n\t\t\t\t<\/div>\n\t\t","protected":false},"excerpt":{"rendered":"<p>AR-GE&#038;I \u00dcr\u00fcnlerimizin iyile\u015ftirilmesi ve geli\u015ftirilmesi, \u00fcr\u00fcnlerimizi m\u00fckemmelle\u015ftirmek i\u00e7in i\u015fbirli\u011fi yap\u0131lmas\u0131n\u0131 sa\u011flayan m\u00fc\u015fteriler ve tedarik\u00e7ilerle g\u00fc\u00e7l\u00fc ili\u015fkilere dayanmaktad\u0131r.<\/p>\n","protected":false},"author":1,"featured_media":0,"parent":0,"menu_order":0,"comment_status":"closed","ping_status":"closed","template":"","meta":{"footnotes":""},"class_list":["post-42404","page","type-page","status-publish","hentry"],"_links":{"self":[{"href":"https:\/\/www.symaga.com\/tr\/wp-json\/wp\/v2\/pages\/42404","targetHints":{"allow":["GET"]}}],"collection":[{"href":"https:\/\/www.symaga.com\/tr\/wp-json\/wp\/v2\/pages"}],"about":[{"href":"https:\/\/www.symaga.com\/tr\/wp-json\/wp\/v2\/types\/page"}],"author":[{"embeddable":true,"href":"https:\/\/www.symaga.com\/tr\/wp-json\/wp\/v2\/users\/1"}],"replies":[{"embeddable":true,"href":"https:\/\/www.symaga.com\/tr\/wp-json\/wp\/v2\/comments?post=42404"}],"version-history":[{"count":1,"href":"https:\/\/www.symaga.com\/tr\/wp-json\/wp\/v2\/pages\/42404\/revisions"}],"predecessor-version":[{"id":42405,"href":"https:\/\/www.symaga.com\/tr\/wp-json\/wp\/v2\/pages\/42404\/revisions\/42405"}],"wp:attachment":[{"href":"https:\/\/www.symaga.com\/tr\/wp-json\/wp\/v2\/media?parent=42404"}],"curies":[{"name":"wp","href":"https:\/\/api.w.org\/{rel}","templated":true}]}}